{"id":746507,"date":"2025-08-28T02:43:59","date_gmt":"2025-08-27T23:43:59","guid":{"rendered":"https:\/\/roveyayinevi.com.tr\/index.php\/urun\/komik-mi\/"},"modified":"2026-04-16T02:58:56","modified_gmt":"2026-04-15T23:58:56","slug":"komik-mi","status":"publish","type":"product","link":"https:\/\/roveyayinevi.com.tr\/index.php\/urun\/komik-mi\/","title":{"rendered":"Komik mi?"},"content":{"rendered":"<p>Asu \u00e7ok heyecanl\u0131, birazc\u0131k da tela\u015fl\u0131&#8230;Her zaman oldu\u011fu gibi bu sabah da &#8220;muhte\u015fen&#8221; bir fikri var. Babas\u0131n\u0131n do\u011fum g\u00fcn\u00fc i\u00e7in annesinden de yard\u0131m alarak bir s\u00fcrpriz haz\u0131rlayacak. Ama bir dakika, annesi neden bu kadar &#8220;komiklendi&#8221; \u015fimdi?  Tatl\u0131 konu\u015fmas\u0131yla Asu&#8217;nun maceras\u0131 sizleri bekliyor! <\/p>\n","protected":false},"excerpt":{"rendered":"<p>Asu \u00e7ok heyecanl\u0131, birazc\u0131k da tela\u015fl\u0131&#8230;Her zaman oldu\u011fu gibi bu sabah da &#8220;muhte\u015fen&#8221; bir fikri var. Babas\u0131n\u0131n do\u011fum g\u00fcn\u00fc i\u00e7in annesinden de yard\u0131m alarak bir s\u00fcrpriz<span class=\"excerpt-hellip\"> [\u2026]<\/span><\/p>\n","protected":false},"featured_media":0,"template":"","meta":{"_monsterinsights_skip_tracking":false,"_monsterinsights_sitenote_active":false,"_monsterinsights_sitenote_note":"","_monsterinsights_sitenote_category":0},"product_brand":[],"product_cat":[12913,12274],"product_tag":[],"class_list":{"0":"post-746507","1":"product","2":"type-product","3":"status-publish","5":"product_cat-3-6-yas-kitaplari","6":"product_cat-cocuk-ve-genclik-kitaplari","7":"pa_cilt-ciltsiz","8":"pa_tur-kitap","9":"pa_yayinevi-ketebe-yayinlari","10":"pa_yazar-ceylan-tas","12":"first","13":"instock","14":"sale","15":"shipping-taxable","16":"purchasable","17":"product-type-simple"},"_links":{"self":[{"href":"https:\/\/roveyayinevi.com.tr\/index.php\/wp-json\/wp\/v2\/product\/746507","targetHints":{"allow":["GET"]}}],"collection":[{"href":"https:\/\/roveyayinevi.com.tr\/index.php\/wp-json\/wp\/v2\/product"}],"about":[{"href":"https:\/\/roveyayinevi.com.tr\/index.php\/wp-json\/wp\/v2\/types\/product"}],"wp:attachment":[{"href":"https:\/\/roveyayinevi.com.tr\/index.php\/wp-json\/wp\/v2\/media?parent=746507"}],"wp:term":[{"taxonomy":"product_brand","embeddable":true,"href":"https:\/\/roveyayinevi.com.tr\/index.php\/wp-json\/wp\/v2\/product_brand?post=746507"},{"taxonomy":"product_cat","embeddable":true,"href":"https:\/\/roveyayinevi.com.tr\/index.php\/wp-json\/wp\/v2\/product_cat?post=746507"},{"taxonomy":"product_tag","embeddable":true,"href":"https:\/\/roveyayinevi.com.tr\/index.php\/wp-json\/wp\/v2\/product_tag?post=746507"}],"curies":[{"name":"wp","href":"https:\/\/api.w.org\/{rel}","templated":true}]}}