{"id":746506,"date":"2025-08-28T02:43:58","date_gmt":"2025-08-27T23:43:58","guid":{"rendered":"https:\/\/roveyayinevi.com.tr\/index.php\/urun\/alfabetik-resimli-ingilizce-sozcukler\/"},"modified":"2026-04-16T02:58:56","modified_gmt":"2026-04-15T23:58:56","slug":"alfabetik-resimli-ingilizce-sozcukler","status":"publish","type":"product","link":"https:\/\/roveyayinevi.com.tr\/index.php\/urun\/alfabetik-resimli-ingilizce-sozcukler\/","title":{"rendered":"Alfabetik Resimli \u0130ngilizce S\u00f6zc\u00fckler"},"content":{"rendered":"<p>\u0130ngilizce-\u0130ngilizce S\u00f6zl\u00fck \u0130ngilizce a\u00e7\u0131klamalar \u0130ngilizce \u00f6rnek c\u00fcmleler 1.216 \u0130ngilizce s\u00f6zc\u00fck ve resim \u0130ngilizce-\u0130ngilizce s\u00f6zl\u00fck \u00f6zelli\u011finde olan Alfabetik Resimli \u0130ngilizce S\u00f6zc\u00fckler, \u00e7ocuklar\u0131n dil e\u011fitimine katk\u0131 sa\u011flamak amac\u0131yla titizlikle haz\u0131rland\u0131. S\u00f6zc\u00fcklerin \u0130ngilizce a\u00e7\u0131klamalar\u0131n\u0131 bar\u0131nd\u0131ran kitapta, anlam\u0131 peki\u015ftirmek amac\u0131yla \u0130ngilizce \u00f6rnek c\u00fcmlelere de yer verildi. Harflerin yerini g\u00f6steren kulakl\u0131 sayfalar, \u00e7ocuklar\u0131n kitab\u0131 kolayl\u0131kla kullanabilmesini sa\u011fl\u0131yor. Canl\u0131 ve renkli resimler sayesinde s\u00f6zc\u00fckler \u00e7ocuklar\u0131n haf\u0131zas\u0131nda daha iyi yer ediyor. Renkli ve kullan\u0131m\u0131 kolay tasar\u0131m\u0131yla Alfabetik Resimli \u0130ngilizce S\u00f6zc\u00fckler, \u00e7ocuklar\u0131n ba\u015fucundan ay\u0131rmayacaklar\u0131 \u00f6nemli bir yard\u0131mc\u0131 kaynak niteli\u011finde.<\/p>\n","protected":false},"excerpt":{"rendered":"<p>\u0130ngilizce-\u0130ngilizce S\u00f6zl\u00fck \u0130ngilizce a\u00e7\u0131klamalar \u0130ngilizce \u00f6rnek c\u00fcmleler 1.216 \u0130ngilizce s\u00f6zc\u00fck ve resim \u0130ngilizce-\u0130ngilizce s\u00f6zl\u00fck \u00f6zelli\u011finde olan Alfabetik Resimli \u0130ngilizce S\u00f6zc\u00fckler, \u00e7ocuklar\u0131n dil e\u011fitimine katk\u0131 sa\u011flamak amac\u0131yla<span class=\"excerpt-hellip\"> [\u2026]<\/span><\/p>\n","protected":false},"featured_media":0,"template":"","meta":{"_monsterinsights_skip_tracking":false,"_monsterinsights_sitenote_active":false,"_monsterinsights_sitenote_note":"","_monsterinsights_sitenote_category":0},"product_brand":[],"product_cat":[12274,15842],"product_tag":[],"class_list":{"0":"post-746506","1":"product","2":"type-product","3":"status-publish","5":"product_cat-cocuk-ve-genclik-kitaplari","6":"product_cat-egitici-kitaplar","7":"pa_cilt-ciltsiz","8":"pa_tur-kitap","9":"pa_yayinevi-mavi-kelebek-yayinlari","10":"pa_yazar-jo-litchfield","12":"first","13":"instock","14":"sale","15":"shipping-taxable","16":"purchasable","17":"product-type-simple"},"_links":{"self":[{"href":"https:\/\/roveyayinevi.com.tr\/index.php\/wp-json\/wp\/v2\/product\/746506","targetHints":{"allow":["GET"]}}],"collection":[{"href":"https:\/\/roveyayinevi.com.tr\/index.php\/wp-json\/wp\/v2\/product"}],"about":[{"href":"https:\/\/roveyayinevi.com.tr\/index.php\/wp-json\/wp\/v2\/types\/product"}],"wp:attachment":[{"href":"https:\/\/roveyayinevi.com.tr\/index.php\/wp-json\/wp\/v2\/media?parent=746506"}],"wp:term":[{"taxonomy":"product_brand","embeddable":true,"href":"https:\/\/roveyayinevi.com.tr\/index.php\/wp-json\/wp\/v2\/product_brand?post=746506"},{"taxonomy":"product_cat","embeddable":true,"href":"https:\/\/roveyayinevi.com.tr\/index.php\/wp-json\/wp\/v2\/product_cat?post=746506"},{"taxonomy":"product_tag","embeddable":true,"href":"https:\/\/roveyayinevi.com.tr\/index.php\/wp-json\/wp\/v2\/product_tag?post=746506"}],"curies":[{"name":"wp","href":"https:\/\/api.w.org\/{rel}","templated":true}]}}