{"id":746504,"date":"2025-08-28T02:43:55","date_gmt":"2025-08-27T23:43:55","guid":{"rendered":"https:\/\/roveyayinevi.com.tr\/index.php\/urun\/benim-adim-dele-alli\/"},"modified":"2026-04-16T02:58:56","modified_gmt":"2026-04-15T23:58:56","slug":"benim-adim-dele-alli","status":"publish","type":"product","link":"https:\/\/roveyayinevi.com.tr\/index.php\/urun\/benim-adim-dele-alli\/","title":{"rendered":"Benim Ad\u0131m Dele Alli"},"content":{"rendered":"<p>Unutulmaz gollerin sahibi: Dele Alli Dele Alli, \u0130ngiltere\u2019nin en iyi gen\u00e7 orta saha oyuncular\u0131ndan biri. Hen\u00fcz 11 ya\u015f\u0131ndayken girdi\u011fi Milton Keynes Dons gen\u00e7 tak\u0131m\u0131nda y\u00fckselmeyi ba\u015fard\u0131 ve 2015\u2019te, 5 milyon sterlin kar\u015f\u0131l\u0131\u011f\u0131nda Tottenham Hotspur\u2019a transfer oldu. Bu kitapta, d\u00fcnyan\u0131n en iyi yetenekleri aras\u0131nda say\u0131lan Dele Alli\u2019nin ilham veren ya\u015fam \u00f6yk\u00fcs\u00fcn\u00fc bulacaks\u0131n\u0131z. <\/p>\n","protected":false},"excerpt":{"rendered":"<p>Unutulmaz gollerin sahibi: Dele Alli Dele Alli, \u0130ngiltere\u2019nin en iyi gen\u00e7 orta saha oyuncular\u0131ndan biri. Hen\u00fcz 11 ya\u015f\u0131ndayken girdi\u011fi Milton Keynes Dons gen\u00e7 tak\u0131m\u0131nda y\u00fckselmeyi ba\u015fard\u0131<span class=\"excerpt-hellip\"> [\u2026]<\/span><\/p>\n","protected":false},"featured_media":0,"template":"","meta":{"_monsterinsights_skip_tracking":false,"_monsterinsights_sitenote_active":false,"_monsterinsights_sitenote_note":"","_monsterinsights_sitenote_category":0},"product_brand":[],"product_cat":[12274,12631],"product_tag":[],"class_list":{"0":"post-746504","1":"product","2":"type-product","3":"status-publish","5":"product_cat-cocuk-ve-genclik-kitaplari","6":"product_cat-diger-cocuk-ve-genclik-kitaplari","7":"pa_cilt-ciltsiz","8":"pa_tur-kitap","9":"pa_yayinevi-beyaz-balina-yayinlari","10":"pa_yazar-matt-oldfield-tom-oldfield","12":"first","13":"instock","14":"sale","15":"shipping-taxable","16":"purchasable","17":"product-type-simple"},"_links":{"self":[{"href":"https:\/\/roveyayinevi.com.tr\/index.php\/wp-json\/wp\/v2\/product\/746504","targetHints":{"allow":["GET"]}}],"collection":[{"href":"https:\/\/roveyayinevi.com.tr\/index.php\/wp-json\/wp\/v2\/product"}],"about":[{"href":"https:\/\/roveyayinevi.com.tr\/index.php\/wp-json\/wp\/v2\/types\/product"}],"wp:attachment":[{"href":"https:\/\/roveyayinevi.com.tr\/index.php\/wp-json\/wp\/v2\/media?parent=746504"}],"wp:term":[{"taxonomy":"product_brand","embeddable":true,"href":"https:\/\/roveyayinevi.com.tr\/index.php\/wp-json\/wp\/v2\/product_brand?post=746504"},{"taxonomy":"product_cat","embeddable":true,"href":"https:\/\/roveyayinevi.com.tr\/index.php\/wp-json\/wp\/v2\/product_cat?post=746504"},{"taxonomy":"product_tag","embeddable":true,"href":"https:\/\/roveyayinevi.com.tr\/index.php\/wp-json\/wp\/v2\/product_tag?post=746504"}],"curies":[{"name":"wp","href":"https:\/\/api.w.org\/{rel}","templated":true}]}}