{"id":746500,"date":"2025-08-28T02:43:49","date_gmt":"2025-08-27T23:43:49","guid":{"rendered":"https:\/\/roveyayinevi.com.tr\/index.php\/urun\/cantamdaki-kamp-arkadasim\/"},"modified":"2026-04-13T03:05:24","modified_gmt":"2026-04-13T00:05:24","slug":"cantamdaki-kamp-arkadasim","status":"publish","type":"product","link":"https:\/\/roveyayinevi.com.tr\/index.php\/urun\/cantamdaki-kamp-arkadasim\/","title":{"rendered":"\u00c7antamdaki Kamp Arkada\u015f\u0131m"},"content":{"rendered":"<p>Haftalard\u0131r kamp yapman\u0131n hayalini kuruyor Sinan! Do\u011fay\u0131 ke\u015ffetmek yeteri kadar heyecan vericiyken, s\u00fcrpriz bir arkada\u015f, kampta ona e\u015flik ederse ne mi olur? A\u011fa\u00e7lar\u0131, do\u011fay\u0131, y\u0131ld\u0131zlar\u0131 ke\u015ffetti\u011fi kamp maceras\u0131, \u00e7antas\u0131ndaki kamp arkada\u015f\u0131 ile Sinan\u2019a masals\u0131 bir yolculu\u011fun kap\u0131lar\u0131n\u0131 aral\u0131yor.   Bazen bir \u00e7\u0131nar a\u011fac\u0131 hik\u00e2yesine e\u015flik ediyor, bazense bir ceviz a\u011fac\u0131\u2026   Sinan ve \u00e7antas\u0131ndaki kamp arkada\u015f\u0131, do\u011fan\u0131n mucizelerini kucaklamak ile yetinmiyorlar. Ayr\u0131ca toplad\u0131klar\u0131 do\u011fal malzemeler ile kendi masallar\u0131n\u0131 yazmaya devam ediyorlar.   Mediha Helvac\u0131o\u011flu, a\u011fa\u00e7 t\u00fcrlerine ili\u015fkin temel \u00f6zellikleri, masals\u0131 bir dille \u00e7ocuklara anlat\u0131rken, kozalak, ceviz kabu\u011fu gibi do\u011fal malzemelerle yapabilecekleri etkinlikleri de okur ile payla\u015f\u0131yor. Sinan ve kamp arkada\u015f\u0131n\u0131n maceras\u0131, keyifli bir \u00f6yk\u00fc olmakla kalmay\u0131p, \u00f6nerdi\u011fi yarat\u0131c\u0131\/e\u011flenceli etkinlikler ile \u00e7ocuklara yarat\u0131c\u0131l\u0131k becerilerini kullanabilecekleri bir deneyim sunuyor.<\/p>\n","protected":false},"excerpt":{"rendered":"<p>Haftalard\u0131r kamp yapman\u0131n hayalini kuruyor Sinan! Do\u011fay\u0131 ke\u015ffetmek yeteri kadar heyecan vericiyken, s\u00fcrpriz bir arkada\u015f, kampta ona e\u015flik ederse ne mi olur? A\u011fa\u00e7lar\u0131, do\u011fay\u0131, y\u0131ld\u0131zlar\u0131 ke\u015ffetti\u011fi<span class=\"excerpt-hellip\"> [\u2026]<\/span><\/p>\n","protected":false},"featured_media":0,"template":"","meta":{"_monsterinsights_skip_tracking":false,"_monsterinsights_sitenote_active":false,"_monsterinsights_sitenote_note":"","_monsterinsights_sitenote_category":0},"product_brand":[],"product_cat":[12274,12284],"product_tag":[],"class_list":{"0":"post-746500","1":"product","2":"type-product","3":"status-publish","5":"product_cat-cocuk-ve-genclik-kitaplari","6":"product_cat-hikayeler","7":"pa_cilt-ciltsiz","8":"pa_tur-kitap","9":"pa_yayinevi-luna-cocuk-yayinlari","10":"pa_yazar-mediha-helvacioglu","12":"first","13":"instock","14":"sale","15":"shipping-taxable","16":"purchasable","17":"product-type-simple"},"_links":{"self":[{"href":"https:\/\/roveyayinevi.com.tr\/index.php\/wp-json\/wp\/v2\/product\/746500","targetHints":{"allow":["GET"]}}],"collection":[{"href":"https:\/\/roveyayinevi.com.tr\/index.php\/wp-json\/wp\/v2\/product"}],"about":[{"href":"https:\/\/roveyayinevi.com.tr\/index.php\/wp-json\/wp\/v2\/types\/product"}],"wp:attachment":[{"href":"https:\/\/roveyayinevi.com.tr\/index.php\/wp-json\/wp\/v2\/media?parent=746500"}],"wp:term":[{"taxonomy":"product_brand","embeddable":true,"href":"https:\/\/roveyayinevi.com.tr\/index.php\/wp-json\/wp\/v2\/product_brand?post=746500"},{"taxonomy":"product_cat","embeddable":true,"href":"https:\/\/roveyayinevi.com.tr\/index.php\/wp-json\/wp\/v2\/product_cat?post=746500"},{"taxonomy":"product_tag","embeddable":true,"href":"https:\/\/roveyayinevi.com.tr\/index.php\/wp-json\/wp\/v2\/product_tag?post=746500"}],"curies":[{"name":"wp","href":"https:\/\/api.w.org\/{rel}","templated":true}]}}