{"id":746494,"date":"2025-08-28T02:43:41","date_gmt":"2025-08-27T23:43:41","guid":{"rendered":"https:\/\/roveyayinevi.com.tr\/index.php\/urun\/maske-ve-keles\/"},"modified":"2026-04-16T02:58:55","modified_gmt":"2026-04-15T23:58:55","slug":"maske-ve-keles","status":"publish","type":"product","link":"https:\/\/roveyayinevi.com.tr\/index.php\/urun\/maske-ve-keles\/","title":{"rendered":"Maske ve Kele\u015f"},"content":{"rendered":"<p>D\u00fczensiz Sava\u015f y\u00f6ntemleri uygulayan d\u00fc\u015fmanlar, t\u00fcm d\u00fcnyada \u00f6zg\u00fcrl\u00fck ve demokrasi y\u00f6n\u00fcndeki kazan\u0131mlar\u0131 geriye g\u00f6t\u00fcrmek i\u00e7in b\u0131kmadan \u00e7abal\u0131yorlar. Devletlerle devlet d\u0131\u015f\u0131 d\u00fczensiz d\u00fc\u015fmanlar aras\u0131ndaki bu m\u00fccadaleyi uzun vadede hangi taraf\u0131n kazanaca\u011f\u0131 ise devletlerin \u00f6zg\u00fcrl\u00fck ve demokrasi lehine g\u00f6sterecekleri siyasi performanslar\u0131yla yak\u0131ndan ili\u015fkilidir. <\/p>\n","protected":false},"excerpt":{"rendered":"<p>D\u00fczensiz Sava\u015f y\u00f6ntemleri uygulayan d\u00fc\u015fmanlar, t\u00fcm d\u00fcnyada \u00f6zg\u00fcrl\u00fck ve demokrasi y\u00f6n\u00fcndeki kazan\u0131mlar\u0131 geriye g\u00f6t\u00fcrmek i\u00e7in b\u0131kmadan \u00e7abal\u0131yorlar. Devletlerle devlet d\u0131\u015f\u0131 d\u00fczensiz d\u00fc\u015fmanlar aras\u0131ndaki bu m\u00fccadaleyi uzun<span class=\"excerpt-hellip\"> [\u2026]<\/span><\/p>\n","protected":false},"featured_media":0,"template":"","meta":{"_monsterinsights_skip_tracking":false,"_monsterinsights_sitenote_active":false,"_monsterinsights_sitenote_note":"","_monsterinsights_sitenote_category":0},"product_brand":[],"product_cat":[13059,12337],"product_tag":[],"class_list":{"0":"post-746494","1":"product","2":"type-product","3":"status-publish","5":"product_cat-diger-politika-siyaset","6":"product_cat-politika-siyaset","7":"pa_cilt-ciltsiz","8":"pa_tur-kitap","9":"pa_yayinevi-yeditepe-yayinevi","10":"pa_yazar-ozgur-korpe","12":"first","13":"instock","14":"sale","15":"shipping-taxable","16":"purchasable","17":"product-type-simple"},"_links":{"self":[{"href":"https:\/\/roveyayinevi.com.tr\/index.php\/wp-json\/wp\/v2\/product\/746494","targetHints":{"allow":["GET"]}}],"collection":[{"href":"https:\/\/roveyayinevi.com.tr\/index.php\/wp-json\/wp\/v2\/product"}],"about":[{"href":"https:\/\/roveyayinevi.com.tr\/index.php\/wp-json\/wp\/v2\/types\/product"}],"wp:attachment":[{"href":"https:\/\/roveyayinevi.com.tr\/index.php\/wp-json\/wp\/v2\/media?parent=746494"}],"wp:term":[{"taxonomy":"product_brand","embeddable":true,"href":"https:\/\/roveyayinevi.com.tr\/index.php\/wp-json\/wp\/v2\/product_brand?post=746494"},{"taxonomy":"product_cat","embeddable":true,"href":"https:\/\/roveyayinevi.com.tr\/index.php\/wp-json\/wp\/v2\/product_cat?post=746494"},{"taxonomy":"product_tag","embeddable":true,"href":"https:\/\/roveyayinevi.com.tr\/index.php\/wp-json\/wp\/v2\/product_tag?post=746494"}],"curies":[{"name":"wp","href":"https:\/\/api.w.org\/{rel}","templated":true}]}}