{"id":746493,"date":"2025-08-28T02:43:40","date_gmt":"2025-08-27T23:43:40","guid":{"rendered":"https:\/\/roveyayinevi.com.tr\/index.php\/urun\/ana-hatlariyla-islam-tarihi\/"},"modified":"2026-04-16T02:58:55","modified_gmt":"2026-04-15T23:58:55","slug":"ana-hatlariyla-islam-tarihi","status":"publish","type":"product","link":"https:\/\/roveyayinevi.com.tr\/index.php\/urun\/ana-hatlariyla-islam-tarihi\/","title":{"rendered":"Ana Hatlar\u0131yla \u0130slam Tarihi"},"content":{"rendered":"<p>Hira Ma\u011faras\u0131\u2019nda Hz. Peygamber\u2019e ilk vahyin n\u00fczul\u00fc ile ba\u015flayan \u0130slamiyet\u2019in ser\u00fcveni, 622 y\u0131l\u0131ndaki Hicret ile bamba\u015fka bir mecraya ta\u015f\u0131nm\u0131\u015ft\u0131r. \u00d6yle ki Med\u00eene merkezli kurulan \u0130slam Devleti\u2019yle birlikte yeni dinin tebli\u011fi \u00e7ok daha h\u0131zl\u0131 \u015fekilde yay\u0131lma imk\u00e2n\u0131 bulmu\u015ftur. Hz. Peygamber\u2019in vefat\u0131 s\u0131ras\u0131nda b\u00fct\u00fcn Arabistan\u2019\u0131 kontrol etmekte olan bu te\u015fekk\u00fcl daha sonras\u0131nda onun hal\u00eefelerinin eliyle Avrupa, Asya ve Afrika\u2019da geni\u015f co\u011frafyalarda egemen olmu\u015ftur. D\u00f6rt Halifeler ve Emev\u00eeler d\u00f6nemlerinde b\u00fct\u00fcnl\u00fck arz eden \u0130slam Devleti\u2019nde Abb\u00e2s\u00eelerin iktidar\u0131yla birlikte \u00e7\u00f6z\u00fclmeler ba\u015flam\u0131\u015ft\u0131r. \u00d6zellikle de IX. y\u00fczy\u0131l itibar\u0131yla h\u0131zlanan bu geli\u015fmeye ra\u011fmen M\u00fcsl\u00fcman toplumlar\u0131n tarihi Mo\u011follar\u0131n 1258\u2019de Ba\u011fd\u00e2d\u2019\u0131 i\u015fgaline kadar genelde hil\u00e2fet kavram\u0131 etraf\u0131nda \u015fekillenmi\u015ftir. Bu tarihin bir di\u011fer ana y\u00f6nlendiricisi de yeni dini kabullerinden itibaren T\u00fcrkler olmu\u015ftur. \u00c7al\u0131\u015fmam\u0131z; \u0130slamiyet \u00f6ncesi d\u00f6nem, Hz. Peygamber ile halifelerin y\u00f6netimindeki \u0130slam Devleti\u2019nin tarihiyle ba\u015flamaktad\u0131r. Sonras\u0131nda i\u00e7erisinde T\u00fcrkler, \u0130ranl\u0131lar ile di\u011fer unsurlar\u0131n yer ald\u0131\u011f\u0131 M\u00fcsl\u00fcman devletlerin tarihi \u00fczerine yo\u011funla\u015f\u0131lm\u0131\u015ft\u0131r. Anlat\u0131mda siyas\u00ee konular a\u011f\u0131rl\u0131kta olmas\u0131na kar\u015f\u0131n olaylar\u0131n geli\u015fimine y\u00f6n veren idar\u00ee, sosyok\u00fclt\u00fcrel, ekonomik, ilm\u00ee ve mezhepsel hususlara da yer verilmi\u015ftir. <\/p>\n","protected":false},"excerpt":{"rendered":"<p>Hira Ma\u011faras\u0131\u2019nda Hz. Peygamber\u2019e ilk vahyin n\u00fczul\u00fc ile ba\u015flayan \u0130slamiyet\u2019in ser\u00fcveni, 622 y\u0131l\u0131ndaki Hicret ile bamba\u015fka bir mecraya ta\u015f\u0131nm\u0131\u015ft\u0131r. \u00d6yle ki Med\u00eene merkezli kurulan \u0130slam Devleti\u2019yle<span class=\"excerpt-hellip\"> [\u2026]<\/span><\/p>\n","protected":false},"featured_media":0,"template":"","meta":{"_monsterinsights_skip_tracking":false,"_monsterinsights_sitenote_active":false,"_monsterinsights_sitenote_note":"","_monsterinsights_sitenote_category":0},"product_brand":[],"product_cat":[12718,12719,18109],"product_tag":[],"class_list":{"0":"post-746493","1":"product","2":"type-product","3":"status-publish","5":"product_cat-din","6":"product_cat-islam","7":"product_cat-islam-tarihi","8":"pa_cilt-ciltsiz","9":"pa_tur-kitap","10":"pa_yayinevi-yeditepe-yayinevi","11":"pa_yazar-aydin-usta","13":"first","14":"instock","15":"sale","16":"shipping-taxable","17":"purchasable","18":"product-type-simple"},"_links":{"self":[{"href":"https:\/\/roveyayinevi.com.tr\/index.php\/wp-json\/wp\/v2\/product\/746493","targetHints":{"allow":["GET"]}}],"collection":[{"href":"https:\/\/roveyayinevi.com.tr\/index.php\/wp-json\/wp\/v2\/product"}],"about":[{"href":"https:\/\/roveyayinevi.com.tr\/index.php\/wp-json\/wp\/v2\/types\/product"}],"wp:attachment":[{"href":"https:\/\/roveyayinevi.com.tr\/index.php\/wp-json\/wp\/v2\/media?parent=746493"}],"wp:term":[{"taxonomy":"product_brand","embeddable":true,"href":"https:\/\/roveyayinevi.com.tr\/index.php\/wp-json\/wp\/v2\/product_brand?post=746493"},{"taxonomy":"product_cat","embeddable":true,"href":"https:\/\/roveyayinevi.com.tr\/index.php\/wp-json\/wp\/v2\/product_cat?post=746493"},{"taxonomy":"product_tag","embeddable":true,"href":"https:\/\/roveyayinevi.com.tr\/index.php\/wp-json\/wp\/v2\/product_tag?post=746493"}],"curies":[{"name":"wp","href":"https:\/\/api.w.org\/{rel}","templated":true}]}}