{"id":746492,"date":"2025-08-28T02:43:39","date_gmt":"2025-08-27T23:43:39","guid":{"rendered":"https:\/\/roveyayinevi.com.tr\/index.php\/urun\/hitler-hakkinda-101-onemli-soru\/"},"modified":"2026-04-16T02:58:55","modified_gmt":"2026-04-15T23:58:55","slug":"hitler-hakkinda-101-onemli-soru","status":"publish","type":"product","link":"https:\/\/roveyayinevi.com.tr\/index.php\/urun\/hitler-hakkinda-101-onemli-soru\/","title":{"rendered":"Hitler Hakk\u0131nda 101 \u00d6nemli Soru"},"content":{"rendered":"<p>Hitler&#8217;e kar\u015f\u0131 beslenen duygusal diren\u00e7 her ne kadar g\u00fc\u00e7l\u00fc olursa olsun onun ya\u015fam\u0131yla ilgili detaylar\u0131 merak etmekten de kendimizi alam\u0131yoruz. F\u00fchrer hakk\u0131nda s\u00f6ylenebilecek her \u015feyin art\u0131k a\u00e7\u0131klanm\u0131\u015f oldu\u011fu ileri s\u00fcr\u00fclse bile, devlet ar\u015fivlerinde kar\u015f\u0131m\u0131za \u00e7\u0131kan yeni bilgiler, h\u00e2l\u00e2 cevaplanacak bir\u00e7ok soru oldu\u011funu bizlere g\u00f6steriyor.                 \u2022 Sava\u015f\u0131n sonunda neler ya\u015fad\u0131?                 \u2022 \u0130ktidara gelmesi \u00f6nlenebilir miydi?                 \u2022 Alman halk\u0131n\u0131n \u00e7o\u011fu Hitler&#8217;i onaylad\u0131 m\u0131?                 \u2022 Kad\u0131nlarla ili\u015fkisi nas\u0131ld\u0131?                 \u2022 Yenilgiyi ne zaman kabul etti? Volker Ullrich, Hitler hakk\u0131nda yaz\u0131lan onlarca kitaba bir yenisini daha ekliyor. Birinci D\u00fcnya Sava\u015f\u0131&#8217;n\u0131n ma\u011flup Almanya&#8217;s\u0131, nas\u0131l oluyor da \u00e7ok k\u0131sa bir s\u00fcre i\u00e7inde Hitler Almanya&#8217;s\u0131na d\u00f6n\u00fc\u015f\u00fcyor? Deh\u015fetin ve k\u00f6t\u00fcl\u00fc\u011f\u00fcn simgesi haline gelen Hitler&#8217;i, enine boyuna ele al\u0131yor ve Alman halk\u0131n\u0131n bu siyasi d\u00fczendeki yerini inceliyor. Bunu de\u011ferlendirirken Hitler&#8217;in \u00f6zel hayat\u0131na ve d\u00f6nemin \u015fartlar\u0131na da g\u00f6z k\u0131rp\u0131yor. Al\u0131\u015f\u0131k oldu\u011funuz biyografik \u00e7al\u0131\u015fmalara alternatif olarak Ullrich, Hitler hakk\u0131nda en \u00e7ok merak edilen ve kronolojik olarak s\u0131ralanan 101 soruya objektif bir bak\u0131\u015fla yan\u0131t veriyor. <\/p>\n","protected":false},"excerpt":{"rendered":"<p>Hitler&#8217;e kar\u015f\u0131 beslenen duygusal diren\u00e7 her ne kadar g\u00fc\u00e7l\u00fc olursa olsun onun ya\u015fam\u0131yla ilgili detaylar\u0131 merak etmekten de kendimizi alam\u0131yoruz. F\u00fchrer hakk\u0131nda s\u00f6ylenebilecek her \u015feyin art\u0131k<span class=\"excerpt-hellip\"> [\u2026]<\/span><\/p>\n","protected":false},"featured_media":0,"template":"","meta":{"_monsterinsights_skip_tracking":false,"_monsterinsights_sitenote_active":false,"_monsterinsights_sitenote_note":"","_monsterinsights_sitenote_category":0},"product_brand":[],"product_cat":[12370,12304],"product_tag":[],"class_list":{"0":"post-746492","1":"product","2":"type-product","3":"status-publish","5":"product_cat-arastirma-inceleme","6":"product_cat-tarih","7":"pa_cilt-ciltsiz","8":"pa_tur-kitap","9":"pa_yayinevi-yeditepe-yayinevi","10":"pa_yazar-volker-ullrich","12":"first","13":"instock","14":"sale","15":"shipping-taxable","16":"purchasable","17":"product-type-simple"},"_links":{"self":[{"href":"https:\/\/roveyayinevi.com.tr\/index.php\/wp-json\/wp\/v2\/product\/746492","targetHints":{"allow":["GET"]}}],"collection":[{"href":"https:\/\/roveyayinevi.com.tr\/index.php\/wp-json\/wp\/v2\/product"}],"about":[{"href":"https:\/\/roveyayinevi.com.tr\/index.php\/wp-json\/wp\/v2\/types\/product"}],"wp:attachment":[{"href":"https:\/\/roveyayinevi.com.tr\/index.php\/wp-json\/wp\/v2\/media?parent=746492"}],"wp:term":[{"taxonomy":"product_brand","embeddable":true,"href":"https:\/\/roveyayinevi.com.tr\/index.php\/wp-json\/wp\/v2\/product_brand?post=746492"},{"taxonomy":"product_cat","embeddable":true,"href":"https:\/\/roveyayinevi.com.tr\/index.php\/wp-json\/wp\/v2\/product_cat?post=746492"},{"taxonomy":"product_tag","embeddable":true,"href":"https:\/\/roveyayinevi.com.tr\/index.php\/wp-json\/wp\/v2\/product_tag?post=746492"}],"curies":[{"name":"wp","href":"https:\/\/api.w.org\/{rel}","templated":true}]}}