{"id":746491,"date":"2025-08-28T02:43:38","date_gmt":"2025-08-27T23:43:38","guid":{"rendered":"https:\/\/roveyayinevi.com.tr\/index.php\/urun\/genclerle-hayatin-cografyasini-kesfetmek\/"},"modified":"2026-04-16T02:58:55","modified_gmt":"2026-04-15T23:58:55","slug":"genclerle-hayatin-cografyasini-kesfetmek","status":"publish","type":"product","link":"https:\/\/roveyayinevi.com.tr\/index.php\/urun\/genclerle-hayatin-cografyasini-kesfetmek\/","title":{"rendered":"Gen\u00e7lerle Hayat\u0131n Co\u011frafyas\u0131n\u0131 Ke\u015ffetmek"},"content":{"rendered":"<p>Prof. Dr. Haluk Dursun&#8217;un ya\u015fam\u0131n\u0131n son y\u0131llar\u0131nda &#8220;Gen\u00e7lerle Ba\u015f Ba\u015fa Seminerleri\u201d ba\u015fl\u0131\u011f\u0131nda ger\u00e7ekle\u015ftirdi\u011fi bir sohbet dizisinden derlenen kitap, Haluk Hoca&#8217;n\u0131n a\u011f\u0131rl\u0131kl\u0131 olarak kendi hayat hik\u00e2yesi, tan\u0131k oldu\u011fu olaylar ve bir \u00f6mr\u00fc adad\u0131\u011f\u0131 ara\u015ft\u0131rmalar\u0131yla \u015fekillendirdi\u011fi \u00f6\u011fretilerini farkl\u0131 co\u011frafyalara ait anlat\u0131lar \u00fczerinden gen\u00e7lerle payla\u015f\u0131yor. &#8216;Haluk&#8217;un Defteri: Gen\u00e7lerle Hayat Bilgisi&#8217; adl\u0131 kitab\u0131n devam\u0131 niteli\u011finde haz\u0131rlanan bu \u00e7al\u0131\u015fma, okuyucuyu Haluk Hoca\u2019yla \u00e7ok daha uzun bir sohbete davet ediyor.                 &#8220;Hep beraber bir yayladan di\u011ferine g\u00f6\u00e7\u00fcyoruz&#8230;                 G\u00f6\u00e7t\u00fc kervan kald\u0131k da\u011flar ba\u015f\u0131nda diyecek halimiz yok&#8230;                 Zaman\u0131 gelince bu d\u00fcnyadan biz de g\u00f6\u00e7eriz&#8230;                 Gele bir devr, bu Haluk\u2019u yad eyleyeler,                 Ahbap f\u0131rsat\u0131 sohbeti ganimet bilsin&#8230;&#8221; <\/p>\n","protected":false},"excerpt":{"rendered":"<p>Prof. Dr. Haluk Dursun&#8217;un ya\u015fam\u0131n\u0131n son y\u0131llar\u0131nda &#8220;Gen\u00e7lerle Ba\u015f Ba\u015fa Seminerleri\u201d ba\u015fl\u0131\u011f\u0131nda ger\u00e7ekle\u015ftirdi\u011fi bir sohbet dizisinden derlenen kitap, Haluk Hoca&#8217;n\u0131n a\u011f\u0131rl\u0131kl\u0131 olarak kendi hayat hik\u00e2yesi, tan\u0131k<span class=\"excerpt-hellip\"> [\u2026]<\/span><\/p>\n","protected":false},"featured_media":0,"template":"","meta":{"_monsterinsights_skip_tracking":false,"_monsterinsights_sitenote_active":false,"_monsterinsights_sitenote_note":"","_monsterinsights_sitenote_category":0},"product_brand":[],"product_cat":[12777,12291],"product_tag":[],"class_list":{"0":"post-746491","1":"product","2":"type-product","3":"status-publish","5":"product_cat-deneme","6":"product_cat-edebiyat","7":"pa_cilt-ciltsiz","8":"pa_tur-kitap","9":"pa_yayinevi-yeditepe-yayinevi","10":"pa_yazar-haluk-dursun","12":"first","13":"instock","14":"sale","15":"shipping-taxable","16":"purchasable","17":"product-type-simple"},"_links":{"self":[{"href":"https:\/\/roveyayinevi.com.tr\/index.php\/wp-json\/wp\/v2\/product\/746491","targetHints":{"allow":["GET"]}}],"collection":[{"href":"https:\/\/roveyayinevi.com.tr\/index.php\/wp-json\/wp\/v2\/product"}],"about":[{"href":"https:\/\/roveyayinevi.com.tr\/index.php\/wp-json\/wp\/v2\/types\/product"}],"wp:attachment":[{"href":"https:\/\/roveyayinevi.com.tr\/index.php\/wp-json\/wp\/v2\/media?parent=746491"}],"wp:term":[{"taxonomy":"product_brand","embeddable":true,"href":"https:\/\/roveyayinevi.com.tr\/index.php\/wp-json\/wp\/v2\/product_brand?post=746491"},{"taxonomy":"product_cat","embeddable":true,"href":"https:\/\/roveyayinevi.com.tr\/index.php\/wp-json\/wp\/v2\/product_cat?post=746491"},{"taxonomy":"product_tag","embeddable":true,"href":"https:\/\/roveyayinevi.com.tr\/index.php\/wp-json\/wp\/v2\/product_tag?post=746491"}],"curies":[{"name":"wp","href":"https:\/\/api.w.org\/{rel}","templated":true}]}}