{"id":746489,"date":"2025-08-28T02:43:35","date_gmt":"2025-08-27T23:43:35","guid":{"rendered":"https:\/\/roveyayinevi.com.tr\/index.php\/urun\/ahsenut-tekasim\/"},"modified":"2026-04-16T02:58:55","modified_gmt":"2026-04-15T23:58:55","slug":"ahsenut-tekasim","status":"publish","type":"product","link":"https:\/\/roveyayinevi.com.tr\/index.php\/urun\/ahsenut-tekasim\/","title":{"rendered":"Ahsen\u00fc\u2019t-Tekasim"},"content":{"rendered":"<p>el-Makdis\u00ee\u2019nin Ahsen\u00fc\u2019t-Tek\u00e2s\u00eem adl\u0131 bu eseri, \u0130bn Havkal\u2019\u0131n kitab\u0131yla ayn\u0131 \u00e7a\u011fda M. 977 y\u0131l\u0131nda yaz\u0131lm\u0131\u015ft\u0131r. Bu iki kitap, \u0130slam co\u011frafyac\u0131l\u0131\u011f\u0131n\u0131n en geli\u015fmi\u015f eserleridir. \u0130slam co\u011frafyas\u0131n\u0131n tamam\u0131n\u0131 en do\u011fru \u015fekilde anlat\u0131r. Makdis\u00ee, eserinin ba\u015f\u0131nda co\u011frafya ilmiyle ilgili giri\u015f mahiyetinde fas\u0131llar vererek kitab\u0131 zenginle\u015ftirmi\u015ftir. M\u0131s\u0131r\u2019\u0131n bat\u0131s\u0131nda \u0130slam topraklar\u0131n\u0131 gezip gezmedi\u011fi konusu da \u015f\u00fcphelidir. Buna kar\u015f\u0131l\u0131k Orta Do\u011fu, Arabistan, \u0130ran ve Orta Asya \u0130slam topraklar\u0131n\u0131 iyi bilir.  \u0130slam d\u00fcnyas\u0131n\u0131n s\u0131n\u0131rlar\u0131n\u0131 a\u015fmad\u0131\u011f\u0131 bu topraklarla ilgili ayr\u0131nt\u0131l\u0131 ve sa\u011flam bilgiler verir. Buna kar\u015f\u0131l\u0131k eserinin bir\u00e7ok yerinde diyalektik, din\u00ee ve etimolojik m\u00fcnaka\u015falara girer.  Ahsen\u00fc\u2019t-Tek\u00e2s\u00eem adl\u0131 bu eser okuyucunun \u0130slam co\u011frafyas\u0131n\u0131 tan\u0131mas\u0131 a\u00e7\u0131s\u0131ndan faydal\u0131 olaca\u011f\u0131n\u0131 umuyorum. <\/p>\n","protected":false},"excerpt":{"rendered":"<p>el-Makdis\u00ee\u2019nin Ahsen\u00fc\u2019t-Tek\u00e2s\u00eem adl\u0131 bu eseri, \u0130bn Havkal\u2019\u0131n kitab\u0131yla ayn\u0131 \u00e7a\u011fda M. 977 y\u0131l\u0131nda yaz\u0131lm\u0131\u015ft\u0131r. Bu iki kitap, \u0130slam co\u011frafyac\u0131l\u0131\u011f\u0131n\u0131n en geli\u015fmi\u015f eserleridir. \u0130slam co\u011frafyas\u0131n\u0131n tamam\u0131n\u0131 en<span class=\"excerpt-hellip\"> [\u2026]<\/span><\/p>\n","protected":false},"featured_media":0,"template":"","meta":{"_monsterinsights_skip_tracking":false,"_monsterinsights_sitenote_active":false,"_monsterinsights_sitenote_note":"","_monsterinsights_sitenote_category":0},"product_brand":[],"product_cat":[12718,12719],"product_tag":[],"class_list":{"0":"post-746489","1":"product","2":"type-product","3":"status-publish","5":"product_cat-din","6":"product_cat-islam","7":"pa_cilt-ciltsiz","8":"pa_tur-kitap","9":"pa_yayinevi-yeditepe-yayinevi","10":"pa_yazar-el-makdisi","12":"first","13":"instock","14":"sale","15":"shipping-taxable","16":"purchasable","17":"product-type-simple"},"_links":{"self":[{"href":"https:\/\/roveyayinevi.com.tr\/index.php\/wp-json\/wp\/v2\/product\/746489","targetHints":{"allow":["GET"]}}],"collection":[{"href":"https:\/\/roveyayinevi.com.tr\/index.php\/wp-json\/wp\/v2\/product"}],"about":[{"href":"https:\/\/roveyayinevi.com.tr\/index.php\/wp-json\/wp\/v2\/types\/product"}],"wp:attachment":[{"href":"https:\/\/roveyayinevi.com.tr\/index.php\/wp-json\/wp\/v2\/media?parent=746489"}],"wp:term":[{"taxonomy":"product_brand","embeddable":true,"href":"https:\/\/roveyayinevi.com.tr\/index.php\/wp-json\/wp\/v2\/product_brand?post=746489"},{"taxonomy":"product_cat","embeddable":true,"href":"https:\/\/roveyayinevi.com.tr\/index.php\/wp-json\/wp\/v2\/product_cat?post=746489"},{"taxonomy":"product_tag","embeddable":true,"href":"https:\/\/roveyayinevi.com.tr\/index.php\/wp-json\/wp\/v2\/product_tag?post=746489"}],"curies":[{"name":"wp","href":"https:\/\/api.w.org\/{rel}","templated":true}]}}