{"id":746486,"date":"2025-08-28T02:43:32","date_gmt":"2025-08-27T23:43:32","guid":{"rendered":"https:\/\/roveyayinevi.com.tr\/index.php\/urun\/kibris-cumhuriyetinin-kader-ani\/"},"modified":"2026-04-16T02:58:55","modified_gmt":"2026-04-15T23:58:55","slug":"kibris-cumhuriyetinin-kader-ani","status":"publish","type":"product","link":"https:\/\/roveyayinevi.com.tr\/index.php\/urun\/kibris-cumhuriyetinin-kader-ani\/","title":{"rendered":"K\u0131br\u0131s Cumhuriyeti&#8217;nin Kader An\u0131"},"content":{"rendered":"<p>Bu kitapta, K\u0131br\u0131s Cumhuriyeti devletinin K\u0131br\u0131s Rum kanad\u0131 taraf\u0131ndan \u00f6nceden belirlenmi\u015f hedefler do\u011frultusunda giri\u015filen askeri ve diplomatik hamleler irdelenmektedir. Buna paralel olarak, savunma pozisyonunda kalan K\u0131br\u0131sl\u0131 T\u00fcrkler ve di\u011fer akt\u00f6rlerin (T\u00fcrkiye, Yunanistan, \u0130ngiltere, ABD, SSCB ve BM \u00f6rg\u00fct\u00fc) bu hamleler kar\u015f\u0131s\u0131ndaki tutum ve tepkileri anlat\u0131lmaktad\u0131r. S\u00f6m\u00fcrge d\u00f6nemi sonras\u0131 K\u0131br\u0131s tarihinin d\u00f6n\u00fcm noktalar\u0131ndan birini te\u015fkil eden 1963 ve 1964 olaylar\u0131 kar\u015f\u0131s\u0131nda K\u0131br\u0131sl\u0131 T\u00fcrklerin i\u00e7ine d\u00fc\u015ft\u00fc\u011f\u00fc durum, karanl\u0131kta kalm\u0131\u015f y\u00f6nleriyle, tasvir edilmeye \u00e7al\u0131\u015f\u0131lm\u0131\u015ft\u0131r. Ger\u00e7ekten de 1963-64 y\u0131llar\u0131nda ya\u015fanan travma binlerce ki\u015finin hayat\u0131n\u0131 derinden etkilemi\u015fti. Sald\u0131r\u0131lar y\u00fczlerce \u00f6l\u00fcme neden olmu\u015f, masum sivillerin yaralanmas\u0131na yol a\u00e7m\u0131\u015ft\u0131. K\u0131br\u0131s T\u00fcrk n\u00fcfusunun \u00f6nemli bir k\u0131sm\u0131 evlerinden ve topraklar\u0131ndan s\u00f6k\u00fcl\u00fcp at\u0131lm\u0131\u015ft\u0131. Dahas\u0131, ter\u00f6r ve vah\u015fet dalgas\u0131, 1960 y\u0131l\u0131nda kurulan iki toplumlu ortakl\u0131k devletinin de ortadan kalkmas\u0131na neden olmu\u015ftu. Devletin K\u0131br\u0131s Rum kanad\u0131 silah zoruyla h\u00fck\u00fcmet idaresini gasp etmi\u015fti. 1963-64 d\u00f6nemindeki kaosun en \u00e7arp\u0131c\u0131 sonucu, iki toplumun siyasi e\u015fitli\u011fi ve etkin kat\u0131l\u0131m\u0131 \u00fczerine kurulmu\u015f olan anayasal d\u00fczenin birden la\u011fvedilmesi ve yerini m\u00fcnhas\u0131ran K\u0131br\u0131sl\u0131 Rumlar\u0131n kontrol\u00fcndeki bir idareye b\u0131rakmas\u0131yd\u0131.   Aytu\u011f F. Pl\u00fcmer <\/p>\n","protected":false},"excerpt":{"rendered":"<p>Bu kitapta, K\u0131br\u0131s Cumhuriyeti devletinin K\u0131br\u0131s Rum kanad\u0131 taraf\u0131ndan \u00f6nceden belirlenmi\u015f hedefler do\u011frultusunda giri\u015filen askeri ve diplomatik hamleler irdelenmektedir. Buna paralel olarak, savunma pozisyonunda kalan K\u0131br\u0131sl\u0131<span class=\"excerpt-hellip\"> [\u2026]<\/span><\/p>\n","protected":false},"featured_media":0,"template":"","meta":{"_monsterinsights_skip_tracking":false,"_monsterinsights_sitenote_active":false,"_monsterinsights_sitenote_note":"","_monsterinsights_sitenote_category":0},"product_brand":[],"product_cat":[12370,12304],"product_tag":[],"class_list":{"0":"post-746486","1":"product","2":"type-product","3":"status-publish","5":"product_cat-arastirma-inceleme","6":"product_cat-tarih","7":"pa_cilt-ciltsiz","8":"pa_tur-kitap","9":"pa_yayinevi-kalkedon-yayincilik","10":"pa_yazar-aytug-f-plumer","12":"first","13":"instock","14":"sale","15":"shipping-taxable","16":"purchasable","17":"product-type-simple"},"_links":{"self":[{"href":"https:\/\/roveyayinevi.com.tr\/index.php\/wp-json\/wp\/v2\/product\/746486","targetHints":{"allow":["GET"]}}],"collection":[{"href":"https:\/\/roveyayinevi.com.tr\/index.php\/wp-json\/wp\/v2\/product"}],"about":[{"href":"https:\/\/roveyayinevi.com.tr\/index.php\/wp-json\/wp\/v2\/types\/product"}],"wp:attachment":[{"href":"https:\/\/roveyayinevi.com.tr\/index.php\/wp-json\/wp\/v2\/media?parent=746486"}],"wp:term":[{"taxonomy":"product_brand","embeddable":true,"href":"https:\/\/roveyayinevi.com.tr\/index.php\/wp-json\/wp\/v2\/product_brand?post=746486"},{"taxonomy":"product_cat","embeddable":true,"href":"https:\/\/roveyayinevi.com.tr\/index.php\/wp-json\/wp\/v2\/product_cat?post=746486"},{"taxonomy":"product_tag","embeddable":true,"href":"https:\/\/roveyayinevi.com.tr\/index.php\/wp-json\/wp\/v2\/product_tag?post=746486"}],"curies":[{"name":"wp","href":"https:\/\/api.w.org\/{rel}","templated":true}]}}