{"id":746485,"date":"2025-08-28T02:43:31","date_gmt":"2025-08-27T23:43:31","guid":{"rendered":"https:\/\/roveyayinevi.com.tr\/index.php\/urun\/kibris-bitmeyen-yaz-1878-2015\/"},"modified":"2026-04-16T02:58:55","modified_gmt":"2026-04-15T23:58:55","slug":"kibris-bitmeyen-yaz-1878-2015","status":"publish","type":"product","link":"https:\/\/roveyayinevi.com.tr\/index.php\/urun\/kibris-bitmeyen-yaz-1878-2015\/","title":{"rendered":"K\u0131br\u0131s Bitmeyen Yaz (1878-2015)"},"content":{"rendered":"<p>Kitap on dokuz ve yirminci y\u00fczy\u0131lla birlikte aday\u0131 k\u0131skac\u0131 alt\u0131na alan s\u00f6m\u00fcrgeci siyasetlere ve ithal modernle\u015fmeye kar\u015f\u0131 K\u0131br\u0131sl\u0131lar\u0131n tepkilerini ve adapte olu\u015flar\u0131n\u0131 anlat\u0131yor. Modernle\u015fmenin olmazsa olmaz\u0131 \u201cbeden\u201d siyasetlerinin hem Birle\u015fik Krall\u0131k hem de erken Cumhuriyet T\u00fcrkiyesi \u00fczerinden gelen telkinlerle K\u0131br\u0131sl\u0131lar\u0131n tahayy\u00fcllerini nas\u0131l \u015fekillendirildi\u011fi irdelenen konulardan biri. Bu \u00e7al\u0131\u015fma ayr\u0131ca baz\u0131 az\u0131nl\u0131klar\u0131n veya adaya s\u00fcrg\u00fcn edilmi\u015f muhtelif guruplar\u0131n K\u0131br\u0131s\u2019la olan m\u00fcnasebetlerine de bak\u0131yor. Bu ba\u011flamda K\u0131br\u0131s\u2019ta s\u00fcrg\u00fcn olarak ya\u015fayan Bahailer ve Ezeliler aras\u0131 rekabeti irdeleyen kitab\u0131m\u0131z, ayr\u0131ca bu tip inan\u00e7 guruplar\u0131n\u0131n ada insan\u0131 \u00fczerinde b\u0131rakt\u0131\u011f\u0131 izleri de takip etmeye \u00e7al\u0131\u015f\u0131yor. \u00c7al\u0131\u015fma ayr\u0131ca hem d\u0131\u015f g\u00f6\u00e7 hem de zorunlu yerinden edilmelerle ilgili baz\u0131 ampirik g\u00f6zlemlerde de bulunuyor. Bunun yan\u0131nda kitab\u0131n baz\u0131 b\u00f6l\u00fcmleri, 1960 ve 1974 y\u0131llar\u0131 aras\u0131ndaki \u201c\u00c7at\u0131\u015fma\u201d y\u0131llar\u0131na k\u0131sa bir g\u00f6z atarken 1974 b\u00f6l\u00fcnmesinden sonra adan\u0131n kuzeyindeki m\u00fclkiyet rejiminin kurulu\u015funu ve d\u00f6nemin solunun buna bak\u0131\u015f a\u00e7\u0131s\u0131n\u0131 da irdelemeye \u00e7al\u0131\u015f\u0131yor. <\/p>\n","protected":false},"excerpt":{"rendered":"<p>Kitap on dokuz ve yirminci y\u00fczy\u0131lla birlikte aday\u0131 k\u0131skac\u0131 alt\u0131na alan s\u00f6m\u00fcrgeci siyasetlere ve ithal modernle\u015fmeye kar\u015f\u0131 K\u0131br\u0131sl\u0131lar\u0131n tepkilerini ve adapte olu\u015flar\u0131n\u0131 anlat\u0131yor. Modernle\u015fmenin olmazsa olmaz\u0131<span class=\"excerpt-hellip\"> [\u2026]<\/span><\/p>\n","protected":false},"featured_media":0,"template":"","meta":{"_monsterinsights_skip_tracking":false,"_monsterinsights_sitenote_active":false,"_monsterinsights_sitenote_note":"","_monsterinsights_sitenote_category":0},"product_brand":[],"product_cat":[12370,12304],"product_tag":[],"class_list":{"0":"post-746485","1":"product","2":"type-product","3":"status-publish","5":"product_cat-arastirma-inceleme","6":"product_cat-tarih","7":"pa_cilt-ciltsiz","8":"pa_tur-kitap","9":"pa_yayinevi-kalkedon-yayincilik","10":"pa_yazar-mete-hatay","12":"first","13":"instock","14":"sale","15":"shipping-taxable","16":"purchasable","17":"product-type-simple"},"_links":{"self":[{"href":"https:\/\/roveyayinevi.com.tr\/index.php\/wp-json\/wp\/v2\/product\/746485","targetHints":{"allow":["GET"]}}],"collection":[{"href":"https:\/\/roveyayinevi.com.tr\/index.php\/wp-json\/wp\/v2\/product"}],"about":[{"href":"https:\/\/roveyayinevi.com.tr\/index.php\/wp-json\/wp\/v2\/types\/product"}],"wp:attachment":[{"href":"https:\/\/roveyayinevi.com.tr\/index.php\/wp-json\/wp\/v2\/media?parent=746485"}],"wp:term":[{"taxonomy":"product_brand","embeddable":true,"href":"https:\/\/roveyayinevi.com.tr\/index.php\/wp-json\/wp\/v2\/product_brand?post=746485"},{"taxonomy":"product_cat","embeddable":true,"href":"https:\/\/roveyayinevi.com.tr\/index.php\/wp-json\/wp\/v2\/product_cat?post=746485"},{"taxonomy":"product_tag","embeddable":true,"href":"https:\/\/roveyayinevi.com.tr\/index.php\/wp-json\/wp\/v2\/product_tag?post=746485"}],"curies":[{"name":"wp","href":"https:\/\/api.w.org\/{rel}","templated":true}]}}