{"id":746484,"date":"2025-08-28T02:43:30","date_gmt":"2025-08-27T23:43:30","guid":{"rendered":"https:\/\/roveyayinevi.com.tr\/index.php\/urun\/citir-citir-felsefe-serisi-33-sanatcilar-ve-dunya\/"},"modified":"2026-04-16T02:58:55","modified_gmt":"2026-04-15T23:58:55","slug":"citir-citir-felsefe-serisi-33-sanatcilar-ve-dunya","status":"publish","type":"product","link":"https:\/\/roveyayinevi.com.tr\/index.php\/urun\/citir-citir-felsefe-serisi-33-sanatcilar-ve-dunya\/","title":{"rendered":"\u00c7\u0131t\u0131r \u00c7\u0131t\u0131r Felsefe Serisi-33 Sanat\u00e7\u0131lar ve D\u00fcnya"},"content":{"rendered":"<p>D\u00fcnyay\u0131 d\u00f6n\u00fc\u015ft\u00fcren t\u0131ls\u0131md\u0131r sanat. T\u00fcm d\u00fcnyada modern bir klasik haline gelen \u201c\u00c7\u0131t\u0131r \u00c7\u0131t\u0131r Felsefe\u201d dizisinin T\u00fcrk\u00e7e\u2019deki 33. kitab\u0131 \u201csanat\u201d ve \u201csanat\u00e7\u0131\u201d kavramlar\u0131n\u0131 ele al\u0131yor. Her ya\u015ftan okuru ortak okumalarda bulu\u015fturan ve \u00fclkemizde de \u00e7ok sevilen dizinin yarat\u0131c\u0131s\u0131 Brigitte Labb\u00e9 kitab\u0131nda sanat\u0131n g\u00fcc\u00fcn\u00fc, s\u0131n\u0131rlar\u0131 a\u015farak insanlar\u0131 ve d\u00fcnyay\u0131 nas\u0131l etkileyip d\u00f6n\u00fc\u015ft\u00fcrd\u00fc\u011f\u00fcn\u00fc anlat\u0131yor. \u201cSanat\u00e7\u0131 kime denir?\u201d sorusundan yola \u00e7\u0131kan kitap okuru, \u00fcnl\u00fc sanat\u00e7\u0131larla tan\u0131\u015ft\u0131r\u0131yor; m\u00fczelere, konser salonlar\u0131na, galerilere konuk ediyor. Sanat\u00e7\u0131lar\u0131n yarat\u0131c\u0131l\u0131klar\u0131 sayesinde d\u00f6nemlere, toplumlara, hatta g\u00fcnl\u00fck ya\u015fama katk\u0131s\u0131n\u0131 \u00e7ok boyutlu d\u00fc\u015f\u00fcnd\u00fcr\u00fcyor. Jacques Azam\u2019\u0131n zengin mizah anlay\u0131\u015f\u0131n\u0131 yans\u0131tt\u0131\u011f\u0131 desenleriyle renklenen dizinin her kitab\u0131nda, farkl\u0131 bir felsefi kavram ya da temel bir konu ele al\u0131n\u0131yor. Kavramlar, minik \u00f6yk\u00fcler, k\u0131sa k\u0131sa \u00f6rnek durumlar, diyaloglar ya da sorular sayesinde, \u00e7ocuklar\u0131n kolayca anlayabilece\u011fi sadelikte aktar\u0131l\u0131yor. Dizi, \u00e7ocuklar ve felsefe \u00fczerine yap\u0131lan bir\u00e7ok \u00e7al\u0131\u015fmaya da ilham veriyor. Her \u015feyin h\u0131zla gelip ge\u00e7ti\u011fi, \u00e7arp\u0131\u015f\u0131p kesi\u015fti\u011fi d\u00fcnyan\u0131n g\u00fcr\u00fclt\u00fcs\u00fc i\u00e7inde, sanat\u00e7\u0131 mola verip, bir se\u00e7im yapar: Bir hareket, bir duygu, bir an, bir \u015fekil, bir \u0131\u015f\u0131k, bir renk, bir fikir se\u00e7er. Sanat\u00e7\u0131, d\u00fcnyan\u0131n g\u00fcr\u00fclt\u00fc pat\u0131rt\u0131s\u0131 i\u00e7inden bir resim, bir heykel, bir foto\u011fraf, bir m\u00fczik, bir dans, bir \u015fiir, bir tiyatro oyunu, bir roman \u00e7\u0131kar\u0131r ve bize, \u201cDur, bak, dinle,\u201d der.<\/p>\n","protected":false},"excerpt":{"rendered":"<p>D\u00fcnyay\u0131 d\u00f6n\u00fc\u015ft\u00fcren t\u0131ls\u0131md\u0131r sanat. T\u00fcm d\u00fcnyada modern bir klasik haline gelen \u201c\u00c7\u0131t\u0131r \u00c7\u0131t\u0131r Felsefe\u201d dizisinin T\u00fcrk\u00e7e\u2019deki 33. kitab\u0131 \u201csanat\u201d ve \u201csanat\u00e7\u0131\u201d kavramlar\u0131n\u0131 ele al\u0131yor. Her ya\u015ftan<span class=\"excerpt-hellip\"> [\u2026]<\/span><\/p>\n","protected":false},"featured_media":0,"template":"","meta":{"_monsterinsights_skip_tracking":false,"_monsterinsights_sitenote_active":false,"_monsterinsights_sitenote_note":"","_monsterinsights_sitenote_category":0},"product_brand":[],"product_cat":[12274,12631],"product_tag":[],"class_list":{"0":"post-746484","1":"product","2":"type-product","3":"status-publish","5":"product_cat-cocuk-ve-genclik-kitaplari","6":"product_cat-diger-cocuk-ve-genclik-kitaplari","7":"pa_cilt-ciltsiz","8":"pa_tur-kitap","9":"pa_yayinevi-gunisigi-kitapligi","10":"pa_yazar-brigitte-labbe","12":"first","13":"instock","14":"sale","15":"shipping-taxable","16":"purchasable","17":"product-type-simple"},"_links":{"self":[{"href":"https:\/\/roveyayinevi.com.tr\/index.php\/wp-json\/wp\/v2\/product\/746484","targetHints":{"allow":["GET"]}}],"collection":[{"href":"https:\/\/roveyayinevi.com.tr\/index.php\/wp-json\/wp\/v2\/product"}],"about":[{"href":"https:\/\/roveyayinevi.com.tr\/index.php\/wp-json\/wp\/v2\/types\/product"}],"wp:attachment":[{"href":"https:\/\/roveyayinevi.com.tr\/index.php\/wp-json\/wp\/v2\/media?parent=746484"}],"wp:term":[{"taxonomy":"product_brand","embeddable":true,"href":"https:\/\/roveyayinevi.com.tr\/index.php\/wp-json\/wp\/v2\/product_brand?post=746484"},{"taxonomy":"product_cat","embeddable":true,"href":"https:\/\/roveyayinevi.com.tr\/index.php\/wp-json\/wp\/v2\/product_cat?post=746484"},{"taxonomy":"product_tag","embeddable":true,"href":"https:\/\/roveyayinevi.com.tr\/index.php\/wp-json\/wp\/v2\/product_tag?post=746484"}],"curies":[{"name":"wp","href":"https:\/\/api.w.org\/{rel}","templated":true}]}}