{"id":746483,"date":"2025-08-28T02:43:28","date_gmt":"2025-08-27T23:43:28","guid":{"rendered":"https:\/\/roveyayinevi.com.tr\/index.php\/urun\/disimin-kovugundan-hikayeler\/"},"modified":"2026-04-16T02:58:55","modified_gmt":"2026-04-15T23:58:55","slug":"disimin-kovugundan-hikayeler","status":"publish","type":"product","link":"https:\/\/roveyayinevi.com.tr\/index.php\/urun\/disimin-kovugundan-hikayeler\/","title":{"rendered":"Di\u015fimin Kovu\u011fundan Hikayeler"},"content":{"rendered":"<p>\u201c1965 y\u0131l\u0131nda ba\u015flad\u0131\u011f\u0131m hayatta herkes gibi benim de bir dolu ya\u015fanm\u0131\u015fl\u0131klar\u0131m oldu. Ac\u0131, tatl\u0131, komik, gizemli&#8230; bir dolu ya\u015fanm\u0131\u015fl\u0131k. Hepimizin bir sohbet s\u0131ras\u0131nda an\u0131lar\u0131n\u0131n akl\u0131na gelmesi ve bunun payla\u015f\u0131lmas\u0131 kadar da do\u011fal bir \u015fey tabii ki yoktur. &#8230; Bunun temelinde san\u0131r\u0131m, insan\u0131n kendisini, ge\u00e7mi\u015fini zaman zaman tekrar ya\u015famak, hat\u0131rlamak iste\u011fi daha \u00f6n planda. Bir de an\u0131lar\u0131n\u0131 ard\u0131ndakilere b\u0131rakma iste\u011fi.\u201d diyerek s\u00f6ze ba\u015fl\u0131yor G\u00fcven Ok hik\u00e2ye tad\u0131nda kaleme ald\u0131\u011f\u0131 an\u0131lar\u0131nda. Y\u0131llara s\u0131\u011fd\u0131rd\u0131\u011f\u0131 an\u0131lar\u0131n\u0131 anlatmakla kalm\u0131yor; herkesin kendinden bir par\u00e7a bulaca\u011f\u0131 sevin\u00e7leri, h\u00fcz\u00fcnleri, heyecanlar\u0131, umutlar\u0131, umutsuzluklar\u0131, azmi, \u00e7abay\u0131&#8230; k\u0131sacas\u0131 hayat\u0131n kendisini anlat\u0131yor. Hayat\u0131 ve insan\u0131 var eden ne varsa hepsini hem de&#8230; Kimileri i\u00e7in b\u00fcy\u00fck kimileri i\u00e7in k\u00fc\u00e7\u00fck&#8230; Hayata ba\u015fka birinin g\u00f6zlerinden ba\u015fka bir a\u00e7\u0131dan bakmak isteyenlere bir solukta okunacak, okunduk\u00e7a herkese \u201cdi\u015finin kovu\u011fundakileri\u201d hat\u0131rlatacak bir \u00f6m\u00fcrl\u00fck d\u00fcnyaya girmeye ne dersiniz?.. <\/p>\n","protected":false},"excerpt":{"rendered":"<p>\u201c1965 y\u0131l\u0131nda ba\u015flad\u0131\u011f\u0131m hayatta herkes gibi benim de bir dolu ya\u015fanm\u0131\u015fl\u0131klar\u0131m oldu. Ac\u0131, tatl\u0131, komik, gizemli&#8230; bir dolu ya\u015fanm\u0131\u015fl\u0131k. Hepimizin bir sohbet s\u0131ras\u0131nda an\u0131lar\u0131n\u0131n akl\u0131na gelmesi<span class=\"excerpt-hellip\"> [\u2026]<\/span><\/p>\n","protected":false},"featured_media":0,"template":"","meta":{"_monsterinsights_skip_tracking":false,"_monsterinsights_sitenote_active":false,"_monsterinsights_sitenote_note":"","_monsterinsights_sitenote_category":0},"product_brand":[],"product_cat":[12291,18202],"product_tag":[],"class_list":{"0":"post-746483","1":"product","2":"type-product","3":"status-publish","5":"product_cat-edebiyat","6":"product_cat-hikaye","7":"pa_cilt-ciltsiz","8":"pa_tur-kitap","9":"pa_yayinevi-feniks-yayinlari","10":"pa_yazar-guven-ok","12":"first","13":"instock","14":"sale","15":"shipping-taxable","16":"purchasable","17":"product-type-simple"},"_links":{"self":[{"href":"https:\/\/roveyayinevi.com.tr\/index.php\/wp-json\/wp\/v2\/product\/746483","targetHints":{"allow":["GET"]}}],"collection":[{"href":"https:\/\/roveyayinevi.com.tr\/index.php\/wp-json\/wp\/v2\/product"}],"about":[{"href":"https:\/\/roveyayinevi.com.tr\/index.php\/wp-json\/wp\/v2\/types\/product"}],"wp:attachment":[{"href":"https:\/\/roveyayinevi.com.tr\/index.php\/wp-json\/wp\/v2\/media?parent=746483"}],"wp:term":[{"taxonomy":"product_brand","embeddable":true,"href":"https:\/\/roveyayinevi.com.tr\/index.php\/wp-json\/wp\/v2\/product_brand?post=746483"},{"taxonomy":"product_cat","embeddable":true,"href":"https:\/\/roveyayinevi.com.tr\/index.php\/wp-json\/wp\/v2\/product_cat?post=746483"},{"taxonomy":"product_tag","embeddable":true,"href":"https:\/\/roveyayinevi.com.tr\/index.php\/wp-json\/wp\/v2\/product_tag?post=746483"}],"curies":[{"name":"wp","href":"https:\/\/api.w.org\/{rel}","templated":true}]}}