{"id":746482,"date":"2025-08-28T02:43:27","date_gmt":"2025-08-27T23:43:27","guid":{"rendered":"https:\/\/roveyayinevi.com.tr\/index.php\/urun\/ayilar-aglamaz\/"},"modified":"2026-04-16T02:58:55","modified_gmt":"2026-04-15T23:58:55","slug":"ayilar-aglamaz","status":"publish","type":"product","link":"https:\/\/roveyayinevi.com.tr\/index.php\/urun\/ayilar-aglamaz\/","title":{"rendered":"Ay\u0131lar A\u011flamaz"},"content":{"rendered":"<p>Ay\u0131lar Kitap Okumaz ile ba\u015flayan macera devam ediyor! George bildi\u011finiz ay\u0131lardan \u00e7ok farkl\u0131. Clementine ad\u0131nda k\u00fc\u00e7\u00fck bir k\u0131z \u00e7ocu\u011fu ve annesiyle birlikte ya\u015f\u0131yor ve Clementine ona okumay\u0131 \u00f6\u011fretmi\u015f. Bir g\u00fcn, okudu\u011fu kitab\u0131 bitiren George yeni bir kitap i\u00e7in Clementine\u2019\u0131n eve d\u00f6n\u00fc\u015f\u00fcn\u00fc bekleyemeyece\u011fine karar veriyor. Hemen yola koyuluyor ve k\u00fct\u00fcphaneye u\u011framak i\u00e7in kasabaya gidiyor. Bu minik gezi ilk ba\u015fta \u00e7ok keyifli ancak k\u0131sa s\u00fcre sonra i\u015fler sarpa saracak ve kahraman\u0131m\u0131z George kendini \u00e7ok \u00fcz\u00fcc\u00fc bir durumda bulacak. Kocaman ay\u0131lar\u0131n bile hisleri oldu\u011funu ve onlar\u0131n bile a\u011flayabileceklerini anlatan, i\u00e7inizi s\u0131ms\u0131cak duygularla dolduracak muhte\u015fem bir hik\u00e2ye Ay\u0131lar A\u011flamaz.<\/p>\n","protected":false},"excerpt":{"rendered":"<p>Ay\u0131lar Kitap Okumaz ile ba\u015flayan macera devam ediyor! George bildi\u011finiz ay\u0131lardan \u00e7ok farkl\u0131. Clementine ad\u0131nda k\u00fc\u00e7\u00fck bir k\u0131z \u00e7ocu\u011fu ve annesiyle birlikte ya\u015f\u0131yor ve Clementine ona<span class=\"excerpt-hellip\"> [\u2026]<\/span><\/p>\n","protected":false},"featured_media":0,"template":"","meta":{"_monsterinsights_skip_tracking":false,"_monsterinsights_sitenote_active":false,"_monsterinsights_sitenote_note":"","_monsterinsights_sitenote_category":0},"product_brand":[],"product_cat":[12274,12284],"product_tag":[],"class_list":{"0":"post-746482","1":"product","2":"type-product","3":"status-publish","5":"product_cat-cocuk-ve-genclik-kitaplari","6":"product_cat-hikayeler","7":"pa_cilt-ciltsiz","8":"pa_tur-kitap","9":"pa_yayinevi-1001-cicek-kitaplar","10":"pa_yazar-emma-chichester-clark","12":"first","13":"instock","14":"sale","15":"shipping-taxable","16":"purchasable","17":"product-type-simple"},"_links":{"self":[{"href":"https:\/\/roveyayinevi.com.tr\/index.php\/wp-json\/wp\/v2\/product\/746482","targetHints":{"allow":["GET"]}}],"collection":[{"href":"https:\/\/roveyayinevi.com.tr\/index.php\/wp-json\/wp\/v2\/product"}],"about":[{"href":"https:\/\/roveyayinevi.com.tr\/index.php\/wp-json\/wp\/v2\/types\/product"}],"wp:attachment":[{"href":"https:\/\/roveyayinevi.com.tr\/index.php\/wp-json\/wp\/v2\/media?parent=746482"}],"wp:term":[{"taxonomy":"product_brand","embeddable":true,"href":"https:\/\/roveyayinevi.com.tr\/index.php\/wp-json\/wp\/v2\/product_brand?post=746482"},{"taxonomy":"product_cat","embeddable":true,"href":"https:\/\/roveyayinevi.com.tr\/index.php\/wp-json\/wp\/v2\/product_cat?post=746482"},{"taxonomy":"product_tag","embeddable":true,"href":"https:\/\/roveyayinevi.com.tr\/index.php\/wp-json\/wp\/v2\/product_tag?post=746482"}],"curies":[{"name":"wp","href":"https:\/\/api.w.org\/{rel}","templated":true}]}}