{"id":746480,"date":"2025-08-28T02:43:24","date_gmt":"2025-08-27T23:43:24","guid":{"rendered":"https:\/\/roveyayinevi.com.tr\/index.php\/urun\/vurgulanan-yer\/"},"modified":"2026-04-16T02:58:55","modified_gmt":"2026-04-15T23:58:55","slug":"vurgulanan-yer","status":"publish","type":"product","link":"https:\/\/roveyayinevi.com.tr\/index.php\/urun\/vurgulanan-yer\/","title":{"rendered":"Vurgulanan Yer"},"content":{"rendered":"<p>Vurgulanan Yer, Amerikal\u0131 yazar ve ele\u015ftirmen Susan Sontag\u2019\u0131n \u00fc\u00e7 ba\u015fl\u0131k alt\u0131nda toplad\u0131\u011f\u0131 k\u0131rktan fazla denemeden olu\u015fuyor. Yazar\u0131n \u201cher \u015feyle ilgilenen biri\u201d oldu\u011funu \u00f6ne s\u00fcren Sontag, \u201cOkumak\u201d ba\u015fl\u0131\u011f\u0131 alt\u0131nda Marina Tsvetaeva, Elizabeth Hardwick, Machado de Assis, Roland Barthes, Robert Walser, W. G. Sebald ve Jorge Luis Borges\u2019in d\u00fc\u015f\u00fcnce ve yaz\u0131n d\u00fcnyas\u0131n\u0131 konu ediniyor. Wagner\u2019in m\u00fczi\u011finin insan ruhu \u00fczerindeki etkisinden Bellocq\u2019un foto\u011fraf \u00f6zneleri olan kad\u0131nlara dek bir\u00e7ok konuya de\u011findi\u011fi \u201cG\u00f6rmek\u201d ba\u015fl\u0131\u011f\u0131 alt\u0131ndaysa sinema, tiyatro, dans, foto\u011fraf, resim, opera gibi g\u00f6rsel sanatlara odaklan\u0131yor. Saraybosna\u2019da sava\u015f y\u0131llar\u0131nda Samuel Beckett\u2019in \u201cGodot\u2019yu Beklerken\u201d oyununu y\u00f6netti\u011fi zaman\u0131 \u00e7arp\u0131c\u0131 bi\u00e7imde kaleme ald\u0131\u011f\u0131 bir yaz\u0131n\u0131n da yer ald\u0131\u011f\u0131 son b\u00f6l\u00fcm \u201cOradan Buradan\u201d, bu iki duyunun d\u0131\u015f\u0131nda kalan denemeleri kaps\u0131yor.   Nihayetinde Sontag\u2019la ilgili \u00f6nemli olan zihnin ya\u015fam\u0131n\u0131, \u201ct\u00fcm\u00fcyle insan olman\u0131n yolu\u201d olarak okuma ve yazman\u0131n gereklili\u011fini savunmas\u0131d\u0131r. B\u00fcy\u00fck bir a\u00e7\u0131klay\u0131c\u0131d\u0131r ama a\u00e7\u0131klamalar\u0131 indirgemeci de\u011fildir&#8230; Tan\u0131d\u0131k olan\u0131 yeniden s\u0131n\u0131fland\u0131r\u0131r ve g\u00f6r\u00fc\u015f\u00fc tazeler&#8230; A\u00e7\u0131k se\u00e7ikli\u011fi, ba\u011f\u0131ms\u0131zl\u0131\u011f\u0131, ara\u015ft\u0131rmac\u0131l\u0131\u011f\u0131 ve kendini in\u015fa s\u00fcrecindeki benli\u011fi temsil eder.   \u2013Hilary Mantel, Los Angeles Times Book Review <\/p>\n","protected":false},"excerpt":{"rendered":"<p>Vurgulanan Yer, Amerikal\u0131 yazar ve ele\u015ftirmen Susan Sontag\u2019\u0131n \u00fc\u00e7 ba\u015fl\u0131k alt\u0131nda toplad\u0131\u011f\u0131 k\u0131rktan fazla denemeden olu\u015fuyor. Yazar\u0131n \u201cher \u015feyle ilgilenen biri\u201d oldu\u011funu \u00f6ne s\u00fcren Sontag, \u201cOkumak\u201d<span class=\"excerpt-hellip\"> [\u2026]<\/span><\/p>\n","protected":false},"featured_media":0,"template":"","meta":{"_monsterinsights_skip_tracking":false,"_monsterinsights_sitenote_active":false,"_monsterinsights_sitenote_note":"","_monsterinsights_sitenote_category":0},"product_brand":[],"product_cat":[12777,12291],"product_tag":[],"class_list":{"0":"post-746480","1":"product","2":"type-product","3":"status-publish","5":"product_cat-deneme","6":"product_cat-edebiyat","7":"pa_cilt-ciltsiz","8":"pa_tur-kitap","9":"pa_yayinevi-everest-yayinlari","10":"pa_yazar-susan-sontag","12":"first","13":"instock","14":"sale","15":"shipping-taxable","16":"purchasable","17":"product-type-simple"},"_links":{"self":[{"href":"https:\/\/roveyayinevi.com.tr\/index.php\/wp-json\/wp\/v2\/product\/746480","targetHints":{"allow":["GET"]}}],"collection":[{"href":"https:\/\/roveyayinevi.com.tr\/index.php\/wp-json\/wp\/v2\/product"}],"about":[{"href":"https:\/\/roveyayinevi.com.tr\/index.php\/wp-json\/wp\/v2\/types\/product"}],"wp:attachment":[{"href":"https:\/\/roveyayinevi.com.tr\/index.php\/wp-json\/wp\/v2\/media?parent=746480"}],"wp:term":[{"taxonomy":"product_brand","embeddable":true,"href":"https:\/\/roveyayinevi.com.tr\/index.php\/wp-json\/wp\/v2\/product_brand?post=746480"},{"taxonomy":"product_cat","embeddable":true,"href":"https:\/\/roveyayinevi.com.tr\/index.php\/wp-json\/wp\/v2\/product_cat?post=746480"},{"taxonomy":"product_tag","embeddable":true,"href":"https:\/\/roveyayinevi.com.tr\/index.php\/wp-json\/wp\/v2\/product_tag?post=746480"}],"curies":[{"name":"wp","href":"https:\/\/api.w.org\/{rel}","templated":true}]}}