{"id":746479,"date":"2025-08-28T02:43:23","date_gmt":"2025-08-27T23:43:23","guid":{"rendered":"https:\/\/roveyayinevi.com.tr\/index.php\/urun\/insan-ada-degildir\/"},"modified":"2026-04-16T02:58:55","modified_gmt":"2026-04-15T23:58:55","slug":"insan-ada-degildir","status":"publish","type":"product","link":"https:\/\/roveyayinevi.com.tr\/index.php\/urun\/insan-ada-degildir\/","title":{"rendered":"\u0130nsan Ada De\u011fildir"},"content":{"rendered":"<p>Ordine\u2019nin \u0130nsan Ada De\u011fildir\u2019de bir araya getirdi\u011fi pek \u00e7ok yazar, \u015fair ve d\u00fc\u015f\u00fcn\u00fcr ortak bir ide etraf\u0131nda toplan\u0131r: \u201cHi\u00e7 kimse ada de\u011fildir, kendi ba\u015f\u0131na b\u00fct\u00fcn de de\u011fildir; herkes k\u0131tan\u0131n bir k\u0131sm\u0131, okyanusun bir par\u00e7as\u0131d\u0131r.\u201d Aristoteles\u2019ten Sadi\u2019ye, Shakespeare\u2019den Virginia Woolf\u2019a, Tolstoy\u2019dan Camus\u2019ya, T. S. Eliot\u2019tan Ernest Hemingway\u2019e kadar adlar\u0131 t\u00fcm d\u00fcnyada bilinen bu ki\u015filer farkl\u0131 dillerde, farkl\u0131 c\u00fcmlelerle ayn\u0131 \u015feyi s\u00f6ylemi\u015ftir asl\u0131nda: Hepimiz ayn\u0131 bedenin farkl\u0131 uzuvlar\u0131, hepimiz bir okyanusun dalgalar\u0131y\u0131z. Birbirimize ba\u011fl\u0131 oldu\u011fumuz hakikatini kavramak ve ger\u00e7ek bir d\u00fcnya vatanda\u015f\u0131 olmak, s\u0131n\u0131rlar\u0131m\u0131z\u0131 u\u00e7suz bucaks\u0131z geni\u015fletecek; insanl\u0131k tek bir topluma, gezegenimiz devasa bir vatana d\u00f6n\u00fc\u015ft\u00fcrecektir. <\/p>\n","protected":false},"excerpt":{"rendered":"<p>Ordine\u2019nin \u0130nsan Ada De\u011fildir\u2019de bir araya getirdi\u011fi pek \u00e7ok yazar, \u015fair ve d\u00fc\u015f\u00fcn\u00fcr ortak bir ide etraf\u0131nda toplan\u0131r: \u201cHi\u00e7 kimse ada de\u011fildir, kendi ba\u015f\u0131na b\u00fct\u00fcn de<span class=\"excerpt-hellip\"> [\u2026]<\/span><\/p>\n","protected":false},"featured_media":0,"template":"","meta":{"_monsterinsights_skip_tracking":false,"_monsterinsights_sitenote_active":false,"_monsterinsights_sitenote_note":"","_monsterinsights_sitenote_category":0},"product_brand":[],"product_cat":[13072,12291],"product_tag":[],"class_list":{"0":"post-746479","1":"product","2":"type-product","3":"status-publish","5":"product_cat-arastirma-inceleme-referans","6":"product_cat-edebiyat","7":"pa_cilt-ciltsiz","8":"pa_tur-kitap","9":"pa_yayinevi-alfa-yayinlari","10":"pa_yazar-nuccio-ordine","12":"first","13":"instock","14":"sale","15":"shipping-taxable","16":"purchasable","17":"product-type-simple"},"_links":{"self":[{"href":"https:\/\/roveyayinevi.com.tr\/index.php\/wp-json\/wp\/v2\/product\/746479","targetHints":{"allow":["GET"]}}],"collection":[{"href":"https:\/\/roveyayinevi.com.tr\/index.php\/wp-json\/wp\/v2\/product"}],"about":[{"href":"https:\/\/roveyayinevi.com.tr\/index.php\/wp-json\/wp\/v2\/types\/product"}],"wp:attachment":[{"href":"https:\/\/roveyayinevi.com.tr\/index.php\/wp-json\/wp\/v2\/media?parent=746479"}],"wp:term":[{"taxonomy":"product_brand","embeddable":true,"href":"https:\/\/roveyayinevi.com.tr\/index.php\/wp-json\/wp\/v2\/product_brand?post=746479"},{"taxonomy":"product_cat","embeddable":true,"href":"https:\/\/roveyayinevi.com.tr\/index.php\/wp-json\/wp\/v2\/product_cat?post=746479"},{"taxonomy":"product_tag","embeddable":true,"href":"https:\/\/roveyayinevi.com.tr\/index.php\/wp-json\/wp\/v2\/product_tag?post=746479"}],"curies":[{"name":"wp","href":"https:\/\/api.w.org\/{rel}","templated":true}]}}