{"id":746477,"date":"2025-08-28T02:43:19","date_gmt":"2025-08-27T23:43:19","guid":{"rendered":"https:\/\/roveyayinevi.com.tr\/index.php\/urun\/grimmlerin-mirasi\/"},"modified":"2026-04-16T02:58:55","modified_gmt":"2026-04-15T23:58:55","slug":"grimmlerin-mirasi","status":"publish","type":"product","link":"https:\/\/roveyayinevi.com.tr\/index.php\/urun\/grimmlerin-mirasi\/","title":{"rendered":"Grimmlerin Miras\u0131"},"content":{"rendered":"<p>On sekizinci y\u00fczy\u0131l\u0131n sonlar\u0131nda Almanya\u2019da d\u00fcnyaya gelen Grimm Karde\u015fler, Jacob ve Wilhelm, \u00e7e\u015fitli Alman leh\u00e7elerindeki masallar\u0131 k\u00f6y k\u00f6y, kasaba kasaba gezerek derlemi\u015f ve Alman dilinin t\u00fcm inceliklerine h\u00e2kim olan iki dilbilimci olarak, bu dile b\u00fcy\u00fck katk\u0131larda bulunmu\u015flard\u0131r. Derledikleri masallar\u0131 Kinder-und Hausmarchen (\u00c7ocuk ve Ev Masallar\u0131) ad\u0131 alt\u0131nda yay\u0131mlayan Grimmler, yeti\u015fkinleri hedef alan masallar\u0131n\u0131n zaman i\u00e7inde \u00e7ocuk masallar\u0131na d\u00f6n\u00fc\u015fmesini, d\u00fcnyan\u0131n t\u00fcm \u00fclkelerinde tan\u0131n\u0131yor olmalar\u0131n\u0131 ve masallar\u0131n\u0131n \u00f6zellikle Amerika taraf\u0131ndan sahiplenilip Disneyle\u015ftirilmesini hi\u00e7 beklemiyorlard\u0131 muhakkak.   Grimmlerin Miras\u0131, \u201cPamuk Prenses ve Yedi C\u00fcceler\u201dden \u201cUyuyan G\u00fczel\u201de, \u201cHansel ile Gretel\u201dden \u201cParmak \u00c7ocuk\u201da, \u201cK\u0131rm\u0131z\u0131 Ba\u015fl\u0131kl\u0131 K\u0131z\u201ddan \u201cBremen M\u0131z\u0131kac\u0131lar\u0131\u201dna kadar hepimizin \u00e7ocukken dinledi\u011fi, okudu\u011fu ve izledi\u011fi masallar\u0131n kayna\u011f\u0131na d\u00f6n\u00fcp, onlara giden par\u0131lt\u0131l\u0131 d\u00fcnyan\u0131n kap\u0131lar\u0131n\u0131 ard\u0131na kadar a\u00e7\u0131yor. <\/p>\n","protected":false},"excerpt":{"rendered":"<p>On sekizinci y\u00fczy\u0131l\u0131n sonlar\u0131nda Almanya\u2019da d\u00fcnyaya gelen Grimm Karde\u015fler, Jacob ve Wilhelm, \u00e7e\u015fitli Alman leh\u00e7elerindeki masallar\u0131 k\u00f6y k\u00f6y, kasaba kasaba gezerek derlemi\u015f ve Alman dilinin t\u00fcm<span class=\"excerpt-hellip\"> [\u2026]<\/span><\/p>\n","protected":false},"featured_media":0,"template":"","meta":{"_monsterinsights_skip_tracking":false,"_monsterinsights_sitenote_active":false,"_monsterinsights_sitenote_note":"","_monsterinsights_sitenote_category":0},"product_brand":[],"product_cat":[13072,12291],"product_tag":[],"class_list":{"0":"post-746477","1":"product","2":"type-product","3":"status-publish","5":"product_cat-arastirma-inceleme-referans","6":"product_cat-edebiyat","7":"pa_cilt-ciltsiz","8":"pa_tur-kitap","9":"pa_yayinevi-alfa-yayinlari","10":"pa_yazar-jack-zipes","12":"first","13":"instock","14":"sale","15":"shipping-taxable","16":"purchasable","17":"product-type-simple"},"_links":{"self":[{"href":"https:\/\/roveyayinevi.com.tr\/index.php\/wp-json\/wp\/v2\/product\/746477","targetHints":{"allow":["GET"]}}],"collection":[{"href":"https:\/\/roveyayinevi.com.tr\/index.php\/wp-json\/wp\/v2\/product"}],"about":[{"href":"https:\/\/roveyayinevi.com.tr\/index.php\/wp-json\/wp\/v2\/types\/product"}],"wp:attachment":[{"href":"https:\/\/roveyayinevi.com.tr\/index.php\/wp-json\/wp\/v2\/media?parent=746477"}],"wp:term":[{"taxonomy":"product_brand","embeddable":true,"href":"https:\/\/roveyayinevi.com.tr\/index.php\/wp-json\/wp\/v2\/product_brand?post=746477"},{"taxonomy":"product_cat","embeddable":true,"href":"https:\/\/roveyayinevi.com.tr\/index.php\/wp-json\/wp\/v2\/product_cat?post=746477"},{"taxonomy":"product_tag","embeddable":true,"href":"https:\/\/roveyayinevi.com.tr\/index.php\/wp-json\/wp\/v2\/product_tag?post=746477"}],"curies":[{"name":"wp","href":"https:\/\/api.w.org\/{rel}","templated":true}]}}