{"id":746475,"date":"2025-08-28T02:43:18","date_gmt":"2025-08-27T23:43:18","guid":{"rendered":"https:\/\/roveyayinevi.com.tr\/index.php\/urun\/dil-antropolojisi\/"},"modified":"2026-04-16T02:58:55","modified_gmt":"2026-04-15T23:58:55","slug":"dil-antropolojisi","status":"publish","type":"product","link":"https:\/\/roveyayinevi.com.tr\/index.php\/urun\/dil-antropolojisi\/","title":{"rendered":"Dil Antropolojisi"},"content":{"rendered":"<p>Antropoloji ve Dil Bilimi disiplinleri T\u00fcrkiye\u2019de olduk\u00e7a eski ve yerle\u015fik iki disiplin olmas\u0131na ra\u011fmen Dil Antropolojisi genellikle g\u00f6z ard\u0131 edilen bir alan olageldi. T\u00fcrkiye\u2019de Antropoloji\u2019nin alt dallar\u0131ndan olan Dil Antropolojisi alan\u0131nda \u00fcr\u00fcn veren nadir bilim insanlar\u0131ndan olan Yal\u00e7\u0131n \u0130zbul, insan\u0131n dil yetisine dair derinlemesine ara\u015ft\u0131rmalar yaparak ula\u015ft\u0131\u011f\u0131 sonu\u00e7lar\u0131 akademik dergilerde makaleler \u015feklinde yay\u0131nlad\u0131. Onun \u00e7al\u0131\u015fmalar\u0131 sayesinde Dil Antropolojisi alan\u0131nda yabanc\u0131 dillerde yaz\u0131lm\u0131\u015f olan pek \u00e7ok makale T\u00fcrk\u00e7eye kazand\u0131r\u0131ld\u0131. Bu kitapta, Yal\u00e7\u0131n \u0130zbul taraf\u0131ndan farkl\u0131 zamanlarda yaz\u0131lm\u0131\u015f olan makaleler bir kitap format\u0131nda yeniden d\u00fczenlenerek okuyucunun ilgisine sunuldu. Kitab\u0131n alandaki \u00f6nemli bir bo\u015flu\u011fu dolduraca\u011f\u0131na inan\u0131yoruz.<\/p>\n","protected":false},"excerpt":{"rendered":"<p>Antropoloji ve Dil Bilimi disiplinleri T\u00fcrkiye\u2019de olduk\u00e7a eski ve yerle\u015fik iki disiplin olmas\u0131na ra\u011fmen Dil Antropolojisi genellikle g\u00f6z ard\u0131 edilen bir alan olageldi. T\u00fcrkiye\u2019de Antropoloji\u2019nin alt<span class=\"excerpt-hellip\"> [\u2026]<\/span><\/p>\n","protected":false},"featured_media":0,"template":"","meta":{"_monsterinsights_skip_tracking":false,"_monsterinsights_sitenote_active":false,"_monsterinsights_sitenote_note":"","_monsterinsights_sitenote_category":0},"product_brand":[],"product_cat":[15499,13488],"product_tag":[],"class_list":{"0":"post-746475","1":"product","2":"type-product","3":"status-publish","5":"product_cat-antropoloji","6":"product_cat-toplum-ve-insan","7":"pa_cilt-ciltsiz","8":"pa_tur-kitap","9":"pa_yayinevi-koyusiyah-kitap","10":"pa_yazar-yalcin-izbul","12":"first","13":"instock","14":"sale","15":"shipping-taxable","16":"purchasable","17":"product-type-simple"},"_links":{"self":[{"href":"https:\/\/roveyayinevi.com.tr\/index.php\/wp-json\/wp\/v2\/product\/746475","targetHints":{"allow":["GET"]}}],"collection":[{"href":"https:\/\/roveyayinevi.com.tr\/index.php\/wp-json\/wp\/v2\/product"}],"about":[{"href":"https:\/\/roveyayinevi.com.tr\/index.php\/wp-json\/wp\/v2\/types\/product"}],"wp:attachment":[{"href":"https:\/\/roveyayinevi.com.tr\/index.php\/wp-json\/wp\/v2\/media?parent=746475"}],"wp:term":[{"taxonomy":"product_brand","embeddable":true,"href":"https:\/\/roveyayinevi.com.tr\/index.php\/wp-json\/wp\/v2\/product_brand?post=746475"},{"taxonomy":"product_cat","embeddable":true,"href":"https:\/\/roveyayinevi.com.tr\/index.php\/wp-json\/wp\/v2\/product_cat?post=746475"},{"taxonomy":"product_tag","embeddable":true,"href":"https:\/\/roveyayinevi.com.tr\/index.php\/wp-json\/wp\/v2\/product_tag?post=746475"}],"curies":[{"name":"wp","href":"https:\/\/api.w.org\/{rel}","templated":true}]}}