{"id":746473,"date":"2025-08-28T02:43:16","date_gmt":"2025-08-27T23:43:16","guid":{"rendered":"https:\/\/roveyayinevi.com.tr\/index.php\/urun\/dunyayi-nasil-degistirdik\/"},"modified":"2026-04-16T02:58:55","modified_gmt":"2026-04-15T23:58:55","slug":"dunyayi-nasil-degistirdik","status":"publish","type":"product","link":"https:\/\/roveyayinevi.com.tr\/index.php\/urun\/dunyayi-nasil-degistirdik\/","title":{"rendered":"Du\u0308nyay\u0131 Nas\u0131l De\u011fi\u015ftirdik?"},"content":{"rendered":"<p>Yarat\u0131c\u0131 d\u00fc\u015f\u00fcncenin tarihi uzun; ilk ta\u015f aletlerden, bug\u00fcn\u00fcn vazge\u00e7ilmezi ak\u0131ll\u0131 telefonlara dek uzan\u0131yor. Alet, yontu, resim, yaz\u0131, yap\u0131, ayg\u0131t\u2026 Zihin her ad\u0131mda d\u00fcnyay\u0131 de\u011fi\u015ftiriyor, yeniden in\u015fa ediyor. Peki, bunu nas\u0131l yap\u0131yor? Cro-Magnon ressamlardan Leonardo da Vinci\u2019ye, Ar\u015fimet\u2019ten AlphaZero\u2019ya hep ayn\u0131 \u015feye tan\u0131k oluyoruz: Yenilik ve ilerlemeler tek bir d\u00e2hinin tek bir fikir \u00fcretmesiyle olmuyor; zihinlerin etkile\u015fimiyle ortaya \u00e7\u0131k\u0131yorlar. Yarat\u0131c\u0131l\u0131k, fantezi ve yenilik bireysel yetenekler de\u011fil, tersine insanlar aras\u0131ndaki temaslar\u0131n meyvesi. Her de\u011fi\u015fim yeni fikirlerin bulu\u015fmas\u0131yla ba\u015fl\u0131yor. D\u00fcnya ya\u015fad\u0131\u011f\u0131m\u0131z d\u00fcnyaya nas\u0131l d\u00f6n\u00fc\u015ft\u00fc? Biz insanlar bug\u00fcnk\u00fc halimize nas\u0131l geldik? Ve bu de\u011fi\u015fim nas\u0131l devam edecek? \u00c7ok sat\u0131lan kitaplar\u0131n yazar\u0131 Stefan Klein bu sorulara en doyurucu yan\u0131tlar\u0131 vermeye \u00e7al\u0131\u015f\u0131yor.   *** \u201c\u0130nsan Klein\u2019\u0131 elinden b\u0131rakam\u0131yor. \u2026 Kitab\u0131, d\u00fcnyan\u0131n alg\u0131lar\u0131m\u0131z\u0131, alg\u0131lar\u0131m\u0131z\u0131n da d\u00fcnyay\u0131 nas\u0131l de\u011fi\u015ftirdi\u011fini betimliyor.\u201d \u2014 ArnoWindman, FrankfurterRundschau, 19 Mart 2021 <\/p>\n","protected":false},"excerpt":{"rendered":"<p>Yarat\u0131c\u0131 d\u00fc\u015f\u00fcncenin tarihi uzun; ilk ta\u015f aletlerden, bug\u00fcn\u00fcn vazge\u00e7ilmezi ak\u0131ll\u0131 telefonlara dek uzan\u0131yor. Alet, yontu, resim, yaz\u0131, yap\u0131, ayg\u0131t\u2026 Zihin her ad\u0131mda d\u00fcnyay\u0131 de\u011fi\u015ftiriyor, yeniden in\u015fa<span class=\"excerpt-hellip\"> [\u2026]<\/span><\/p>\n","protected":false},"featured_media":0,"template":"","meta":{"_monsterinsights_skip_tracking":false,"_monsterinsights_sitenote_active":false,"_monsterinsights_sitenote_note":"","_monsterinsights_sitenote_category":0},"product_brand":[],"product_cat":[13005,13006],"product_tag":[],"class_list":{"0":"post-746473","1":"product","2":"type-product","3":"status-publish","5":"product_cat-bilim-muhendislik","6":"product_cat-populer-bilim","7":"pa_cilt-ciltsiz","8":"pa_tur-kitap","9":"pa_yayinevi-say-yayinlari","10":"pa_yazar-stefan-klein","12":"first","13":"instock","14":"sale","15":"shipping-taxable","16":"purchasable","17":"product-type-simple"},"_links":{"self":[{"href":"https:\/\/roveyayinevi.com.tr\/index.php\/wp-json\/wp\/v2\/product\/746473","targetHints":{"allow":["GET"]}}],"collection":[{"href":"https:\/\/roveyayinevi.com.tr\/index.php\/wp-json\/wp\/v2\/product"}],"about":[{"href":"https:\/\/roveyayinevi.com.tr\/index.php\/wp-json\/wp\/v2\/types\/product"}],"wp:attachment":[{"href":"https:\/\/roveyayinevi.com.tr\/index.php\/wp-json\/wp\/v2\/media?parent=746473"}],"wp:term":[{"taxonomy":"product_brand","embeddable":true,"href":"https:\/\/roveyayinevi.com.tr\/index.php\/wp-json\/wp\/v2\/product_brand?post=746473"},{"taxonomy":"product_cat","embeddable":true,"href":"https:\/\/roveyayinevi.com.tr\/index.php\/wp-json\/wp\/v2\/product_cat?post=746473"},{"taxonomy":"product_tag","embeddable":true,"href":"https:\/\/roveyayinevi.com.tr\/index.php\/wp-json\/wp\/v2\/product_tag?post=746473"}],"curies":[{"name":"wp","href":"https:\/\/api.w.org\/{rel}","templated":true}]}}