{"id":746471,"date":"2025-08-28T02:43:14","date_gmt":"2025-08-27T23:43:14","guid":{"rendered":"https:\/\/roveyayinevi.com.tr\/index.php\/urun\/kitap-lik-225-ocak-subat-2023\/"},"modified":"2026-04-16T02:58:55","modified_gmt":"2026-04-15T23:58:55","slug":"kitap-lik-225-ocak-subat-2023","status":"publish","type":"product","link":"https:\/\/roveyayinevi.com.tr\/index.php\/urun\/kitap-lik-225-ocak-subat-2023\/","title":{"rendered":"Kitap-l\u0131k 225 \/ Ocak \u2013 \u015eubat 2023"},"content":{"rendered":"<p>Eug\u00e8ne Ionesco Tiyatrosu Yap\u0131 Kredi Yay\u0131nlar\u0131 taraf\u0131ndan yay\u0131mlanmakta olan kitap-l\u0131k dergisinin 225. say\u0131s\u0131 \u015fiir ve \u00f6yk\u00fclerin yan\u0131 s\u0131ra birbirinden \u00f6nemli yaz\u0131larla dolu. Mehmet Rifat\u2019\u0131n haz\u0131rlad\u0131\u011f\u0131 kapsaml\u0131 dosyada 20. y\u00fczy\u0131l tiyatrosunda \u00e7\u0131\u011f\u0131r a\u00e7m\u0131\u015f Eug\u00e8ne Ionesco b\u00fct\u00fcn y\u00f6nleriyle ele al\u0131n\u0131yor. Mehmet Rifat\u2019\u0131n yaz\u0131s\u0131yla a\u00e7\u0131lan dosyada Roland Barthes, H\u00e9di Kaddour, Claude Abastado, Claude Mauriac yaz\u0131lar\u0131n\u0131n yan\u0131 s\u0131ra A. Benk, A. Compagnon, H. Kaddour, J. Lemarchand, G. Lerminier, P. Ric\u0153ur gibi isimlerin de g\u00f6r\u00fc\u015fleri yer al\u0131yor. Derginin \u00f6ne \u00e7\u0131kan \u00f6b\u00fcr sayfalar\u0131nda ise James Wood\u2019un \u201cOrhan Pamuk\u2019un Veba Geceleri\u2019nde Salg\u0131n ve \u0130syan\u201d ve Mehmet Can Do\u011fan\u2019\u0131n \u201cBilinmeyen \u0130lk ve Bir Ge\u00e7i\u015f \u015eiiriyle Ahmed Arif Mitinden Demir Almak\u201d yaz\u0131lar\u0131 var.   Nihat Ziyalan, S\u00fcreyya Berfe, H\u00fcseyin Ferhad, Turgay Kant\u00fcrk, Enver Topalo\u011flu, Bet\u00fcl Tar\u0131man, Hakan Savl\u0131, Cevdet Karal, \u00d6mer Erdem, B\u00e2ki Ayhan T., Ali Ay\u00e7il, Nafia Akdeniz ve Murat \u00c7elik \u015fiirleri; R\u0131za K\u0131ra\u00e7, G\u00f6khan Y\u0131lmaz, Bat\u0131kan K\u00f6se, \u00dczeyir Karahasano\u011flu \u00f6yk\u00fcleri; Mehmet Erg\u00fcven, Serdar Rifat K\u0131rko\u011flu, Ahmet B\u00fclent Eri\u015fti, Abdullah Ezik yaz\u0131lar\u0131; Tu\u011frul Tanyol \u015fiir, Esra Birkan \u00e7eviri s\u00f6yle\u015fileriyle  kitap-l\u0131k dergisinin 225. say\u0131s\u0131nda. <\/p>\n","protected":false},"excerpt":{"rendered":"<p>Eug\u00e8ne Ionesco Tiyatrosu Yap\u0131 Kredi Yay\u0131nlar\u0131 taraf\u0131ndan yay\u0131mlanmakta olan kitap-l\u0131k dergisinin 225. say\u0131s\u0131 \u015fiir ve \u00f6yk\u00fclerin yan\u0131 s\u0131ra birbirinden \u00f6nemli yaz\u0131larla dolu. Mehmet Rifat\u2019\u0131n haz\u0131rlad\u0131\u011f\u0131 kapsaml\u0131<span class=\"excerpt-hellip\"> [\u2026]<\/span><\/p>\n","protected":false},"featured_media":0,"template":"","meta":{"_monsterinsights_skip_tracking":false,"_monsterinsights_sitenote_active":false,"_monsterinsights_sitenote_note":"","_monsterinsights_sitenote_category":0},"product_brand":[],"product_cat":[30023,13527],"product_tag":[],"class_list":{"0":"post-746471","1":"product","2":"type-product","3":"status-publish","5":"product_cat-edebiyat-sureli-yayinlar","6":"product_cat-sureli-yayinlar","7":"pa_cilt-ciltsiz","8":"pa_tur-dergi","9":"pa_yayinevi-yapi-kredi-yayinlari-dergi","10":"pa_yazar-kolektif","12":"first","13":"instock","14":"sale","15":"shipping-taxable","16":"purchasable","17":"product-type-simple"},"_links":{"self":[{"href":"https:\/\/roveyayinevi.com.tr\/index.php\/wp-json\/wp\/v2\/product\/746471","targetHints":{"allow":["GET"]}}],"collection":[{"href":"https:\/\/roveyayinevi.com.tr\/index.php\/wp-json\/wp\/v2\/product"}],"about":[{"href":"https:\/\/roveyayinevi.com.tr\/index.php\/wp-json\/wp\/v2\/types\/product"}],"wp:attachment":[{"href":"https:\/\/roveyayinevi.com.tr\/index.php\/wp-json\/wp\/v2\/media?parent=746471"}],"wp:term":[{"taxonomy":"product_brand","embeddable":true,"href":"https:\/\/roveyayinevi.com.tr\/index.php\/wp-json\/wp\/v2\/product_brand?post=746471"},{"taxonomy":"product_cat","embeddable":true,"href":"https:\/\/roveyayinevi.com.tr\/index.php\/wp-json\/wp\/v2\/product_cat?post=746471"},{"taxonomy":"product_tag","embeddable":true,"href":"https:\/\/roveyayinevi.com.tr\/index.php\/wp-json\/wp\/v2\/product_tag?post=746471"}],"curies":[{"name":"wp","href":"https:\/\/api.w.org\/{rel}","templated":true}]}}