{"id":746468,"date":"2025-08-28T02:43:11","date_gmt":"2025-08-27T23:43:11","guid":{"rendered":"https:\/\/roveyayinevi.com.tr\/index.php\/urun\/kentin-aynalari\/"},"modified":"2026-04-16T02:58:55","modified_gmt":"2026-04-15T23:58:55","slug":"kentin-aynalari","status":"publish","type":"product","link":"https:\/\/roveyayinevi.com.tr\/index.php\/urun\/kentin-aynalari\/","title":{"rendered":"Kentin Aynalar\u0131"},"content":{"rendered":"<p>\u201cBu kitap on iki \u0130stanbullu sanat\u00e7\u0131dan olu\u015fan j\u00fcriyle bir oturum. Grubun rastlant\u0131sal bir se\u00e7im s\u00fcreciyle olu\u015fturuldu\u011funu s\u00f6yleyebiliriz, ancak hepsi \u015fehrin bug\u00fcn\u00fcne dair g\u00fcncel ve belirleyici bir izlenim sunmak \u00fczere bir araya geldi. Ortak bir yol haritalar\u0131 yok, dolay\u0131s\u0131yla ortaya uyumlu bir topluluk, heyet ya da z\u00fcmre \u00e7\u0131km\u0131yor, ancak bu masadan do\u011fabilecek nice diyalog var.\u201d   Yap\u0131 Kredi Yay\u0131nlar\u0131\u2019ndan ilk kez 2015\u2019te K\u00fcresel Sanat Pusulas\u0131 \u2013 21. Y\u00fczy\u0131l Sanat\u0131nda Yeni Y\u00f6nelimler adl\u0131 kitab\u0131 yay\u0131mlanan yazar ve k\u00fcrat\u00f6r Alistair Hicks yeni kitab\u0131 Kentin Aynalar\u0131 \u2013 \u0130stanbul\u2019un Sanat\u00e7\u0131lar\u0131ndan Yans\u0131malar ile okuyucuyla bulu\u015fuyor. Kitap Halil Alt\u0131ndere, Osman Bozkurt, Hera B\u00fcy\u00fckta\u015fc\u0131yan, Antonio Cosentino, Cevdet Erek, Leyla Gediz, Nilbar G\u00fcre\u015f, G\u00f6zde \u0130lkin, Ali Kazma, Serra Tansel, Serkan Taycan, Hale Tenger\u2019in \u0130stanbul\u2019la kurduklar\u0131 ili\u015fkiye odaklan\u0131yor. <\/p>\n","protected":false},"excerpt":{"rendered":"<p>\u201cBu kitap on iki \u0130stanbullu sanat\u00e7\u0131dan olu\u015fan j\u00fcriyle bir oturum. Grubun rastlant\u0131sal bir se\u00e7im s\u00fcreciyle olu\u015fturuldu\u011funu s\u00f6yleyebiliriz, ancak hepsi \u015fehrin bug\u00fcn\u00fcne dair g\u00fcncel ve belirleyici bir<span class=\"excerpt-hellip\"> [\u2026]<\/span><\/p>\n","protected":false},"featured_media":0,"template":"","meta":{"_monsterinsights_skip_tracking":false,"_monsterinsights_sitenote_active":false,"_monsterinsights_sitenote_note":"","_monsterinsights_sitenote_category":0},"product_brand":[],"product_cat":[40414,12408],"product_tag":[],"class_list":{"0":"post-746468","1":"product","2":"type-product","3":"status-publish","5":"product_cat-referans-kitaplar-sanat","6":"product_cat-sanat","7":"pa_cilt-ciltsiz","8":"pa_tur-kitap","9":"pa_yayinevi-yapi-kredi-yayinlari","10":"pa_yazar-alistair-hicks","12":"first","13":"instock","14":"sale","15":"shipping-taxable","16":"purchasable","17":"product-type-simple"},"_links":{"self":[{"href":"https:\/\/roveyayinevi.com.tr\/index.php\/wp-json\/wp\/v2\/product\/746468","targetHints":{"allow":["GET"]}}],"collection":[{"href":"https:\/\/roveyayinevi.com.tr\/index.php\/wp-json\/wp\/v2\/product"}],"about":[{"href":"https:\/\/roveyayinevi.com.tr\/index.php\/wp-json\/wp\/v2\/types\/product"}],"wp:attachment":[{"href":"https:\/\/roveyayinevi.com.tr\/index.php\/wp-json\/wp\/v2\/media?parent=746468"}],"wp:term":[{"taxonomy":"product_brand","embeddable":true,"href":"https:\/\/roveyayinevi.com.tr\/index.php\/wp-json\/wp\/v2\/product_brand?post=746468"},{"taxonomy":"product_cat","embeddable":true,"href":"https:\/\/roveyayinevi.com.tr\/index.php\/wp-json\/wp\/v2\/product_cat?post=746468"},{"taxonomy":"product_tag","embeddable":true,"href":"https:\/\/roveyayinevi.com.tr\/index.php\/wp-json\/wp\/v2\/product_tag?post=746468"}],"curies":[{"name":"wp","href":"https:\/\/api.w.org\/{rel}","templated":true}]}}