{"id":746458,"date":"2025-08-28T02:42:59","date_gmt":"2025-08-27T23:42:59","guid":{"rendered":"https:\/\/roveyayinevi.com.tr\/index.php\/urun\/sarf-i-turki\/"},"modified":"2026-04-16T02:58:55","modified_gmt":"2026-04-15T23:58:55","slug":"sarf-i-turki","status":"publish","type":"product","link":"https:\/\/roveyayinevi.com.tr\/index.php\/urun\/sarf-i-turki\/","title":{"rendered":"Sarf-\u0131 T\u00fcrki"},"content":{"rendered":"<p>Mehmed Emin\u2019in Sarf-\u0131 T\u00fcrki kitab\u0131 Cumhuriyet T\u00fcrkiye\u2019si i\u00e7in arkaik bir u\u011fra\u015f olan \u201cOsmanl\u0131ca\u201d diye tabir edilen \u201cArap harfleriyle T\u00fcrk\u00e7e yaz\u0131 dili\u201d son d\u00f6nem h\u00fck\u00fcmetlerimizin \u00f6zel te\u015fvikiyle tekrar canland\u0131r\u0131lmaya ba\u015flam\u0131\u015ft\u0131rr. Bu vesileyle \u00f6zellikle orta\u00f6\u011fretimde se\u00e7meli ders olarak okutulmas\u0131 ve yine devlet destekli ve\/veya g\u00f6n\u00fcll\u00fclerin \u00f6zverili \u00e7al\u0131\u015fmalar\u0131yla tekrar entelekt\u00fcel kaynaklar\u0131m\u0131z\u0131n bir unsuru olmu\u015ftur. Osmanl\u0131ca, yak\u0131n ge\u00e7mi\u015fe kadar \u00f6zellikle milliyet\u00e7i-muhafazak\u00e2r siyasi g\u00f6r\u00fc\u015fe mensup ki\u015filerin faaliyet alan\u0131yd\u0131. \u015e\u00fck\u00fcrler olsun ki, tekrar g\u00fcn\u00fcm\u00fczde hemen hemen t\u00fcm kesimlerin entelekt\u00fcel faaliyeti olarak ayd\u0131nlar\u0131m\u0131z\u0131n ilgi oda\u011f\u0131 haline gelmi\u015ftir. Zira harf devriminden \u00f6ncesine ait muazzam bir bilgi birikimi \u201cOsmanl\u0131ca\u201d ile ortaya konmu\u015ftur. Mezk\u00fbr bilgi kaynaklar\u0131na ula\u015fman\u0131n da olmazsa olmaz\u0131 bu yaz\u0131 dilinin \u00f6\u011frenilmesinden ge\u00e7mektedir. G\u00fcn\u00fcm\u00fcz insan\u0131na, g\u00fcncel dilbilgisi y\u00f6ntemleriyle \u201cOsmanl\u0131ca\u201dy\u0131 \u00f6\u011fretmeyi ama\u00e7layan bir\u00e7ok kitaplar yaz\u0131lm\u0131\u015ft\u0131r, yaz\u0131lacakt\u0131r. Bu \u00e7al\u0131\u015fmalar\u0131n hepsi de istifadeye medar olan \u00e7al\u0131\u015fmalard\u0131r. Te\u015fvik edilmesi zaruridir. Ancak g\u00fcn\u00fcm\u00fcz alfabesine aktard\u0131\u011f\u0131m\u0131z Mehmed Emin Bey\u2019in Sarf-\u0131 T\u00fcrki kitab\u0131 yay\u0131nland\u0131\u011f\u0131 1906 tarihi grameriyle yaz\u0131ld\u0131\u011f\u0131ndan Osmanl\u0131ca dilbilgisini bir derece daha ileri ta\u015f\u0131mak isteyenler i\u00e7in \u00e7ok ilgin\u00e7 tan\u0131mlama ve bilgileri ihtiva etti\u011finden olduk\u00e7a keyifli bir okuma sunaca\u011f\u0131n\u0131 okuyucular da fark edeceklerdir. \u00d6zellikle \u201cDil Bilgisi\u201d bilimiyle ve tarihiyle ilgilenenler i\u00e7in de \u00f6nemli bir kaynak arz etmi\u015f bulunmaktay\u0131z. Kitab\u0131n yazar\u0131 \u201cMehmed Emin\u201d ismi ile ilgili kitapta \u201cMekteb-i Askeriye-i \u015eahane M\u00fcfeti\u015f-i Umumili\u011fi Maiyetine Memur Kaymakam\u201d olarak tan\u0131mland\u0131\u011f\u0131ndan Genel Kurmay Ba\u015fkanl\u0131\u011f\u0131 ar\u015fivine m\u00fcracaat ettik. Maalesef tatmin edici bilgi alamad\u0131k. Edebiyat antolojilerine ve sahan\u0131n otoritelerine de m\u00fcracaat ettik, oralardan da bilgi alamad\u0131k. Bu yay\u0131n vesilesiyle bir bilgiye sahip olan ara\u015ft\u0131rmac\u0131, akademisyenlerden bilgi geldi\u011finde sonraki bask\u0131lar\u0131nda kullanaca\u011f\u0131m\u0131z\u0131 belirtmek isteriz.                                                                                                                                             Dr. Ahmet KAYA <\/p>\n","protected":false},"excerpt":{"rendered":"<p>Mehmed Emin\u2019in Sarf-\u0131 T\u00fcrki kitab\u0131 Cumhuriyet T\u00fcrkiye\u2019si i\u00e7in arkaik bir u\u011fra\u015f olan \u201cOsmanl\u0131ca\u201d diye tabir edilen \u201cArap harfleriyle T\u00fcrk\u00e7e yaz\u0131 dili\u201d son d\u00f6nem h\u00fck\u00fcmetlerimizin \u00f6zel te\u015fvikiyle<span class=\"excerpt-hellip\"> [\u2026]<\/span><\/p>\n","protected":false},"featured_media":0,"template":"","meta":{"_monsterinsights_skip_tracking":false,"_monsterinsights_sitenote_active":false,"_monsterinsights_sitenote_note":"","_monsterinsights_sitenote_category":0},"product_brand":[],"product_cat":[12291,12509],"product_tag":[],"class_list":{"0":"post-746458","1":"product","2":"type-product","3":"status-publish","5":"product_cat-edebiyat","6":"product_cat-siir","7":"pa_cilt-ciltsiz","8":"pa_tur-kitap","9":"pa_yayinevi-kultur-ajans-yayinlari","10":"pa_yazar-mehmed-emin","12":"first","13":"instock","14":"sale","15":"shipping-taxable","16":"purchasable","17":"product-type-simple"},"_links":{"self":[{"href":"https:\/\/roveyayinevi.com.tr\/index.php\/wp-json\/wp\/v2\/product\/746458","targetHints":{"allow":["GET"]}}],"collection":[{"href":"https:\/\/roveyayinevi.com.tr\/index.php\/wp-json\/wp\/v2\/product"}],"about":[{"href":"https:\/\/roveyayinevi.com.tr\/index.php\/wp-json\/wp\/v2\/types\/product"}],"wp:attachment":[{"href":"https:\/\/roveyayinevi.com.tr\/index.php\/wp-json\/wp\/v2\/media?parent=746458"}],"wp:term":[{"taxonomy":"product_brand","embeddable":true,"href":"https:\/\/roveyayinevi.com.tr\/index.php\/wp-json\/wp\/v2\/product_brand?post=746458"},{"taxonomy":"product_cat","embeddable":true,"href":"https:\/\/roveyayinevi.com.tr\/index.php\/wp-json\/wp\/v2\/product_cat?post=746458"},{"taxonomy":"product_tag","embeddable":true,"href":"https:\/\/roveyayinevi.com.tr\/index.php\/wp-json\/wp\/v2\/product_tag?post=746458"}],"curies":[{"name":"wp","href":"https:\/\/api.w.org\/{rel}","templated":true}]}}