{"id":746454,"date":"2025-08-28T02:42:54","date_gmt":"2025-08-27T23:42:54","guid":{"rendered":"https:\/\/roveyayinevi.com.tr\/index.php\/urun\/korler-ordusu\/"},"modified":"2026-04-16T02:58:55","modified_gmt":"2026-04-15T23:58:55","slug":"korler-ordusu","status":"publish","type":"product","link":"https:\/\/roveyayinevi.com.tr\/index.php\/urun\/korler-ordusu\/","title":{"rendered":"K\u00f6rler Ordusu"},"content":{"rendered":"<p>&#8221;O g\u00fcnden sonra yan\u0131ndan, yak\u0131n\u0131ndan ay\u0131rmam\u0131\u015ft\u0131 Y\u00fcce II. Basileius Ioannes\u2019i. Ya\u015fad\u0131\u011f\u0131 s\u00fcrece ona hami, hatta yak\u0131n dost olmu\u015ftu. Sesini de yabana atmam\u0131\u015ft\u0131 do\u011frusu. Ordular\u0131n\u0131 tefti\u015f derken kendisine e\u015flik etmesini isterdi. T\u00fcm Do\u011fu Roma \u0130mparatorlu\u011fu\u2019nda nam salm\u0131\u015f o tiz naras\u0131yla askerlerini co\u015fturmas\u0131 i\u00e7in.\u201d   Orta Karadenizli (Paflagonya) m\u00fctevaz\u0131 bir k\u00f6yl\u00fc ailesinde ba\u015flay\u0131p Do\u011fu Roma \u0130mparatorlu\u011fu\u2019nun ba\u015fkentinde, \u201c\u015eehirlerin Krali\u00e7esi\u201dnde ya\u015fanan bir hik\u00e2yenin kahraman\u0131d\u0131r Ioannes Orfanotrofos. Kutsal Saray\u2019da en \u00f6nemli b\u00fcrokratik g\u00f6revlerde bulunmakla kalmam\u0131\u015f, imparatorlara s\u0131rda\u015fl\u0131k, dan\u0131\u015fmanl\u0131k etmi\u015ftir ve t\u00fcm bu sebeplerden \u00f6t\u00fcr\u00fc, Bizans tarihinin en \u00f6nemli fig\u00fcrlerinden biridir. Sadece saray i\u00e7in de\u011fil, halk nezdinde de b\u00f6yledir. Bu y\u00fczdendir ki \u201cYetimlerin Hamisi\u201d olarak an\u0131l\u0131r. Yaln\u0131zca kendisininkini de\u011fil, karde\u015fi Mikhail\u2019in, Krali\u00e7e Zoe, III. Romanos ve II. Basileius ba\u015fta olmak \u00fczere temas etti\u011fi insanlar\u0131n hik\u00e2yelerini de s\u0131rad\u0131\u015f\u0131 bir hale getirmi\u015ftir Orfanotrofos. Feyza Zaim K\u00f6rler Ordusu adl\u0131 roman\u0131nda, Ioannes Orfanotrofos\u2019un d\u00f6nem masallar\u0131na, kroniklere, vakayinamelere konu olan hik\u00e2yesini yeniden yaz\u0131yor. Bu s\u0131rad\u0131\u015f\u0131 fig\u00fcr \u00fczerinden d\u00f6nemin saray hayat\u0131n\u0131 ve \u0130stanbul\u2019unu adeta bir Bizans ilahisiyle anlat\u0131yor. <\/p>\n","protected":false},"excerpt":{"rendered":"<p>&#8221;O g\u00fcnden sonra yan\u0131ndan, yak\u0131n\u0131ndan ay\u0131rmam\u0131\u015ft\u0131 Y\u00fcce II. Basileius Ioannes\u2019i. Ya\u015fad\u0131\u011f\u0131 s\u00fcrece ona hami, hatta yak\u0131n dost olmu\u015ftu. Sesini de yabana atmam\u0131\u015ft\u0131 do\u011frusu. Ordular\u0131n\u0131 tefti\u015f derken<span class=\"excerpt-hellip\"> [\u2026]<\/span><\/p>\n","protected":false},"featured_media":0,"template":"","meta":{"_monsterinsights_skip_tracking":false,"_monsterinsights_sitenote_active":false,"_monsterinsights_sitenote_note":"","_monsterinsights_sitenote_category":0},"product_brand":[],"product_cat":[12291,12711],"product_tag":[],"class_list":{"0":"post-746454","1":"product","2":"type-product","3":"status-publish","5":"product_cat-edebiyat","6":"product_cat-roman-oyku","7":"pa_cilt-ciltsiz","8":"pa_tur-kitap","9":"pa_yayinevi-kirmizi-kedi-yayinevi","10":"pa_yazar-feyza-zaim","12":"first","13":"instock","14":"sale","15":"shipping-taxable","16":"purchasable","17":"product-type-simple"},"_links":{"self":[{"href":"https:\/\/roveyayinevi.com.tr\/index.php\/wp-json\/wp\/v2\/product\/746454","targetHints":{"allow":["GET"]}}],"collection":[{"href":"https:\/\/roveyayinevi.com.tr\/index.php\/wp-json\/wp\/v2\/product"}],"about":[{"href":"https:\/\/roveyayinevi.com.tr\/index.php\/wp-json\/wp\/v2\/types\/product"}],"wp:attachment":[{"href":"https:\/\/roveyayinevi.com.tr\/index.php\/wp-json\/wp\/v2\/media?parent=746454"}],"wp:term":[{"taxonomy":"product_brand","embeddable":true,"href":"https:\/\/roveyayinevi.com.tr\/index.php\/wp-json\/wp\/v2\/product_brand?post=746454"},{"taxonomy":"product_cat","embeddable":true,"href":"https:\/\/roveyayinevi.com.tr\/index.php\/wp-json\/wp\/v2\/product_cat?post=746454"},{"taxonomy":"product_tag","embeddable":true,"href":"https:\/\/roveyayinevi.com.tr\/index.php\/wp-json\/wp\/v2\/product_tag?post=746454"}],"curies":[{"name":"wp","href":"https:\/\/api.w.org\/{rel}","templated":true}]}}