{"id":746453,"date":"2025-08-28T02:42:53","date_gmt":"2025-08-27T23:42:53","guid":{"rendered":"https:\/\/roveyayinevi.com.tr\/index.php\/urun\/amerikanin-turkler-tarafindan-kesfi\/"},"modified":"2026-04-16T02:58:54","modified_gmt":"2026-04-15T23:58:54","slug":"amerikanin-turkler-tarafindan-kesfi","status":"publish","type":"product","link":"https:\/\/roveyayinevi.com.tr\/index.php\/urun\/amerikanin-turkler-tarafindan-kesfi\/","title":{"rendered":"Amerika\u2019n\u0131n T\u00fcrkler Taraf\u0131ndan Ke\u015ffi"},"content":{"rendered":"<p>90\u2019lar\u0131n ba\u015f\u0131nda d\u00fcnya Amerika\u2019n\u0131n ke\u015ffinin 500. y\u0131ld\u00f6n\u00fcm\u00fc \u201ckutlamalar\u0131\u201d i\u00e7in \u00e7al\u0131\u015f\u0131rken, Jorge Amado farkl\u0131 ve olabildi\u011fince ironik bir \u201cke\u015fif\u201d hik\u00e2yesi kaleme alm\u0131\u015ft\u0131: Amerika\u2019n\u0131n T\u00fcrkler Taraf\u0131ndan Ke\u015ffi.  Yirminci y\u00fczy\u0131l ba\u015flar\u0131nda gemilere binerek para kazanma ve ser\u00fcven tutkusuyla G\u00fcney Amerika sahillerine do\u011fru yola \u00e7\u0131kan Suriyeli Jamil Bichara ve L\u00fcbnanl\u0131 Raduan Murad\u2019\u0131n, nam\u0131 di\u011fer \u201cTurco\u201dlar\u0131n Amerika\u2019y\u0131 ke\u015ffinin roman\u0131 bu. Amado\u2019nun ifadesiyle, \u201cG\u00fcn\u00fcm\u00fczde de Brezilya n\u00fcfusu i\u00e7in \u00f6nemli bir topluluk olu\u015fturan bu yi\u011fit insanlar\u201d\u0131n&#8230; \u0130\u015fte Amado bu olduk\u00e7a e\u011flenceli roman\u0131nda hem \u201cTurco\u201dlar\u0131n hik\u00e2yesini anlat\u0131yor hem de Brezilya halk\u0131n\u0131n ve \u00fclkedeki kahve k\u00fclt\u00fcr\u00fcn\u00fcn olu\u015fmas\u0131n\u0131 farkl\u0131 bir bi\u00e7imde ele al\u0131yor. \u00d6mer Hayyam\u2019dan a\u015fk rubaileri okuyan, ser\u00fcvenci, bilge, kumarbaz ve insan\u0131n akl\u0131n\u0131 ba\u015f\u0131ndan alacak kadar yak\u0131\u015f\u0131kl\u0131 Raduan Murad, onun iri yap\u0131l\u0131, gen\u00e7 ser\u00fcven arkada\u015f\u0131 Jamil Bichara, t\u00fcccar \u0130brahim ve evlilik \u00e7a\u011f\u0131ndaki k\u0131zlar\u0131\u2026 K\u0131p\u0131r k\u0131p\u0131r, s\u00fcrekli kaynayan bir anlat\u0131m. Jos\u00e9 Saramago\u2019nun \u201chik\u00e2ye anlatma sanat\u0131n\u0131n d\u00e2hisi\u201d olarak tan\u0131mlad\u0131\u011f\u0131 Amado\u2019dan \u201cbin ikinci\u201d gece masal\u0131. <\/p>\n","protected":false},"excerpt":{"rendered":"<p>90\u2019lar\u0131n ba\u015f\u0131nda d\u00fcnya Amerika\u2019n\u0131n ke\u015ffinin 500. y\u0131ld\u00f6n\u00fcm\u00fc \u201ckutlamalar\u0131\u201d i\u00e7in \u00e7al\u0131\u015f\u0131rken, Jorge Amado farkl\u0131 ve olabildi\u011fince ironik bir \u201cke\u015fif\u201d hik\u00e2yesi kaleme alm\u0131\u015ft\u0131: Amerika\u2019n\u0131n T\u00fcrkler Taraf\u0131ndan Ke\u015ffi. Yirminci<span class=\"excerpt-hellip\"> [\u2026]<\/span><\/p>\n","protected":false},"featured_media":0,"template":"","meta":{"_monsterinsights_skip_tracking":false,"_monsterinsights_sitenote_active":false,"_monsterinsights_sitenote_note":"","_monsterinsights_sitenote_category":0},"product_brand":[],"product_cat":[12291,18202],"product_tag":[],"class_list":{"0":"post-746453","1":"product","2":"type-product","3":"status-publish","5":"product_cat-edebiyat","6":"product_cat-hikaye","7":"pa_cilt-ciltsiz","8":"pa_tur-kitap","9":"pa_yayinevi-kirmizi-kedi-yayinevi","10":"pa_yazar-jorge-amado","12":"first","13":"instock","14":"sale","15":"shipping-taxable","16":"purchasable","17":"product-type-simple"},"_links":{"self":[{"href":"https:\/\/roveyayinevi.com.tr\/index.php\/wp-json\/wp\/v2\/product\/746453","targetHints":{"allow":["GET"]}}],"collection":[{"href":"https:\/\/roveyayinevi.com.tr\/index.php\/wp-json\/wp\/v2\/product"}],"about":[{"href":"https:\/\/roveyayinevi.com.tr\/index.php\/wp-json\/wp\/v2\/types\/product"}],"wp:attachment":[{"href":"https:\/\/roveyayinevi.com.tr\/index.php\/wp-json\/wp\/v2\/media?parent=746453"}],"wp:term":[{"taxonomy":"product_brand","embeddable":true,"href":"https:\/\/roveyayinevi.com.tr\/index.php\/wp-json\/wp\/v2\/product_brand?post=746453"},{"taxonomy":"product_cat","embeddable":true,"href":"https:\/\/roveyayinevi.com.tr\/index.php\/wp-json\/wp\/v2\/product_cat?post=746453"},{"taxonomy":"product_tag","embeddable":true,"href":"https:\/\/roveyayinevi.com.tr\/index.php\/wp-json\/wp\/v2\/product_tag?post=746453"}],"curies":[{"name":"wp","href":"https:\/\/api.w.org\/{rel}","templated":true}]}}