{"id":746451,"date":"2025-08-28T02:42:51","date_gmt":"2025-08-27T23:42:51","guid":{"rendered":"https:\/\/roveyayinevi.com.tr\/index.php\/urun\/kamer-genc\/"},"modified":"2026-04-16T02:58:54","modified_gmt":"2026-04-15T23:58:54","slug":"kamer-genc","status":"publish","type":"product","link":"https:\/\/roveyayinevi.com.tr\/index.php\/urun\/kamer-genc\/","title":{"rendered":"Kamer Gen\u00e7"},"content":{"rendered":"<p>Kamer Gen\u00e7\u2019in muhalif kimli\u011finin embriyo a\u015famas\u0131 Dersim\u2019de bir k\u00f6y ilkokulunda, paras\u0131z yat\u0131l\u0131da, Ankara\u2019da devlete kar\u015f\u0131 vatanda\u015f\u0131n savunulmas\u0131 anlam\u0131na gelen Dan\u0131\u015ftay h\u00e2kimli\u011fi y\u0131llar\u0131nda yatar. Ayakkab\u0131s\u0131z okula gidilen y\u0131llardan, g\u00fc\u00e7l\u00fc devlet kar\u015f\u0131s\u0131nda zay\u0131f yurtta\u015f\u0131n haklar\u0131n\u0131n ele al\u0131nd\u0131\u011f\u0131 davalarda h\u00e2kimlik g\u00f6revine; Kamer Gen\u00e7 i\u015fte bu y\u0131llar\u0131n bir ifadesi ve \u00fcr\u00fcn\u00fcd\u00fcr.  Kitab\u0131n birinci b\u00f6l\u00fcm\u00fc, Gen\u00e7\u2019in d\u00fc\u015f\u00fcnce ve eylemlerinin irdelenmesinden, ikinci b\u00f6l\u00fcm\u00fc ise ne\u015fe, ak\u0131l ve mizah dolu davran\u0131\u015flar\u0131n\u0131 ortaya koyan ki\u015fisel tan\u0131kl\u0131klardan olu\u015fmaktad\u0131r. <\/p>\n","protected":false},"excerpt":{"rendered":"<p>Kamer Gen\u00e7\u2019in muhalif kimli\u011finin embriyo a\u015famas\u0131 Dersim\u2019de bir k\u00f6y ilkokulunda, paras\u0131z yat\u0131l\u0131da, Ankara\u2019da devlete kar\u015f\u0131 vatanda\u015f\u0131n savunulmas\u0131 anlam\u0131na gelen Dan\u0131\u015ftay h\u00e2kimli\u011fi y\u0131llar\u0131nda yatar. Ayakkab\u0131s\u0131z okula gidilen<span class=\"excerpt-hellip\"> [\u2026]<\/span><\/p>\n","protected":false},"featured_media":0,"template":"","meta":{"_monsterinsights_skip_tracking":false,"_monsterinsights_sitenote_active":false,"_monsterinsights_sitenote_note":"","_monsterinsights_sitenote_category":0},"product_brand":[],"product_cat":[13590,12337],"product_tag":[],"class_list":{"0":"post-746451","1":"product","2":"type-product","3":"status-publish","5":"product_cat-arastirma-inceleme-politika-siyaset","6":"product_cat-politika-siyaset","7":"pa_cilt-ciltsiz","8":"pa_tur-kitap","9":"pa_yayinevi-kirmizi-kedi-yayinevi","10":"pa_yazar-huseyin-aygun","12":"first","13":"instock","14":"sale","15":"shipping-taxable","16":"purchasable","17":"product-type-simple"},"_links":{"self":[{"href":"https:\/\/roveyayinevi.com.tr\/index.php\/wp-json\/wp\/v2\/product\/746451","targetHints":{"allow":["GET"]}}],"collection":[{"href":"https:\/\/roveyayinevi.com.tr\/index.php\/wp-json\/wp\/v2\/product"}],"about":[{"href":"https:\/\/roveyayinevi.com.tr\/index.php\/wp-json\/wp\/v2\/types\/product"}],"wp:attachment":[{"href":"https:\/\/roveyayinevi.com.tr\/index.php\/wp-json\/wp\/v2\/media?parent=746451"}],"wp:term":[{"taxonomy":"product_brand","embeddable":true,"href":"https:\/\/roveyayinevi.com.tr\/index.php\/wp-json\/wp\/v2\/product_brand?post=746451"},{"taxonomy":"product_cat","embeddable":true,"href":"https:\/\/roveyayinevi.com.tr\/index.php\/wp-json\/wp\/v2\/product_cat?post=746451"},{"taxonomy":"product_tag","embeddable":true,"href":"https:\/\/roveyayinevi.com.tr\/index.php\/wp-json\/wp\/v2\/product_tag?post=746451"}],"curies":[{"name":"wp","href":"https:\/\/api.w.org\/{rel}","templated":true}]}}