{"id":746450,"date":"2025-08-28T02:42:50","date_gmt":"2025-08-27T23:42:50","guid":{"rendered":"https:\/\/roveyayinevi.com.tr\/index.php\/urun\/sagligin-olumu\/"},"modified":"2026-04-16T02:58:54","modified_gmt":"2026-04-15T23:58:54","slug":"sagligin-olumu","status":"publish","type":"product","link":"https:\/\/roveyayinevi.com.tr\/index.php\/urun\/sagligin-olumu\/","title":{"rendered":"Sa\u011fl\u0131\u011f\u0131n \u00d6l\u00fcm\u00fc"},"content":{"rendered":"<p>Bu kitap, makine m\u00fchendisi olacakken tesad\u00fcfen doktor olmu\u015f, doktorlu\u011fu \u00e7ok sevmi\u015f, hekimli\u011fi severek uygulam\u0131\u015f, bildiklerini \u00f6\u011frencilerine severek \u00f6\u011fretmeye \u00e7al\u0131\u015fm\u0131\u015f bir hekimin feryad\u0131d\u0131r. Hekimin muayene i\u00e7in gelen hastas\u0131 ile yapt\u0131\u011f\u0131 konu\u015fmaya t\u0131p dilinde \u201canamnez alma\u201d ve ard\u0131ndan iznini alarak hastay\u0131 muayene etmeye ba\u015flamas\u0131 i\u015flemine de \u201cfizik muayene\u201d ad\u0131 verilir. Son y\u0131llarda sa\u011fl\u0131k hizmetlerinin \u00f6zelle\u015ftirilmesi ve hastan\u0131n bir m\u00fc\u015fteri gibi g\u00f6r\u00fclmesinin ard\u0131ndan hastal\u0131klar\u0131n tan\u0131mlanmas\u0131nda bu iki \u00f6nemli y\u00f6ntemin yerine ileri teknolojilerin \u00fcr\u00fcn\u00fc ve olduk\u00e7a pahal\u0131 laboratuvar tetkiklerinin konulmas\u0131 hekimlerin tan\u0131 koymakta zorlanmas\u0131na, hastalarla s\u00fcrekli kar\u015f\u0131 kar\u015f\u0131ya gelmesine sebep olmaktad\u0131r. San\u0131ld\u0131\u011f\u0131n\u0131n aksine, bilgisayar teknolojisine dayal\u0131 hi\u00e7bir ileri te\u015fhis y\u00f6ntemi anamnez ve fizik muayenenin yerini alabilmi\u015f de\u011fildir. Bu kitab\u0131n yazar\u0131 hastalar\u0131na zaman ay\u0131rman\u0131n, anamnez almak ve yeterli fizik muayene yapman\u0131n hekimler a\u00e7\u0131s\u0131ndan bir etik gereklilik oldu\u011funu d\u00fc\u015f\u00fcnmektedir. Kitapta yer alan an\u0131lar ve ger\u00e7ek hayat hik\u00e2yeleri sa\u011fl\u0131k sisteminin geldi\u011fi yerin sorgulanmas\u0131 ve hastalar\u0131n m\u00fc\u015fteri olarak g\u00f6r\u00fclmesinin irdelenmesidir. Bu y\u00fczden bu kitap sevgili F\u00fcruzan\u2019\u0131n deyimiyle \u201cBir ahlak kitab\u0131d\u0131r\u201d da. <\/p>\n","protected":false},"excerpt":{"rendered":"<p>Bu kitap, makine m\u00fchendisi olacakken tesad\u00fcfen doktor olmu\u015f, doktorlu\u011fu \u00e7ok sevmi\u015f, hekimli\u011fi severek uygulam\u0131\u015f, bildiklerini \u00f6\u011frencilerine severek \u00f6\u011fretmeye \u00e7al\u0131\u015fm\u0131\u015f bir hekimin feryad\u0131d\u0131r. Hekimin muayene i\u00e7in gelen<span class=\"excerpt-hellip\"> [\u2026]<\/span><\/p>\n","protected":false},"featured_media":0,"template":"","meta":{"_monsterinsights_skip_tracking":false,"_monsterinsights_sitenote_active":false,"_monsterinsights_sitenote_note":"","_monsterinsights_sitenote_category":0},"product_brand":[],"product_cat":[13366,13365],"product_tag":[],"class_list":{"0":"post-746450","1":"product","2":"type-product","3":"status-publish","5":"product_cat-diger-saglik","6":"product_cat-saglik","7":"pa_cilt-ciltsiz","8":"pa_tur-kitap","9":"pa_yayinevi-ayrinti-yayinlari","10":"pa_yazar-m-taner-goren","12":"first","13":"instock","14":"sale","15":"shipping-taxable","16":"purchasable","17":"product-type-simple"},"_links":{"self":[{"href":"https:\/\/roveyayinevi.com.tr\/index.php\/wp-json\/wp\/v2\/product\/746450","targetHints":{"allow":["GET"]}}],"collection":[{"href":"https:\/\/roveyayinevi.com.tr\/index.php\/wp-json\/wp\/v2\/product"}],"about":[{"href":"https:\/\/roveyayinevi.com.tr\/index.php\/wp-json\/wp\/v2\/types\/product"}],"wp:attachment":[{"href":"https:\/\/roveyayinevi.com.tr\/index.php\/wp-json\/wp\/v2\/media?parent=746450"}],"wp:term":[{"taxonomy":"product_brand","embeddable":true,"href":"https:\/\/roveyayinevi.com.tr\/index.php\/wp-json\/wp\/v2\/product_brand?post=746450"},{"taxonomy":"product_cat","embeddable":true,"href":"https:\/\/roveyayinevi.com.tr\/index.php\/wp-json\/wp\/v2\/product_cat?post=746450"},{"taxonomy":"product_tag","embeddable":true,"href":"https:\/\/roveyayinevi.com.tr\/index.php\/wp-json\/wp\/v2\/product_tag?post=746450"}],"curies":[{"name":"wp","href":"https:\/\/api.w.org\/{rel}","templated":true}]}}