{"id":746448,"date":"2025-08-28T02:42:47","date_gmt":"2025-08-27T23:42:47","guid":{"rendered":"https:\/\/roveyayinevi.com.tr\/index.php\/urun\/edward-said-secme-eserler-1966-2006\/"},"modified":"2026-04-16T02:58:54","modified_gmt":"2026-04-15T23:58:54","slug":"edward-said-secme-eserler-1966-2006","status":"publish","type":"product","link":"https:\/\/roveyayinevi.com.tr\/index.php\/urun\/edward-said-secme-eserler-1966-2006\/","title":{"rendered":"Edward Said Se\u00e7me Eserler 1966 &#8211; 2006"},"content":{"rendered":"<p>Edward Said, tan\u0131k oldu\u011fu olaylara al\u0131\u015f\u0131lm\u0131\u015f\u0131n ve anaak\u0131m\u0131n d\u0131\u015f\u0131nda, titiz, bilimsel ve polemik\u00e7i bir tav\u0131rla yakla\u015fan s\u0131ra d\u0131\u015f\u0131 bir entelekt\u00fcel. \u00d6l\u00fcm\u00fcn\u00fcn yaratt\u0131\u011f\u0131 bo\u015flu\u011fa ra\u011fmen, eserleriyle ve politik tutumuyla bug\u00fcn\u00fcn tart\u0131\u015fmalar\u0131na \u0131\u015f\u0131k tutmaya devam ediyor. Said\u2019in kariyerindeki 40 y\u0131ll\u0131k d\u00f6nemin \u00fcr\u00fcnlerini kapsayan Se\u00e7me Eserler, onun entelekt\u00fcel yolculu\u011funu, ilham ald\u0131\u011f\u0131 kaynaklar\u0131 ve ilgi alan\u0131n\u0131n geni\u015fli\u011fini ke\u015ffetmek i\u00e7in e\u015fi bulunmaz bir f\u0131rsat. Se\u00e7me Eserler, Said\u2019in eserlerindeki temel tart\u0131\u015fma noktalar\u0131n\u0131 ve metinleri kaps\u0131yor. Yazar\u0131n ya\u015fam\u00f6yk\u00fcs\u00fc ile akademik faaliyetleri aras\u0131ndaki ili\u015fkinin b\u00fct\u00fcnl\u00fckl\u00fc bir bi\u00e7imde takip edilebilece\u011fi bir izle\u011fi okurlara sunuyor. B\u00f6ylece Said\u2019in erken d\u00f6nem esinlenmelerinden Sarkiyat\u00e7\u0131l\u0131k\u2019a ve oradan \u00f6mr\u00fcn\u00fcn son d\u00f6neminde kaleme ald\u0131klar\u0131na uzanan, ayaklar\u0131n\u0131 edebiyat ve k\u00fclt\u00fcr ele\u015ftirisinin olu\u015fturdu\u011fu bir k\u00f6pr\u00fc kuruluyor. Se\u00e7me Eserler, hem Said ile yeni tan\u0131\u015facaklar hem Said okurlar\u0131 hem de onun d\u00fc\u015f\u00fcnsel miras\u0131 \u00fczerine \u00e7al\u0131\u015fanlar i\u00e7in \u00e7ok \u00f6nemli bir kaynak. <\/p>\n","protected":false},"excerpt":{"rendered":"<p>Edward Said, tan\u0131k oldu\u011fu olaylara al\u0131\u015f\u0131lm\u0131\u015f\u0131n ve anaak\u0131m\u0131n d\u0131\u015f\u0131nda, titiz, bilimsel ve polemik\u00e7i bir tav\u0131rla yakla\u015fan s\u0131ra d\u0131\u015f\u0131 bir entelekt\u00fcel. \u00d6l\u00fcm\u00fcn\u00fcn yaratt\u0131\u011f\u0131 bo\u015flu\u011fa ra\u011fmen, eserleriyle ve<span class=\"excerpt-hellip\"> [\u2026]<\/span><\/p>\n","protected":false},"featured_media":0,"template":"","meta":{"_monsterinsights_skip_tracking":false,"_monsterinsights_sitenote_active":false,"_monsterinsights_sitenote_note":"","_monsterinsights_sitenote_category":0},"product_brand":[],"product_cat":[12291],"product_tag":[],"class_list":{"0":"post-746448","1":"product","2":"type-product","3":"status-publish","5":"product_cat-edebiyat","6":"pa_cilt-ciltsiz","7":"pa_tur-kitap","8":"pa_yayinevi-ayrinti-yayinlari","9":"pa_yazar-ed-moustafa-bayoumi-andrew-rubin","11":"first","12":"instock","13":"sale","14":"shipping-taxable","15":"purchasable","16":"product-type-simple"},"_links":{"self":[{"href":"https:\/\/roveyayinevi.com.tr\/index.php\/wp-json\/wp\/v2\/product\/746448","targetHints":{"allow":["GET"]}}],"collection":[{"href":"https:\/\/roveyayinevi.com.tr\/index.php\/wp-json\/wp\/v2\/product"}],"about":[{"href":"https:\/\/roveyayinevi.com.tr\/index.php\/wp-json\/wp\/v2\/types\/product"}],"wp:attachment":[{"href":"https:\/\/roveyayinevi.com.tr\/index.php\/wp-json\/wp\/v2\/media?parent=746448"}],"wp:term":[{"taxonomy":"product_brand","embeddable":true,"href":"https:\/\/roveyayinevi.com.tr\/index.php\/wp-json\/wp\/v2\/product_brand?post=746448"},{"taxonomy":"product_cat","embeddable":true,"href":"https:\/\/roveyayinevi.com.tr\/index.php\/wp-json\/wp\/v2\/product_cat?post=746448"},{"taxonomy":"product_tag","embeddable":true,"href":"https:\/\/roveyayinevi.com.tr\/index.php\/wp-json\/wp\/v2\/product_tag?post=746448"}],"curies":[{"name":"wp","href":"https:\/\/api.w.org\/{rel}","templated":true}]}}