{"id":746446,"date":"2025-08-28T02:42:46","date_gmt":"2025-08-27T23:42:46","guid":{"rendered":"https:\/\/roveyayinevi.com.tr\/index.php\/urun\/dunyanin-kisa-tarihi\/"},"modified":"2026-04-16T02:58:54","modified_gmt":"2026-04-15T23:58:54","slug":"dunyanin-kisa-tarihi","status":"publish","type":"product","link":"https:\/\/roveyayinevi.com.tr\/index.php\/urun\/dunyanin-kisa-tarihi\/","title":{"rendered":"D\u00fcnya&#8217;n\u0131n K\u0131sa Tarihi"},"content":{"rendered":"<p>\u201cD\u00fcnyaca tan\u0131nan jeolog Andrew H. Knoll, gezegenimizin 4,6 milyar y\u0131ll\u0131k ge\u00e7mi\u015finin soya\u011fac\u0131n\u0131 \u00e7\u0131kard\u0131\u011f\u0131; \u00f6zenle haz\u0131rlanm\u0131\u015f, kolay anla\u015f\u0131lan bir D\u00fcnya biyografisiyle okurlar\u0131n\u0131n kar\u015f\u0131s\u0131na \u00e7\u0131k\u0131yor. Yirmi birinci y\u00fczy\u0131l\u0131n iklim de\u011fi\u015fikli\u011fini ana izle\u011fine alan kitap, ge\u00e7mi\u015fte nerede oldu\u011fumuza ve \u015fu an nereye gitti\u011fimize dair ger\u00e7ek\u00e7i bir bak\u0131\u015f sunuyor.\u201d Neil Shubin, Chicago \u00dcniversitesi \u00f6\u011fretim g\u00f6revlisi, paleontolog ve Your Inner Fish kitab\u0131n\u0131n yazar\u0131   \u201cYery\u00fcz\u00fc\u2019n\u00fcn tarihini ustal\u0131kla \u00f6zetliyor\u2026 Muazzam bir el kitab\u0131. \u201dKirkus Reviews <\/p>\n","protected":false},"excerpt":{"rendered":"<p>\u201cD\u00fcnyaca tan\u0131nan jeolog Andrew H. Knoll, gezegenimizin 4,6 milyar y\u0131ll\u0131k ge\u00e7mi\u015finin soya\u011fac\u0131n\u0131 \u00e7\u0131kard\u0131\u011f\u0131; \u00f6zenle haz\u0131rlanm\u0131\u015f, kolay anla\u015f\u0131lan bir D\u00fcnya biyografisiyle okurlar\u0131n\u0131n kar\u015f\u0131s\u0131na \u00e7\u0131k\u0131yor. Yirmi birinci y\u00fczy\u0131l\u0131n<span class=\"excerpt-hellip\"> [\u2026]<\/span><\/p>\n","protected":false},"featured_media":0,"template":"","meta":{"_monsterinsights_skip_tracking":false,"_monsterinsights_sitenote_active":false,"_monsterinsights_sitenote_note":"","_monsterinsights_sitenote_category":0},"product_brand":[],"product_cat":[13005,15998],"product_tag":[],"class_list":{"0":"post-746446","1":"product","2":"type-product","3":"status-publish","5":"product_cat-bilim-muhendislik","6":"product_cat-bilim-tarihi","7":"pa_cilt-ciltsiz","8":"pa_tur-kitap","9":"pa_yayinevi-dusbaz-kitaplar","10":"pa_yazar-andrew-h-knoll","12":"first","13":"instock","14":"sale","15":"shipping-taxable","16":"purchasable","17":"product-type-simple"},"_links":{"self":[{"href":"https:\/\/roveyayinevi.com.tr\/index.php\/wp-json\/wp\/v2\/product\/746446","targetHints":{"allow":["GET"]}}],"collection":[{"href":"https:\/\/roveyayinevi.com.tr\/index.php\/wp-json\/wp\/v2\/product"}],"about":[{"href":"https:\/\/roveyayinevi.com.tr\/index.php\/wp-json\/wp\/v2\/types\/product"}],"wp:attachment":[{"href":"https:\/\/roveyayinevi.com.tr\/index.php\/wp-json\/wp\/v2\/media?parent=746446"}],"wp:term":[{"taxonomy":"product_brand","embeddable":true,"href":"https:\/\/roveyayinevi.com.tr\/index.php\/wp-json\/wp\/v2\/product_brand?post=746446"},{"taxonomy":"product_cat","embeddable":true,"href":"https:\/\/roveyayinevi.com.tr\/index.php\/wp-json\/wp\/v2\/product_cat?post=746446"},{"taxonomy":"product_tag","embeddable":true,"href":"https:\/\/roveyayinevi.com.tr\/index.php\/wp-json\/wp\/v2\/product_tag?post=746446"}],"curies":[{"name":"wp","href":"https:\/\/api.w.org\/{rel}","templated":true}]}}