{"id":746442,"date":"2025-08-28T02:42:40","date_gmt":"2025-08-27T23:42:40","guid":{"rendered":"https:\/\/roveyayinevi.com.tr\/index.php\/urun\/korku-gunlugu\/"},"modified":"2026-04-16T02:58:54","modified_gmt":"2026-04-15T23:58:54","slug":"korku-gunlugu","status":"publish","type":"product","link":"https:\/\/roveyayinevi.com.tr\/index.php\/urun\/korku-gunlugu\/","title":{"rendered":"Korku G\u00fcnl\u00fc\u011f\u00fc"},"content":{"rendered":"<p>Korku ve paranormal hik\u00e2yelerin ba\u015far\u0131l\u0131 anlat\u0131c\u0131s\u0131 I\u015f\u0131l I\u015f\u0131k, sizlere \u00f6zel bir hediye haz\u0131rlad\u0131: Korku G\u00fcnl\u00fc\u011f\u00fc. Bu g\u00fcnl\u00fck di\u011ferlerinden \u00e7ok farkl\u0131! S\u00fcresiz ajanda olarak kullanabilece\u011finiz  Korku G\u00fcnl\u00fc\u011f\u00fc ile haftal\u0131k planlamalar\u0131n\u0131z\u0131n yan\u0131nda ayl\u0131k hedeflerinizi olu\u015ftururken size pop\u00fcler korku karakterleri ve \u015fehir efsaneleri de e\u015flik edecek. \u0130\u00e7inde bulunan birbirinden farkl\u0131 etkinliklerle kitap okumaktan tiyatroya gitmeye, hedeflerinizi takip etmekten yazma yetene\u011finizi ke\u015ffetmeye kadar bir\u00e7ok al\u0131\u015fkanl\u0131k kazanacaks\u0131n\u0131z\u2026    T\u00fcm bunlar ve daha fazlas\u0131 sizin i\u00e7in Korku G\u00fcnl\u00fc\u011f\u00fc\u2019nde\u2026\u2026    <\/p>\n","protected":false},"excerpt":{"rendered":"<p>Korku ve paranormal hik\u00e2yelerin ba\u015far\u0131l\u0131 anlat\u0131c\u0131s\u0131 I\u015f\u0131l I\u015f\u0131k, sizlere \u00f6zel bir hediye haz\u0131rlad\u0131: Korku G\u00fcnl\u00fc\u011f\u00fc. Bu g\u00fcnl\u00fck di\u011ferlerinden \u00e7ok farkl\u0131! S\u00fcresiz ajanda olarak kullanabilece\u011finiz Korku G\u00fcnl\u00fc\u011f\u00fc<span class=\"excerpt-hellip\"> [\u2026]<\/span><\/p>\n","protected":false},"featured_media":0,"template":"","meta":{"_monsterinsights_skip_tracking":false,"_monsterinsights_sitenote_active":false,"_monsterinsights_sitenote_note":"","_monsterinsights_sitenote_category":0},"product_brand":[],"product_cat":[12291,17033],"product_tag":[],"class_list":{"0":"post-746442","1":"product","2":"type-product","3":"status-publish","5":"product_cat-edebiyat","6":"product_cat-korku-gerilim","7":"pa_cilt-ciltsiz","8":"pa_tur-kitap","9":"pa_yayinevi-yediveren-yayinlari","10":"pa_yazar-isil-isik","12":"first","13":"instock","14":"sale","15":"shipping-taxable","16":"purchasable","17":"product-type-simple"},"_links":{"self":[{"href":"https:\/\/roveyayinevi.com.tr\/index.php\/wp-json\/wp\/v2\/product\/746442","targetHints":{"allow":["GET"]}}],"collection":[{"href":"https:\/\/roveyayinevi.com.tr\/index.php\/wp-json\/wp\/v2\/product"}],"about":[{"href":"https:\/\/roveyayinevi.com.tr\/index.php\/wp-json\/wp\/v2\/types\/product"}],"wp:attachment":[{"href":"https:\/\/roveyayinevi.com.tr\/index.php\/wp-json\/wp\/v2\/media?parent=746442"}],"wp:term":[{"taxonomy":"product_brand","embeddable":true,"href":"https:\/\/roveyayinevi.com.tr\/index.php\/wp-json\/wp\/v2\/product_brand?post=746442"},{"taxonomy":"product_cat","embeddable":true,"href":"https:\/\/roveyayinevi.com.tr\/index.php\/wp-json\/wp\/v2\/product_cat?post=746442"},{"taxonomy":"product_tag","embeddable":true,"href":"https:\/\/roveyayinevi.com.tr\/index.php\/wp-json\/wp\/v2\/product_tag?post=746442"}],"curies":[{"name":"wp","href":"https:\/\/api.w.org\/{rel}","templated":true}]}}