{"id":746441,"date":"2025-08-28T02:42:39","date_gmt":"2025-08-27T23:42:39","guid":{"rendered":"https:\/\/roveyayinevi.com.tr\/index.php\/urun\/keman-icin-piyano-eslikli-halk-ezgileri\/"},"modified":"2026-04-16T02:58:54","modified_gmt":"2026-04-15T23:58:54","slug":"keman-icin-piyano-eslikli-halk-ezgileri","status":"publish","type":"product","link":"https:\/\/roveyayinevi.com.tr\/index.php\/urun\/keman-icin-piyano-eslikli-halk-ezgileri\/","title":{"rendered":"Keman \u0130\u00e7in Piyano E\u015flikli Halk Ezgileri"},"content":{"rendered":"<p>Halk m\u00fczi\u011finin e\u011fitim m\u00fczi\u011fine d\u00e2hil edilmesiyle ba\u015flayan ulusal \u00e7a\u011fda\u015f keman okulu i\u00e7in materyal geli\u015ftirmenin e\u011fitimi daha nitelikli, verimli hale getirmesi ve beraberinde ulusal keman ekol\u00fcn\u00fc olu\u015fturmas\u0131 beklenmektedir. Elinizdeki kitap bu beklentilere cevap vermesi dile\u011fiyle ve keman literat\u00fcr\u00fcne katk\u0131 sa\u011flamas\u0131 amac\u0131yla haz\u0131rlanm\u0131\u015ft\u0131r. Kitab\u0131n i\u00e7eri\u011fini piyano e\u015flikleri ile birlikte kemana uyarlanan farkl\u0131 makamsal tonlardaki 7 anonim t\u00fcrk\u00fc ve 1 \u00f6zg\u00fcn par\u00e7a olu\u015fturmaktad\u0131r. Bu eserler \u015funlard\u0131r: Ali Pa\u015fa A\u011f\u0131d\u0131 (Arpa Ektim Bi\u00e7emedim), Yeni Cami Avlusunda, \u00c7ar\u015fambay\u0131 Sel Ald\u0131, Suya Gider All\u0131 Gelin Has Gelin, Zeynep, De\u011firmen Ba\u015f\u0131nda Vurdular Beni, Yeni Hamam\u0131n \u00dcst\u00fcyem, Masa \u00dcst\u00fcnde Testi Tema ve \u00c7e\u015fitlemeler. Eser se\u00e7iminde y\u00f6re g\u00f6zetimi yap\u0131lmam\u0131\u015f, daha \u00f6nce i\u015flenmemi\u015f oldu\u011fu d\u00fc\u015f\u00fcn\u00fclen t\u00fcrk\u00fcler se\u00e7ilmi\u015ftir.  Kitaptaki t\u00fcrk\u00fclerin \u00e7al\u0131c\u0131lar taraf\u0131ndan dinlenebilmesi ve piyano e\u015flikli olarak \u00e7al\u0131\u015fabilmesi i\u00e7in par\u00e7alar\u0131n sadece piyano e\u015fli\u011fi ile keman ve piyanonun birlikte yer ald\u0131\u011f\u0131 ses\/video kay\u0131tlar\u0131 ayr\u0131ca eklenmi\u015ftir. Kitab\u0131n k\u00fcnyeside yer alan karekod ile bu kay\u0131tlara kolayca ula\u015fabilirsiniz. T\u00fcrk keman okuluna katk\u0131 sa\u011flamas\u0131 ve eserlerin sevilerek seslendirilmesi dile\u011fiyle. <\/p>\n","protected":false},"excerpt":{"rendered":"<p>Halk m\u00fczi\u011finin e\u011fitim m\u00fczi\u011fine d\u00e2hil edilmesiyle ba\u015flayan ulusal \u00e7a\u011fda\u015f keman okulu i\u00e7in materyal geli\u015ftirmenin e\u011fitimi daha nitelikli, verimli hale getirmesi ve beraberinde ulusal keman ekol\u00fcn\u00fc olu\u015fturmas\u0131<span class=\"excerpt-hellip\"> [\u2026]<\/span><\/p>\n","protected":false},"featured_media":0,"template":"","meta":{"_monsterinsights_skip_tracking":false,"_monsterinsights_sitenote_active":false,"_monsterinsights_sitenote_note":"","_monsterinsights_sitenote_category":0},"product_brand":[],"product_cat":[14556],"product_tag":[],"class_list":{"0":"post-746441","1":"product","2":"type-product","3":"status-publish","5":"product_cat-muzik","6":"pa_cilt-ciltsiz","7":"pa_tur-kitap","8":"pa_yayinevi-muzik-egitimi-yayinlari","9":"pa_yazar-canan-fidan-erten","11":"first","12":"instock","13":"sale","14":"shipping-taxable","15":"purchasable","16":"product-type-simple"},"_links":{"self":[{"href":"https:\/\/roveyayinevi.com.tr\/index.php\/wp-json\/wp\/v2\/product\/746441","targetHints":{"allow":["GET"]}}],"collection":[{"href":"https:\/\/roveyayinevi.com.tr\/index.php\/wp-json\/wp\/v2\/product"}],"about":[{"href":"https:\/\/roveyayinevi.com.tr\/index.php\/wp-json\/wp\/v2\/types\/product"}],"wp:attachment":[{"href":"https:\/\/roveyayinevi.com.tr\/index.php\/wp-json\/wp\/v2\/media?parent=746441"}],"wp:term":[{"taxonomy":"product_brand","embeddable":true,"href":"https:\/\/roveyayinevi.com.tr\/index.php\/wp-json\/wp\/v2\/product_brand?post=746441"},{"taxonomy":"product_cat","embeddable":true,"href":"https:\/\/roveyayinevi.com.tr\/index.php\/wp-json\/wp\/v2\/product_cat?post=746441"},{"taxonomy":"product_tag","embeddable":true,"href":"https:\/\/roveyayinevi.com.tr\/index.php\/wp-json\/wp\/v2\/product_tag?post=746441"}],"curies":[{"name":"wp","href":"https:\/\/api.w.org\/{rel}","templated":true}]}}