{"id":746438,"date":"2025-08-28T02:42:36","date_gmt":"2025-08-27T23:42:36","guid":{"rendered":"https:\/\/roveyayinevi.com.tr\/index.php\/urun\/gecenin-kralicesi\/"},"modified":"2026-04-16T02:58:54","modified_gmt":"2026-04-15T23:58:54","slug":"gecenin-kralicesi","status":"publish","type":"product","link":"https:\/\/roveyayinevi.com.tr\/index.php\/urun\/gecenin-kralicesi\/","title":{"rendered":"Gecenin Krali\u00e7esi"},"content":{"rendered":"<p>Gelece\u011fini g\u00fcvence alt\u0131na almak i\u00e7in durmaks\u0131z\u0131n \u00e7al\u0131\u015fan bir lise \u00f6\u011frencisi, ondan \u00e7ok daha farkl\u0131 bir hayattan gelen ve y\u0131ld\u0131zlar\u0131n\u0131n asla bar\u0131\u015fmayaca\u011f\u0131n\u0131 d\u00fc\u015f\u00fcnen bir erkek \u00f6\u011frenciye g\u00fcvenip de ger\u00e7ek a\u015fk\u0131 bulabilir mi? Gecenin Krali\u00e7esi, bir gece hi\u00e7 tan\u0131mad\u0131\u011f\u0131 bir numaradan gelen bir mesajla hayat\u0131 tamamen de\u011fi\u015fen bir gen\u00e7 k\u0131z\u0131n hik\u00e2yesi. Aile ili\u015fkilerinin ini\u015f \u00e7\u0131k\u0131\u015flar\u0131n\u0131, g\u00fcven duyman\u0131n zorlu\u011funu ve huzurunu, bedenlerimize dair alg\u0131m\u0131z\u0131, g\u00fcndelik sorumluluklar\u0131, s\u0131nav stresini ve gelece\u011fe dair umudu hem e\u011flenceli bir dil, hem de \u00e7arp\u0131c\u0131 bir ger\u00e7eklikle aktaranGecenin Krali\u00e7esi, farkl\u0131 d\u00fcnyalar\u0131n asl\u0131nda ne kadar da yak\u0131n olabilece\u011fini g\u00f6steriyor.<\/p>\n","protected":false},"excerpt":{"rendered":"<p>Gelece\u011fini g\u00fcvence alt\u0131na almak i\u00e7in durmaks\u0131z\u0131n \u00e7al\u0131\u015fan bir lise \u00f6\u011frencisi, ondan \u00e7ok daha farkl\u0131 bir hayattan gelen ve y\u0131ld\u0131zlar\u0131n\u0131n asla bar\u0131\u015fmayaca\u011f\u0131n\u0131 d\u00fc\u015f\u00fcnen bir erkek \u00f6\u011frenciye g\u00fcvenip<span class=\"excerpt-hellip\"> [\u2026]<\/span><\/p>\n","protected":false},"featured_media":0,"template":"","meta":{"_monsterinsights_skip_tracking":false,"_monsterinsights_sitenote_active":false,"_monsterinsights_sitenote_note":"","_monsterinsights_sitenote_category":0},"product_brand":[],"product_cat":[12291,50487],"product_tag":[],"class_list":{"0":"post-746438","1":"product","2":"type-product","3":"status-publish","5":"product_cat-edebiyat","6":"product_cat-kurgu","7":"pa_cilt-ciltsiz","8":"pa_tur-kitap","9":"pa_yayinevi-epsilon-yayinlari","10":"pa_yazar-aysegul-yildiz","12":"first","13":"instock","14":"sale","15":"shipping-taxable","16":"purchasable","17":"product-type-simple"},"_links":{"self":[{"href":"https:\/\/roveyayinevi.com.tr\/index.php\/wp-json\/wp\/v2\/product\/746438","targetHints":{"allow":["GET"]}}],"collection":[{"href":"https:\/\/roveyayinevi.com.tr\/index.php\/wp-json\/wp\/v2\/product"}],"about":[{"href":"https:\/\/roveyayinevi.com.tr\/index.php\/wp-json\/wp\/v2\/types\/product"}],"wp:attachment":[{"href":"https:\/\/roveyayinevi.com.tr\/index.php\/wp-json\/wp\/v2\/media?parent=746438"}],"wp:term":[{"taxonomy":"product_brand","embeddable":true,"href":"https:\/\/roveyayinevi.com.tr\/index.php\/wp-json\/wp\/v2\/product_brand?post=746438"},{"taxonomy":"product_cat","embeddable":true,"href":"https:\/\/roveyayinevi.com.tr\/index.php\/wp-json\/wp\/v2\/product_cat?post=746438"},{"taxonomy":"product_tag","embeddable":true,"href":"https:\/\/roveyayinevi.com.tr\/index.php\/wp-json\/wp\/v2\/product_tag?post=746438"}],"curies":[{"name":"wp","href":"https:\/\/api.w.org\/{rel}","templated":true}]}}