{"id":746437,"date":"2025-08-28T02:42:35","date_gmt":"2025-08-27T23:42:35","guid":{"rendered":"https:\/\/roveyayinevi.com.tr\/index.php\/urun\/erdem-etigi\/"},"modified":"2026-04-16T02:58:54","modified_gmt":"2026-04-15T23:58:54","slug":"erdem-etigi","status":"publish","type":"product","link":"https:\/\/roveyayinevi.com.tr\/index.php\/urun\/erdem-etigi\/","title":{"rendered":"Erdem Eti\u011fi"},"content":{"rendered":"<p>Bu kitap, k\u00f6kenleri Aristoteles\u2019e kadar gitmesine ve ondan k\u00f6ken almas\u0131na kar\u015f\u0131n, etikte yeni bir kuram olarak ortaya at\u0131lan erdem eti\u011fi \u00fczerine \u00fclkemizde yap\u0131lan ilk \u00e7al\u0131\u015fmad\u0131r.   Kendisini \u201cteleoloji\u201d ve \u201cdeontoloji\u201d kuramlar\u0131na alternatif, \u201cyeni\u201d bir kuram olarak sunan erdem eti\u011fi, erdeme ve karaktere verdi\u011fi \u00f6nem ve \u00f6ncelik bak\u0131m\u0131ndan onlardan ayr\u0131lmaktad\u0131r.  Eti\u011fin eylem merkezli de\u011fil, eyleyen merkezli olmas\u0131 gerekti\u011fi, etikte tek ba\u015f\u0131na eylemin de\u011fil, erdemli eylemin ve eylemde bulunan ki\u015finin yap\u0131s\u0131n\u0131n merkezde oldu\u011fu ileri s\u00fcr\u00fclmektedir.   Erdem eti\u011finin ana savlar\u0131n\u0131, onun iki kar\u015f\u0131t \u201cnormatif\u201d etik kuram olarak sunulan deontolojik ve teleolojik kuramlar kar\u015f\u0131s\u0131ndaki yerini ele\u015ftirel bir bak\u0131\u015fla ele alan bu \u00e7al\u0131\u015fma, \u00f6zellikle etik kuramlar ve erdem eti\u011fi konusunda bilgi edinmek isteyenler i\u00e7in \u00f6zg\u00fcn bir temel kaynak niteli\u011findedir. <\/p>\n","protected":false},"excerpt":{"rendered":"<p>Bu kitap, k\u00f6kenleri Aristoteles\u2019e kadar gitmesine ve ondan k\u00f6ken almas\u0131na kar\u015f\u0131n, etikte yeni bir kuram olarak ortaya at\u0131lan erdem eti\u011fi \u00fczerine \u00fclkemizde yap\u0131lan ilk \u00e7al\u0131\u015fmad\u0131r. Kendisini<span class=\"excerpt-hellip\"> [\u2026]<\/span><\/p>\n","protected":false},"featured_media":0,"template":"","meta":{"_monsterinsights_skip_tracking":false,"_monsterinsights_sitenote_active":false,"_monsterinsights_sitenote_note":"","_monsterinsights_sitenote_category":0},"product_brand":[],"product_cat":[15319,12388],"product_tag":[],"class_list":{"0":"post-746437","1":"product","2":"type-product","3":"status-publish","5":"product_cat-etik","6":"product_cat-felsefe","7":"pa_cilt-ciltsiz","8":"pa_tur-kitap","9":"pa_yayinevi-turkiye-felsefe-kurumu","10":"pa_yazar-berfin-kart-tepe","12":"first","13":"instock","14":"sale","15":"shipping-taxable","16":"purchasable","17":"product-type-simple"},"_links":{"self":[{"href":"https:\/\/roveyayinevi.com.tr\/index.php\/wp-json\/wp\/v2\/product\/746437","targetHints":{"allow":["GET"]}}],"collection":[{"href":"https:\/\/roveyayinevi.com.tr\/index.php\/wp-json\/wp\/v2\/product"}],"about":[{"href":"https:\/\/roveyayinevi.com.tr\/index.php\/wp-json\/wp\/v2\/types\/product"}],"wp:attachment":[{"href":"https:\/\/roveyayinevi.com.tr\/index.php\/wp-json\/wp\/v2\/media?parent=746437"}],"wp:term":[{"taxonomy":"product_brand","embeddable":true,"href":"https:\/\/roveyayinevi.com.tr\/index.php\/wp-json\/wp\/v2\/product_brand?post=746437"},{"taxonomy":"product_cat","embeddable":true,"href":"https:\/\/roveyayinevi.com.tr\/index.php\/wp-json\/wp\/v2\/product_cat?post=746437"},{"taxonomy":"product_tag","embeddable":true,"href":"https:\/\/roveyayinevi.com.tr\/index.php\/wp-json\/wp\/v2\/product_tag?post=746437"}],"curies":[{"name":"wp","href":"https:\/\/api.w.org\/{rel}","templated":true}]}}