{"id":746435,"date":"2025-08-28T02:42:32","date_gmt":"2025-08-27T23:42:32","guid":{"rendered":"https:\/\/roveyayinevi.com.tr\/index.php\/urun\/marie-curie-patent-bilimin-ruhuna-aykiridir\/"},"modified":"2026-04-16T02:58:54","modified_gmt":"2026-04-15T23:58:54","slug":"marie-curie-patent-bilimin-ruhuna-aykiridir","status":"publish","type":"product","link":"https:\/\/roveyayinevi.com.tr\/index.php\/urun\/marie-curie-patent-bilimin-ruhuna-aykiridir\/","title":{"rendered":"Marie Curie \u2013 Patent, Bilimin Ruhuna Ayk\u0131r\u0131d\u0131r"},"content":{"rendered":"<p>\u201cHayat\u0131m\u0131 imk\u00e2ns\u0131z\u0131 anlamaya adad\u0131m.\u201d  \u2013 Marie Curie   Sizce bilim tarihinde \u00e7\u0131\u011f\u0131r a\u00e7an d\u00e2hi biri nas\u0131l anlat\u0131lmal\u0131? Onu, ald\u0131\u011f\u0131 Nobel \u00f6d\u00fcllerinin i\u00e7ine mi s\u0131k\u0131\u015ft\u0131rmal\u0131? Yoksa ke\u015ffetti\u011fi elementleri ve cinsiyetini, isminin \u00f6n\u00fcne ekleyerek konuyu kapatmal\u0131 m\u0131?  Ya da topluma bilim yoluyla seslenmeyi tercih eden, kendi hayalleriyle insanl\u0131\u011f\u0131n ortak \u00e7\u0131karlar\u0131n\u0131 ayn\u0131 paydada bulu\u015fturmay\u0131 ama\u00e7 edinen, her \u015feyden \u00f6nce insan odakl\u0131 oldu\u011funu anlatmaya \u00e7al\u0131\u015fan birinin toplumsal bak\u0131\u015f a\u00e7\u0131s\u0131n\u0131 \u00f6n planda m\u0131 tutmal\u0131? Ba\u015far\u0131, zek\u00e2 ve yetenek cinsiyetsizdir, \u0131rks\u0131zd\u0131r, mezhepsizdir, dilsizdir, \u00e7ok k\u00fclt\u00fcrl\u00fcd\u00fcr. Bunu kabul ettirmek i\u00e7in onun verdi\u011fi m\u00fccadele, t\u00fcm insanlara \u00f6rnek olmu\u015ftur. \u00c7\u00fcnk\u00fc m\u00fccadelesi bireysel de\u011fil, evrenseldir. Marie Curie\u2026 Hayat\u0131n\u0131 hi\u00e7 g\u00f6rmedi\u011fi insanlar i\u00e7in feda eden bilim insan\u0131. Marie, ne kadar ba\u015far\u0131l\u0131 olursa olsun her zaman her yerde cinsiyet ayr\u0131m\u0131 duvar\u0131 kar\u015f\u0131s\u0131na \u00e7\u0131k\u0131yordu. Kad\u0131n ve bilim s\u00f6zc\u00fcklerini yan yana getiremeyen komiteler, Marie\u2019yi oyun d\u0131\u015f\u0131 b\u0131rakmaya \u00e7al\u0131\u015f\u0131yordu. \u201cNobel \u00d6d\u00fcll\u00fc Bilim \u0130nsan\u0131\u201d de\u011fil, \u201c\u00dcnl\u00fc Fizik\u00e7i\u201d de\u011fil, \u201cKad\u0131n Kimyager\u201d hi\u00e7 de\u011fil!   Ya\u015fam\u0131 gibi sade ve net. \u015e\u00f6hretten, unvandan, \u00f6d\u00fclden ar\u0131nd\u0131r\u0131lm\u0131\u015f; bilime adanm\u0131\u015f bir hayat\u2026 <\/p>\n","protected":false},"excerpt":{"rendered":"<p>\u201cHayat\u0131m\u0131 imk\u00e2ns\u0131z\u0131 anlamaya adad\u0131m.\u201d \u2013 Marie Curie Sizce bilim tarihinde \u00e7\u0131\u011f\u0131r a\u00e7an d\u00e2hi biri nas\u0131l anlat\u0131lmal\u0131? Onu, ald\u0131\u011f\u0131 Nobel \u00f6d\u00fcllerinin i\u00e7ine mi s\u0131k\u0131\u015ft\u0131rmal\u0131? Yoksa ke\u015ffetti\u011fi elementleri<span class=\"excerpt-hellip\"> [\u2026]<\/span><\/p>\n","protected":false},"featured_media":0,"template":"","meta":{"_monsterinsights_skip_tracking":false,"_monsterinsights_sitenote_active":false,"_monsterinsights_sitenote_note":"","_monsterinsights_sitenote_category":0},"product_brand":[],"product_cat":[13005,37328],"product_tag":[],"class_list":{"0":"post-746435","1":"product","2":"type-product","3":"status-publish","5":"product_cat-bilim-muhendislik","6":"product_cat-diger-bilim-muhendislik","7":"pa_cilt-ciltsiz","8":"pa_tur-kitap","9":"pa_yayinevi-kara-karga-yayinlari","10":"pa_yazar-omur-uzel","12":"first","13":"instock","14":"sale","15":"shipping-taxable","16":"purchasable","17":"product-type-simple"},"_links":{"self":[{"href":"https:\/\/roveyayinevi.com.tr\/index.php\/wp-json\/wp\/v2\/product\/746435","targetHints":{"allow":["GET"]}}],"collection":[{"href":"https:\/\/roveyayinevi.com.tr\/index.php\/wp-json\/wp\/v2\/product"}],"about":[{"href":"https:\/\/roveyayinevi.com.tr\/index.php\/wp-json\/wp\/v2\/types\/product"}],"wp:attachment":[{"href":"https:\/\/roveyayinevi.com.tr\/index.php\/wp-json\/wp\/v2\/media?parent=746435"}],"wp:term":[{"taxonomy":"product_brand","embeddable":true,"href":"https:\/\/roveyayinevi.com.tr\/index.php\/wp-json\/wp\/v2\/product_brand?post=746435"},{"taxonomy":"product_cat","embeddable":true,"href":"https:\/\/roveyayinevi.com.tr\/index.php\/wp-json\/wp\/v2\/product_cat?post=746435"},{"taxonomy":"product_tag","embeddable":true,"href":"https:\/\/roveyayinevi.com.tr\/index.php\/wp-json\/wp\/v2\/product_tag?post=746435"}],"curies":[{"name":"wp","href":"https:\/\/api.w.org\/{rel}","templated":true}]}}