{"id":746434,"date":"2025-08-28T02:42:31","date_gmt":"2025-08-27T23:42:31","guid":{"rendered":"https:\/\/roveyayinevi.com.tr\/index.php\/urun\/kadinlar-icin-machiavelli\/"},"modified":"2026-04-16T02:58:54","modified_gmt":"2026-04-15T23:58:54","slug":"kadinlar-icin-machiavelli","status":"publish","type":"product","link":"https:\/\/roveyayinevi.com.tr\/index.php\/urun\/kadinlar-icin-machiavelli\/","title":{"rendered":"Kad\u0131nlar \u0130\u00e7in Machiavelli"},"content":{"rendered":"<p>KADINLAR \u0130\u00c7\u0130N ZAMANIMIZIN N\u0130HA\u0130 SAVA\u015e REHBER\u0130.   Niccol\u00f2 Machiavelli g\u00fcn\u00fcm\u00fczde ahlak ve duygudan yoksun, ac\u0131mas\u0131z bir g\u00fc\u00e7 taciri olarak bilinir. Ancak onun y\u0131llara meydan okuyan kitab\u0131 Prens insanlar\u0131n g\u00fcc\u00fc nas\u0131l elde edebilece\u011finin ve onu en iyi \u015fekilde elde tutarak nas\u0131l b\u00fcy\u00fctebilece\u011finin zihin a\u00e7\u0131c\u0131 bir okumas\u0131d\u0131r. Bug\u00fcn kad\u0131nlar \u00e7al\u0131\u015fma hayat\u0131na dahil olsalar da elde edilen istatistikler kad\u0131nlar\u0131n h\u00e2l\u00e2 y\u00fcksek mevkilere ve iyi \u00e7al\u0131\u015fma ko\u015fullar\u0131na sahip olamad\u0131klar\u0131n\u0131 g\u00f6steriyor. Kad\u0131nlar i\u015fyerlerinde varlar ama a\u015f\u0131lamayan cinsiyet e\u015fitsizli\u011fi nedeniyle Machiavelli\u2019nin bahsetti\u011fi prens d\u00fcnyas\u0131na h\u00e2l\u00e2 ula\u015fabilmi\u015f de\u011filler. Stacey Vanek Smith, g\u00fcnl\u00fck hayata kolayca uyarlanabilen bu kitapla kad\u0131nlar\u0131n i\u015fyerlerinde kar\u015f\u0131la\u015ft\u0131klar\u0131 engelleri ve avantajlar\u0131 belirleyerek ilerlemenin yollar\u0131n\u0131 ayd\u0131nlat\u0131yor. Prens\u2019i bir rehber olarak, incelik ve zek\u00e2yla kullanan Smith, R\u00f6nesans siyasetini 21. y\u00fczy\u0131la uyarl\u0131yor ve kad\u0131nlar\u0131n uzun s\u00fcredir ikinci planda g\u00f6r\u00fcld\u00fc\u011f\u00fc kariyerlerinde g\u00fcc\u00fc nas\u0131l ele ge\u00e7irebileceklerini ve muhafaza edebileceklerini g\u00f6steriyor. Keskin stratejilerle bezeli, zek\u00e2 dolu bu kitap, g\u00fcc\u00fc mahcubiyet hissetmeden kullanmaya haz\u0131r olan her kad\u0131n\u0131n mutlaka okumas\u0131 gereken bir eser. <\/p>\n","protected":false},"excerpt":{"rendered":"<p>KADINLAR \u0130\u00c7\u0130N ZAMANIMIZIN N\u0130HA\u0130 SAVA\u015e REHBER\u0130. Niccol\u00f2 Machiavelli g\u00fcn\u00fcm\u00fczde ahlak ve duygudan yoksun, ac\u0131mas\u0131z bir g\u00fc\u00e7 taciri olarak bilinir. Ancak onun y\u0131llara meydan okuyan kitab\u0131 Prens<span class=\"excerpt-hellip\"> [\u2026]<\/span><\/p>\n","protected":false},"featured_media":0,"template":"","meta":{"_monsterinsights_skip_tracking":false,"_monsterinsights_sitenote_active":false,"_monsterinsights_sitenote_note":"","_monsterinsights_sitenote_category":0},"product_brand":[],"product_cat":[52477],"product_tag":[],"class_list":{"0":"post-746434","1":"product","2":"type-product","3":"status-publish","5":"product_cat-arastirma","6":"pa_cilt-ciltsiz","7":"pa_tur-kitap","8":"pa_yayinevi-beyaz-baykus-yayinlari","9":"pa_yazar-stacey-vanek-smith","11":"first","12":"instock","13":"sale","14":"shipping-taxable","15":"purchasable","16":"product-type-simple"},"_links":{"self":[{"href":"https:\/\/roveyayinevi.com.tr\/index.php\/wp-json\/wp\/v2\/product\/746434","targetHints":{"allow":["GET"]}}],"collection":[{"href":"https:\/\/roveyayinevi.com.tr\/index.php\/wp-json\/wp\/v2\/product"}],"about":[{"href":"https:\/\/roveyayinevi.com.tr\/index.php\/wp-json\/wp\/v2\/types\/product"}],"wp:attachment":[{"href":"https:\/\/roveyayinevi.com.tr\/index.php\/wp-json\/wp\/v2\/media?parent=746434"}],"wp:term":[{"taxonomy":"product_brand","embeddable":true,"href":"https:\/\/roveyayinevi.com.tr\/index.php\/wp-json\/wp\/v2\/product_brand?post=746434"},{"taxonomy":"product_cat","embeddable":true,"href":"https:\/\/roveyayinevi.com.tr\/index.php\/wp-json\/wp\/v2\/product_cat?post=746434"},{"taxonomy":"product_tag","embeddable":true,"href":"https:\/\/roveyayinevi.com.tr\/index.php\/wp-json\/wp\/v2\/product_tag?post=746434"}],"curies":[{"name":"wp","href":"https:\/\/api.w.org\/{rel}","templated":true}]}}