{"id":746433,"date":"2025-08-28T02:42:30","date_gmt":"2025-08-27T23:42:30","guid":{"rendered":"https:\/\/roveyayinevi.com.tr\/index.php\/urun\/cocuguyla-cocuklugunu-iyilestiren-anne-babalar\/"},"modified":"2026-04-16T02:58:54","modified_gmt":"2026-04-15T23:58:54","slug":"cocuguyla-cocuklugunu-iyilestiren-anne-babalar","status":"publish","type":"product","link":"https:\/\/roveyayinevi.com.tr\/index.php\/urun\/cocuguyla-cocuklugunu-iyilestiren-anne-babalar\/","title":{"rendered":"\u00c7ocu\u011fuyla \u00c7ocuklu\u011funu \u0130yile\u015ftiren Anne Babalar"},"content":{"rendered":"<p>\u201c\u00c7OCU\u011eUNUZU SARI VE MAV\u0130YLE TANI\u015eTIRIN, FAKAT YE\u015e\u0130L\u0130 KE\u015eFETMES\u0130 \u0130\u00c7\u0130N DE FIRSAT SUNUN.\u201d   \u00dcreten, d\u00fc\u015f\u00fcnen, sorgulayan ve iyi ahlak sahibi olan bireyler yeti\u015ftirmenin yolu, kurslara veya dershanelere yat\u0131r\u0131m yapmaktan de\u011fil, ebeveynlerin ebeveynliklerine yat\u0131r\u0131m yapmas\u0131ndan ge\u00e7er. \u00c7ocu\u011fa bir kitap al\u0131yorsan\u0131z, kendinize \u00fc\u00e7 kitap al\u0131n. Zira \u00fc\u00e7 kitap okumayan, bir kitap okuyana yol g\u00f6steremez. <\/p>\n","protected":false},"excerpt":{"rendered":"<p>\u201c\u00c7OCU\u011eUNUZU SARI VE MAV\u0130YLE TANI\u015eTIRIN, FAKAT YE\u015e\u0130L\u0130 KE\u015eFETMES\u0130 \u0130\u00c7\u0130N DE FIRSAT SUNUN.\u201d \u00dcreten, d\u00fc\u015f\u00fcnen, sorgulayan ve iyi ahlak sahibi olan bireyler yeti\u015ftirmenin yolu, kurslara veya dershanelere<span class=\"excerpt-hellip\"> [\u2026]<\/span><\/p>\n","protected":false},"featured_media":0,"template":"","meta":{"_monsterinsights_skip_tracking":false,"_monsterinsights_sitenote_active":false,"_monsterinsights_sitenote_note":"","_monsterinsights_sitenote_category":0},"product_brand":[],"product_cat":[52477],"product_tag":[],"class_list":{"0":"post-746433","1":"product","2":"type-product","3":"status-publish","5":"product_cat-arastirma","6":"pa_cilt-ciltsiz","7":"pa_tur-kitap","8":"pa_yayinevi-destek-yayinlari","9":"pa_yazar-edip-polat","11":"first","12":"instock","13":"sale","14":"shipping-taxable","15":"purchasable","16":"product-type-simple"},"_links":{"self":[{"href":"https:\/\/roveyayinevi.com.tr\/index.php\/wp-json\/wp\/v2\/product\/746433","targetHints":{"allow":["GET"]}}],"collection":[{"href":"https:\/\/roveyayinevi.com.tr\/index.php\/wp-json\/wp\/v2\/product"}],"about":[{"href":"https:\/\/roveyayinevi.com.tr\/index.php\/wp-json\/wp\/v2\/types\/product"}],"wp:attachment":[{"href":"https:\/\/roveyayinevi.com.tr\/index.php\/wp-json\/wp\/v2\/media?parent=746433"}],"wp:term":[{"taxonomy":"product_brand","embeddable":true,"href":"https:\/\/roveyayinevi.com.tr\/index.php\/wp-json\/wp\/v2\/product_brand?post=746433"},{"taxonomy":"product_cat","embeddable":true,"href":"https:\/\/roveyayinevi.com.tr\/index.php\/wp-json\/wp\/v2\/product_cat?post=746433"},{"taxonomy":"product_tag","embeddable":true,"href":"https:\/\/roveyayinevi.com.tr\/index.php\/wp-json\/wp\/v2\/product_tag?post=746433"}],"curies":[{"name":"wp","href":"https:\/\/api.w.org\/{rel}","templated":true}]}}