{"id":746432,"date":"2025-08-28T02:42:29","date_gmt":"2025-08-27T23:42:29","guid":{"rendered":"https:\/\/roveyayinevi.com.tr\/index.php\/urun\/2023-jose-saramago-ajandasi\/"},"modified":"2026-04-16T02:58:54","modified_gmt":"2026-04-15T23:58:54","slug":"2023-jose-saramago-ajandasi","status":"publish","type":"product","link":"https:\/\/roveyayinevi.com.tr\/index.php\/urun\/2023-jose-saramago-ajandasi\/","title":{"rendered":"2023 Jose Saramago Ajandas\u0131"},"content":{"rendered":"<p>\u201c\u0130yi bir ders. Yazd\u0131\u011f\u0131m kelimelere sar\u0131l\u0131yorum, onlara uzun \u00f6m\u00fcr diliyorum ve b\u0131rakt\u0131\u011f\u0131m yerden yazmaya ba\u015fl\u0131yorum. Ba\u015fka bir yan\u0131t yok.\u201d K\u0131rm\u0131z\u0131 Kedi Yay\u0131nevi\u2019nin gelenekselle\u015fen \u201cK\u0131rm\u0131z\u0131 Kedi Ajandas\u0131\u201d bu y\u0131l 2012\u2019den beri b\u00fct\u00fcn k\u00fclliyat\u0131n\u0131 yay\u0131mlamay\u0131 s\u00fcrd\u00fcrd\u00fc\u011f\u00fcm\u00fcz Jos\u00e9 Saramago i\u00e7in \u00f6zel olarak haz\u0131rland\u0131. Okurlar\u0131m\u0131z\u0131n ba\u015fta K\u00f6rl\u00fck, G\u00f6rmek,  \u00d6l\u00fcm Bir Varm\u0131\u015f Bir Yokmu\u015f, Baltasar ile Blimunda, Kabil gibi eserlerini elinden d\u00fc\u015f\u00fcrmedi\u011fi, 2022\u2019de 100. ya\u015f\u0131n\u0131 kutlad\u0131\u011f\u0131m\u0131z Nobel \u00f6d\u00fcll\u00fc yazar Jos\u00e9 Saramago\u2019yu daha yak\u0131ndan tan\u0131yacaks\u0131n\u0131z. 2023 Jos\u00e9 Saramago Ajandas\u0131, eserlerinden ve kimi konu\u015fmalar\u0131ndan al\u0131nt\u0131lar ve okurlar\u0131n ilk defa g\u00f6rece\u011fi, ajanda i\u00e7in Jos\u00e9 Saramago Vakf\u0131 taraf\u0131ndan \u00f6zel olarak se\u00e7ilen 50\u2019yi a\u015fk\u0131n foto\u011frafla haz\u0131rlan\u0131rken, Saramago\u2019nun hayat\u0131ndaki \u00f6nemli tarihler de not d\u00fc\u015f\u00fcld\u00fc. Bu ajandayla, Saramago\u2019nun romanlar\u0131n\u0131 nas\u0131l yazd\u0131\u011f\u0131n\u0131, \u00f6zel hayat\u0131ndaki d\u00f6n\u00fcm noktalar\u0131n\u0131, sadece edebiyat\u00e7\u0131 olarak de\u011fil, bir \u201cbilge\u201d olarak t\u00fcm d\u00fcnyaya kimi toplumsal konularda nas\u0131l seslendi\u011fini de g\u00f6receksiniz. Sadece bir ajanda de\u011fil, do\u011fumundan \u00f6l\u00fcm\u00fcne, kitaplar\u0131n\u0131 yazmaya ba\u015flad\u0131\u011f\u0131 g\u00fcnden ald\u0131\u011f\u0131 \u00f6d\u00fcllere, eserlerine ve edebiyata dair s\u00f6ylediklerinden yoksulluk, dayan\u0131\u015fma ve di\u011fer toplumsal konularda dile getirdiklerine kadar eksiksiz bir Jos\u00e9 Saramago ar\u015fivi 2023 Jos\u00e9 Saramago Ajandas\u0131. <\/p>\n","protected":false},"excerpt":{"rendered":"<p>\u201c\u0130yi bir ders. Yazd\u0131\u011f\u0131m kelimelere sar\u0131l\u0131yorum, onlara uzun \u00f6m\u00fcr diliyorum ve b\u0131rakt\u0131\u011f\u0131m yerden yazmaya ba\u015fl\u0131yorum. Ba\u015fka bir yan\u0131t yok.\u201d K\u0131rm\u0131z\u0131 Kedi Yay\u0131nevi\u2019nin gelenekselle\u015fen \u201cK\u0131rm\u0131z\u0131 Kedi Ajandas\u0131\u201d<span class=\"excerpt-hellip\"> [\u2026]<\/span><\/p>\n","protected":false},"featured_media":0,"template":"","meta":{"_monsterinsights_skip_tracking":false,"_monsterinsights_sitenote_active":false,"_monsterinsights_sitenote_note":"","_monsterinsights_sitenote_category":0},"product_brand":[],"product_cat":[28265,15563],"product_tag":[],"class_list":{"0":"post-746432","1":"product","2":"type-product","3":"status-publish","5":"product_cat-diger-hobi","6":"product_cat-hobi","7":"pa_cilt-ciltsiz","8":"pa_tur-kitap","9":"pa_yayinevi-kirmizi-kedi-yayinevi","10":"pa_yazar-kolektif","12":"first","13":"instock","14":"sale","15":"shipping-taxable","16":"purchasable","17":"product-type-simple"},"_links":{"self":[{"href":"https:\/\/roveyayinevi.com.tr\/index.php\/wp-json\/wp\/v2\/product\/746432","targetHints":{"allow":["GET"]}}],"collection":[{"href":"https:\/\/roveyayinevi.com.tr\/index.php\/wp-json\/wp\/v2\/product"}],"about":[{"href":"https:\/\/roveyayinevi.com.tr\/index.php\/wp-json\/wp\/v2\/types\/product"}],"wp:attachment":[{"href":"https:\/\/roveyayinevi.com.tr\/index.php\/wp-json\/wp\/v2\/media?parent=746432"}],"wp:term":[{"taxonomy":"product_brand","embeddable":true,"href":"https:\/\/roveyayinevi.com.tr\/index.php\/wp-json\/wp\/v2\/product_brand?post=746432"},{"taxonomy":"product_cat","embeddable":true,"href":"https:\/\/roveyayinevi.com.tr\/index.php\/wp-json\/wp\/v2\/product_cat?post=746432"},{"taxonomy":"product_tag","embeddable":true,"href":"https:\/\/roveyayinevi.com.tr\/index.php\/wp-json\/wp\/v2\/product_tag?post=746432"}],"curies":[{"name":"wp","href":"https:\/\/api.w.org\/{rel}","templated":true}]}}