{"id":746431,"date":"2025-08-28T02:42:28","date_gmt":"2025-08-27T23:42:28","guid":{"rendered":"https:\/\/roveyayinevi.com.tr\/index.php\/urun\/kurtulusa-giden-yol\/"},"modified":"2026-04-16T02:58:54","modified_gmt":"2026-04-15T23:58:54","slug":"kurtulusa-giden-yol","status":"publish","type":"product","link":"https:\/\/roveyayinevi.com.tr\/index.php\/urun\/kurtulusa-giden-yol\/","title":{"rendered":"Kurtulu\u015fa Giden Yol"},"content":{"rendered":"<p>20. y\u00fczy\u0131l\u0131n en \u00f6nemli, en diren\u00e7li, en kararl\u0131 devrimcilerinden biri\u2026 D\u00fcnyan\u0131n emperyalizme kar\u015f\u0131 en g\u00f6rkemli direni\u015flerinden birine imza atan Vietnam halk\u0131n\u0131n Marksist \u00f6nderi Ho \u015ei Minh ya da halk\u0131n ona verdi\u011fi adla Ho Amca! G\u00fcn\u00fcm\u00fcz\u00fcn \u00fcretken Marksist ayd\u0131nlar\u0131ndan Vijay Prashad, kapsaml\u0131 bir sunu\u015f yaz\u0131s\u0131yla birlikte, Ho \u015ei Minh\u2019in \u00f6mr\u00fc boyunca kaleme ald\u0131\u011f\u0131 metinlerden, haz\u0131rlad\u0131\u011f\u0131 raporlardan, yapt\u0131\u011f\u0131 konu\u015fmalardan en \u00f6ne \u00e7\u0131kanlar\u0131n\u0131 bir araya getirdi. \u201cS\u00f6m\u00fcrgecilik\u201d, \u201cDevrim\u201d, \u201cBa\u011f\u0131ms\u0131zl\u0131k ve Sava\u015f\u201d ba\u015fl\u0131kl\u0131 \u00fc\u00e7 ana k\u0131s\u0131mda, 48 b\u00f6l\u00fcmde, temel belgeler bir arada\u2026 Ba\u011flam gere\u011fi araya giren birka\u00e7 metin d\u0131\u015f\u0131nda kronolojik s\u0131ray\u0131 takip eden bu se\u00e7ki, hem direni\u015fin b\u00fcy\u00fckl\u00fc\u011f\u00fcne hem de devrimin ve sosyalizmin in\u015fas\u0131na dair b\u00fct\u00fcnl\u00fckl\u00fc bir \u00e7er\u00e7eve ortaya koyuyor. \u201cDevrim\u201d k\u0131sm\u0131nda yer alan ve kitab\u0131n omurgalar\u0131ndan birini olu\u015fturan \u201cDevrimci Yol\u201d adl\u0131 metin Vietnamca d\u0131\u015f\u0131nda ilk kez g\u00fcn \u0131\u015f\u0131\u011f\u0131na \u00e7\u0131karken, kitap bir b\u00fct\u00fcn olarak \u201cUlusal Kurtulu\u015f Marksizmi\u201d gibi kavramlar\u0131n tart\u0131\u015f\u0131lmas\u0131na olanak sunuyor. Ayr\u0131ca Ho Amca, \u201chareketin temel \u00f6\u011fretmeni\u201d g\u00f6revini \u00fcstlenen biri olarak, ideolojik m\u00fccadeleye ve kuramsal birikime, Marksizm-Leninizmin kadrolar taraf\u0131ndan \u00f6z\u00fcmsenmesine \u00f6zel bir \u00f6nem verdi\u011fi i\u00e7in, e\u011fitim ve \u00f6\u011fretim konusu da bu se\u00e7kide \u00f6zel bir yer kapl\u0131yor. En temel belgelere, hapishane g\u00fcnl\u00fcklerinden \u015fiirlere, Parti ve \u00dc\u00e7\u00fcnc\u00fc Enternasyonal kongrelerindeki konu\u015fmalara, ABD ba\u015fkanlar\u0131 ile mektupla\u015fmalara, toprak reformuna dair a\u00e7\u0131klamalara, emperyalizme kar\u015f\u0131 Direni\u015f Sava\u015f\u0131\u2019n\u0131n ayr\u0131nt\u0131lar\u0131na, Ho Amca\u2019n\u0131n vasiyetine ve daha bir\u00e7ok belgeye yer veren bu \u00f6zel se\u00e7ki, direni\u015fin ve devrimin g\u00fcnl\u00fc\u011f\u00fcyle birlikte b\u00fcy\u00fck bir devrimcinin e\u015fsiz bir portresini sunuyor. <\/p>\n","protected":false},"excerpt":{"rendered":"<p>20. y\u00fczy\u0131l\u0131n en \u00f6nemli, en diren\u00e7li, en kararl\u0131 devrimcilerinden biri\u2026 D\u00fcnyan\u0131n emperyalizme kar\u015f\u0131 en g\u00f6rkemli direni\u015flerinden birine imza atan Vietnam halk\u0131n\u0131n Marksist \u00f6nderi Ho \u015ei Minh<span class=\"excerpt-hellip\"> [\u2026]<\/span><\/p>\n","protected":false},"featured_media":0,"template":"","meta":{"_monsterinsights_skip_tracking":false,"_monsterinsights_sitenote_active":false,"_monsterinsights_sitenote_note":"","_monsterinsights_sitenote_category":0},"product_brand":[],"product_cat":[12304,14128],"product_tag":[],"class_list":{"0":"post-746431","1":"product","2":"type-product","3":"status-publish","5":"product_cat-tarih","6":"product_cat-yakin-tarih","7":"pa_cilt-ciltsiz","8":"pa_tur-kitap","9":"pa_yayinevi-yordam-kitap","10":"pa_yazar-ho-si-minh","12":"first","13":"instock","14":"sale","15":"shipping-taxable","16":"purchasable","17":"product-type-simple"},"_links":{"self":[{"href":"https:\/\/roveyayinevi.com.tr\/index.php\/wp-json\/wp\/v2\/product\/746431","targetHints":{"allow":["GET"]}}],"collection":[{"href":"https:\/\/roveyayinevi.com.tr\/index.php\/wp-json\/wp\/v2\/product"}],"about":[{"href":"https:\/\/roveyayinevi.com.tr\/index.php\/wp-json\/wp\/v2\/types\/product"}],"wp:attachment":[{"href":"https:\/\/roveyayinevi.com.tr\/index.php\/wp-json\/wp\/v2\/media?parent=746431"}],"wp:term":[{"taxonomy":"product_brand","embeddable":true,"href":"https:\/\/roveyayinevi.com.tr\/index.php\/wp-json\/wp\/v2\/product_brand?post=746431"},{"taxonomy":"product_cat","embeddable":true,"href":"https:\/\/roveyayinevi.com.tr\/index.php\/wp-json\/wp\/v2\/product_cat?post=746431"},{"taxonomy":"product_tag","embeddable":true,"href":"https:\/\/roveyayinevi.com.tr\/index.php\/wp-json\/wp\/v2\/product_tag?post=746431"}],"curies":[{"name":"wp","href":"https:\/\/api.w.org\/{rel}","templated":true}]}}