{"id":746430,"date":"2025-08-28T02:42:27","date_gmt":"2025-08-27T23:42:27","guid":{"rendered":"https:\/\/roveyayinevi.com.tr\/index.php\/urun\/virus-sayi-14-ocak-subat-mart-2022\/"},"modified":"2026-04-16T02:58:54","modified_gmt":"2026-04-15T23:58:54","slug":"virus-sayi-14-ocak-subat-mart-2022","status":"publish","type":"product","link":"https:\/\/roveyayinevi.com.tr\/index.php\/urun\/virus-sayi-14-ocak-subat-mart-2022\/","title":{"rendered":"Vir\u00fcs Say\u0131: 14 (Ocak \u2013 \u015eubat \u2013 Mart 2022)"},"content":{"rendered":"<p>V\u0130R\u00dcS\u2019\u00fcn ilk on \u00fc\u00e7 say\u0131s\u0131n\u0131 ilgiyle kar\u015f\u0131layan, sesimize ses veren herkese te\u015fekk\u00fcr ediyoruz\u2026 \u201cV\u0130R\u00dcS\u201d\u00fcn 14. say\u0131s\u0131 a\u015fa\u011f\u0131daki dostlar\u0131m\u0131zla birlikte elinizde\u2026             S\u00f6b\u00fctay \u00d6zer Ahmet Oktay Ahmet Telli G\u00fcnd\u00fcz Vassaf Kudret Emiro\u011flu Cemil Kavuk\u00e7u Ali Cengizkan Turgay Fi\u015fek\u00e7i H\u00fcseyin Ferhad G\u00fclce Ba\u015fer Veysel \u00c7olak Mahmut Temizy\u00fcrek Haydar Erg\u00fclen G\u00fcl\u00fcmser \u00c7ankaya Semiramis Ya\u011fc\u0131o\u011flu Faris Kuseyri Gustavo Adolfo B\u00e9cquer Tozan Alkan \u00d6zge Cengiz Enver Topalo\u011flu O\u011fuz Demiralp Semih \u00c7elenk Neslihan \u00d6ndero\u011flu Serap Erdo\u011fan \u015eeref Bilsel Kemal Varol Joao Cabral de Melo Neto Cevat \u00c7apan \u0130lyas Tun\u00e7 B\u00fcnyamin Bozku\u015f Hicran Aslan Charles Simic Sinan Fi\u015fek G\u00fcl Ersoy H\u00fcseyin K\u00f6se Atakan Yavuz Hilmi Tezg\u00f6r Aurora Luque Ay\u015fe Nihal Akbulut \u0130gor Karaulov \u015eeymanur Ko\u00e7er Ahmet \u00c7akmak I\u015f\u0131l Madak \u0130smail Cem Do\u011fru \u0130oanna Bourazopoulou Fulya Akt\u00fcre Jeffrey Kahrs Beyza K\u0131n\u0131k Elifnur Bing\u00f6l \u015eirin Kahrs Esat \u015eenyuva Alfred de Musset Kenan Sar\u0131alio\u011flu K\u0131ymet Erzincan K\u0131na Zerrin Saral Osman G\u00fcr Toprak \u015eems Tezcan Ozan \u00d6ztepe Nefise Do\u011fang\u00fcn Pavel Alekseyev Aylin Paksoy \u00dcmit Y\u0131ld\u0131r\u0131m Aykar S\u00f6nmez Zafer Demir Valentino Colonna Eser Ceran Erdi \u00c7erkes Karada\u011f<\/p>\n","protected":false},"excerpt":{"rendered":"<p>V\u0130R\u00dcS\u2019\u00fcn ilk on \u00fc\u00e7 say\u0131s\u0131n\u0131 ilgiyle kar\u015f\u0131layan, sesimize ses veren herkese te\u015fekk\u00fcr ediyoruz\u2026 \u201cV\u0130R\u00dcS\u201d\u00fcn 14. say\u0131s\u0131 a\u015fa\u011f\u0131daki dostlar\u0131m\u0131zla birlikte elinizde\u2026 S\u00f6b\u00fctay \u00d6zer Ahmet Oktay Ahmet Telli<span class=\"excerpt-hellip\"> [\u2026]<\/span><\/p>\n","protected":false},"featured_media":0,"template":"","meta":{"_monsterinsights_skip_tracking":false,"_monsterinsights_sitenote_active":false,"_monsterinsights_sitenote_note":"","_monsterinsights_sitenote_category":0},"product_brand":[],"product_cat":[13527],"product_tag":[],"class_list":{"0":"post-746430","1":"product","2":"type-product","3":"status-publish","5":"product_cat-sureli-yayinlar","6":"pa_cilt-ciltsiz","7":"pa_tur-dergi","8":"pa_yayinevi-islik-yayinlari","9":"pa_yazar-kolektif","11":"first","12":"instock","13":"sale","14":"shipping-taxable","15":"purchasable","16":"product-type-simple"},"_links":{"self":[{"href":"https:\/\/roveyayinevi.com.tr\/index.php\/wp-json\/wp\/v2\/product\/746430","targetHints":{"allow":["GET"]}}],"collection":[{"href":"https:\/\/roveyayinevi.com.tr\/index.php\/wp-json\/wp\/v2\/product"}],"about":[{"href":"https:\/\/roveyayinevi.com.tr\/index.php\/wp-json\/wp\/v2\/types\/product"}],"wp:attachment":[{"href":"https:\/\/roveyayinevi.com.tr\/index.php\/wp-json\/wp\/v2\/media?parent=746430"}],"wp:term":[{"taxonomy":"product_brand","embeddable":true,"href":"https:\/\/roveyayinevi.com.tr\/index.php\/wp-json\/wp\/v2\/product_brand?post=746430"},{"taxonomy":"product_cat","embeddable":true,"href":"https:\/\/roveyayinevi.com.tr\/index.php\/wp-json\/wp\/v2\/product_cat?post=746430"},{"taxonomy":"product_tag","embeddable":true,"href":"https:\/\/roveyayinevi.com.tr\/index.php\/wp-json\/wp\/v2\/product_tag?post=746430"}],"curies":[{"name":"wp","href":"https:\/\/api.w.org\/{rel}","templated":true}]}}