{"id":746429,"date":"2025-08-28T02:41:55","date_gmt":"2025-08-27T23:41:55","guid":{"rendered":"https:\/\/roveyayinevi.com.tr\/index.php\/urun\/kuranin-evrenselligi-ve-kuran-sembollerinin-dili\/"},"modified":"2026-04-16T02:58:54","modified_gmt":"2026-04-15T23:58:54","slug":"kuranin-evrenselligi-ve-kuran-sembollerinin-dili","status":"publish","type":"product","link":"https:\/\/roveyayinevi.com.tr\/index.php\/urun\/kuranin-evrenselligi-ve-kuran-sembollerinin-dili\/","title":{"rendered":"Kur&#8217;an&#8217;\u0131n Evrenselli\u011fi ve Kur&#8217;an Sembollerinin Dili"},"content":{"rendered":"<p>Evet e\u011fer, kendi fikrime ve felsef\u00ee \u00e7al\u0131\u015fmalara dayanarak kitapta anlatt\u0131\u011f\u0131m o be\u015f kitab\u0131 yazsayd\u0131m, elbetteki cevaplar \u00e7ok zay\u0131f kal\u0131rd\u0131. Fakat i\u015f, Kur\u2019an ayetlerinin temel vasf\u0131 olan kudsiyet ve mucizeli\u011fe dayan\u0131nca hem ben, b\u00fcy\u00fck bir k\u00fclfetten kurtuldum, hem \u00e7ok daha parlak ve canl\u0131 cevaplar oldu&#8230;   Evet, tarih boyunca iki \u00e7e\u015fit tefsir yaz\u0131lm\u0131\u015ft\u0131r. Bir k\u0131sm\u0131, Kur\u2019an metninin gramatik tahliline ve terc\u00fcmesine a\u011f\u0131rl\u0131k vermi\u015fler. Ve s\u0131ra ile gitmi\u015fler. \u0130kinci k\u0131s\u0131m tefsirler, s\u0131ra ile olmay\u0131p Kur\u2019an\u2019\u0131n b\u00fct\u00fcnl\u00fc\u011f\u00fc i\u00e7inde, \u00f6zellikle ayetlerin ve c\u00fcmlelerin birbiriyle olan m\u00fcnasebet ve ili\u015fkilerinden \u00e7\u0131kan evrensel geni\u015f manalara dayanarak yap\u0131lm\u0131\u015f olan tefsirlerdir. Bu manevi mucizelik tefsirleri, metnin gramati\u011fiyle ve c\u00fcmlelerin terc\u00fcmesiyle ilgili kopuk notlar \u015feklinde olan tefsirlerden \u00e7ok daha fazla Kur\u2019an ruhuna, manas\u0131na lay\u0131kt\u0131rlar. B\u00f6yle tefsirler, Kur\u2019an\u2019\u0131n mesaj\u0131n\u0131 \u00e7ok daha iyi a\u00e7\u0131kl\u0131yorlar. \u00c7\u00fcnk\u00fc kitapta adlar\u0131 ge\u00e7en o b\u00fcy\u00fck imamlar, Kur\u2019an\u2019\u0131n nazm-\u0131 ma\u00e2nisini (s\u00f6z dizimini) esas alm\u0131\u015flar; -matematik say\u0131lar\u0131n bir araya gelmesiyle de\u011ferleri y\u00fckseldi\u011fi gibi- o nazm-\u0131 ma\u00e2niden \u00e7\u0131kan evrensel, sonsuz mana katmanlar\u0131na girmi\u015fler, toplumun anlayabilece\u011fi bir dil ile, temsillerle o manalar\u0131, mesajlar\u0131 a\u00e7\u0131klam\u0131\u015flar. Di\u011fer tefsirler gibi kelime terc\u00fcmesinde ve c\u00fcmlelerin gramatik tahlillerinde bo\u011fulmam\u0131\u015flar.   <\/p>\n","protected":false},"excerpt":{"rendered":"<p>Evet e\u011fer, kendi fikrime ve felsef\u00ee \u00e7al\u0131\u015fmalara dayanarak kitapta anlatt\u0131\u011f\u0131m o be\u015f kitab\u0131 yazsayd\u0131m, elbetteki cevaplar \u00e7ok zay\u0131f kal\u0131rd\u0131. Fakat i\u015f, Kur\u2019an ayetlerinin temel vasf\u0131 olan<span class=\"excerpt-hellip\"> [\u2026]<\/span><\/p>\n","protected":false},"featured_media":0,"template":"","meta":{"_monsterinsights_skip_tracking":false,"_monsterinsights_sitenote_active":false,"_monsterinsights_sitenote_note":"","_monsterinsights_sitenote_category":0},"product_brand":[],"product_cat":[13036,12718,12719],"product_tag":[],"class_list":{"0":"post-746429","1":"product","2":"type-product","3":"status-publish","5":"product_cat-arastirma-inceleme-islam","6":"product_cat-din","7":"product_cat-islam","8":"pa_cilt-ciltsiz","9":"pa_tur-kitap","10":"pa_yayinevi-gulnar-yayinlari","11":"pa_yazar-bahaeddin-saglam","13":"first","14":"instock","15":"sale","16":"shipping-taxable","17":"purchasable","18":"product-type-simple"},"_links":{"self":[{"href":"https:\/\/roveyayinevi.com.tr\/index.php\/wp-json\/wp\/v2\/product\/746429","targetHints":{"allow":["GET"]}}],"collection":[{"href":"https:\/\/roveyayinevi.com.tr\/index.php\/wp-json\/wp\/v2\/product"}],"about":[{"href":"https:\/\/roveyayinevi.com.tr\/index.php\/wp-json\/wp\/v2\/types\/product"}],"wp:attachment":[{"href":"https:\/\/roveyayinevi.com.tr\/index.php\/wp-json\/wp\/v2\/media?parent=746429"}],"wp:term":[{"taxonomy":"product_brand","embeddable":true,"href":"https:\/\/roveyayinevi.com.tr\/index.php\/wp-json\/wp\/v2\/product_brand?post=746429"},{"taxonomy":"product_cat","embeddable":true,"href":"https:\/\/roveyayinevi.com.tr\/index.php\/wp-json\/wp\/v2\/product_cat?post=746429"},{"taxonomy":"product_tag","embeddable":true,"href":"https:\/\/roveyayinevi.com.tr\/index.php\/wp-json\/wp\/v2\/product_tag?post=746429"}],"curies":[{"name":"wp","href":"https:\/\/api.w.org\/{rel}","templated":true}]}}