{"id":746424,"date":"2025-08-28T02:41:48","date_gmt":"2025-08-27T23:41:48","guid":{"rendered":"https:\/\/roveyayinevi.com.tr\/index.php\/urun\/ama-anne-neden\/"},"modified":"2026-04-16T02:58:54","modified_gmt":"2026-04-15T23:58:54","slug":"ama-anne-neden","status":"publish","type":"product","link":"https:\/\/roveyayinevi.com.tr\/index.php\/urun\/ama-anne-neden\/","title":{"rendered":"Ama Anne Neden?"},"content":{"rendered":"<p>D\u00fcnyay\u0131 anlamaya, hayat\u0131 ke\u015ffetmeye \u00e7al\u0131\u015fan \u00e7ocuklar\u0131n kafalar\u0131nda her g\u00fcn say\u0131s\u0131z soru olu\u015fur. Baz\u0131lar\u0131n\u0131 dile getirirler, ebeveynlerine veya kendilerine yak\u0131n bulduklar\u0131na sorarlar, baz\u0131lar\u0131n\u0131 soramazlar, sormaktan \u00e7ekinir, korkar veya yan\u0131t alamayacaklar\u0131n\u0131 d\u00fc\u015f\u00fcn\u00fcrler. Oysa kafalar\u0131na tak\u0131lan sorular\u0131 rahat\u00e7a sorabilmeli ve her zaman tatmin edici olmasa da yan\u0131t alabilmelidirler. Bu arada ebeveynler bazen verecekleri bir yan\u0131t\u0131n do\u011fru ya da yanl\u0131\u015f ikilemiyle s\u0131n\u0131rl\u0131 olmad\u0131\u011f\u0131n\u0131, gri alanlar\u0131n da var oldu\u011funu \u00e7ocuklara anlatabilmelidir. Ayr\u0131ca \u00e7ocuklar, ebeveynlerinden farkl\u0131 fikirleri savunmakta \u00f6zg\u00fcr olduklar\u0131n\u0131 da hissedebilmelidir. Ebeveynlerin, \u00e7ocuklar\u0131n\u0131n \u00f6zellikle kendilerini zorlayan ya da cevab\u0131n\u0131 bilmedikleri sorular\u0131ndan korkmamas\u0131, onlar\u0131 ge\u00e7i\u015ftirmeye \u00e7al\u0131\u015fmamas\u0131 \u00f6nemlidir. Yalan yanl\u0131\u015f yan\u0131tlar vermek yerine, &#8220;bu sorunun yan\u0131t\u0131n\u0131 ben de bilmiyorum&#8221; ya da &#8220;gel birlikte ara\u015ft\u0131ral\u0131m&#8221; diyebilmek gerekir. Ara\u015ft\u0131rmay\u0131, \u00f6\u011frenmeyi, sorgulamay\u0131 bilen zihinlerin temelini atmak \u00e7ocuklar\u0131m\u0131za verece\u011fimiz en de\u011ferli \u015feylerden biridir. Psikoterapist ve \u00fc\u00e7 \u00e7ocuk annesi Clemmie Telford\u2019un titiz ara\u015ft\u0131rmalar\u0131n\u0131n sonu\u00e7lar\u0131n\u0131 kendi deneyimleriyle harmanlayarak kaleme ald\u0131\u011f\u0131 bu kitap \u00e7ocuklar\u0131n\u0131zdan gelebilecek \u00e7ok \u00e7e\u015fitli konulardaki sorular\u0131 ve verilmesi gereken uygun yan\u0131tlar\u0131 ele al\u0131yor. \u00c7ocuklar\u0131n\u0131z\u0131n sorular\u0131ndan ka\u00e7mak ve onlar\u0131n sorgulay\u0131c\u0131l\u0131\u011f\u0131n\u0131 t\u00f6rp\u00fclemek yerine geli\u015ftirmek, onlar\u0131 hayata \u00e7ok daha iyi haz\u0131rlamak istiyorsan\u0131z, bu e\u011fitici oldu\u011fu kadar keyifli kitap elinizin alt\u0131nda bulunsun\u2026<\/p>\n","protected":false},"excerpt":{"rendered":"<p>D\u00fcnyay\u0131 anlamaya, hayat\u0131 ke\u015ffetmeye \u00e7al\u0131\u015fan \u00e7ocuklar\u0131n kafalar\u0131nda her g\u00fcn say\u0131s\u0131z soru olu\u015fur. Baz\u0131lar\u0131n\u0131 dile getirirler, ebeveynlerine veya kendilerine yak\u0131n bulduklar\u0131na sorarlar, baz\u0131lar\u0131n\u0131 soramazlar, sormaktan \u00e7ekinir, korkar<span class=\"excerpt-hellip\"> [\u2026]<\/span><\/p>\n","protected":false},"featured_media":0,"template":"","meta":{"_monsterinsights_skip_tracking":false,"_monsterinsights_sitenote_active":false,"_monsterinsights_sitenote_note":"","_monsterinsights_sitenote_category":0},"product_brand":[],"product_cat":[12831,12324],"product_tag":[],"class_list":{"0":"post-746424","1":"product","2":"type-product","3":"status-publish","5":"product_cat-aile-ve-cocuk","6":"product_cat-sosyoloji","7":"pa_cilt-ciltsiz","8":"pa_tur-kitap","9":"pa_yayinevi-kuraldisi-yayinevi","10":"pa_yazar-clemmie-telford","12":"first","13":"instock","14":"sale","15":"shipping-taxable","16":"purchasable","17":"product-type-simple"},"_links":{"self":[{"href":"https:\/\/roveyayinevi.com.tr\/index.php\/wp-json\/wp\/v2\/product\/746424","targetHints":{"allow":["GET"]}}],"collection":[{"href":"https:\/\/roveyayinevi.com.tr\/index.php\/wp-json\/wp\/v2\/product"}],"about":[{"href":"https:\/\/roveyayinevi.com.tr\/index.php\/wp-json\/wp\/v2\/types\/product"}],"wp:attachment":[{"href":"https:\/\/roveyayinevi.com.tr\/index.php\/wp-json\/wp\/v2\/media?parent=746424"}],"wp:term":[{"taxonomy":"product_brand","embeddable":true,"href":"https:\/\/roveyayinevi.com.tr\/index.php\/wp-json\/wp\/v2\/product_brand?post=746424"},{"taxonomy":"product_cat","embeddable":true,"href":"https:\/\/roveyayinevi.com.tr\/index.php\/wp-json\/wp\/v2\/product_cat?post=746424"},{"taxonomy":"product_tag","embeddable":true,"href":"https:\/\/roveyayinevi.com.tr\/index.php\/wp-json\/wp\/v2\/product_tag?post=746424"}],"curies":[{"name":"wp","href":"https:\/\/api.w.org\/{rel}","templated":true}]}}