{"id":746421,"date":"2025-08-28T02:41:44","date_gmt":"2025-08-27T23:41:44","guid":{"rendered":"https:\/\/roveyayinevi.com.tr\/index.php\/urun\/ibrani-masallari-ozel-ayraciyla\/"},"modified":"2026-04-16T02:58:54","modified_gmt":"2026-04-15T23:58:54","slug":"ibrani-masallari-ozel-ayraciyla","status":"publish","type":"product","link":"https:\/\/roveyayinevi.com.tr\/index.php\/urun\/ibrani-masallari-ozel-ayraciyla\/","title":{"rendered":"\u0130brani Masallar\u0131 (\u00d6zel Ayrac\u0131yla)"},"content":{"rendered":"<p>Medeniyetlerin bulu\u015fma noktas\u0131 olan, k\u00fclt\u00fcrel \u00e7e\u015fitlili\u011fi zengin bir co\u011frafyadan masallar&#8230;   Y\u00fczy\u0131llar i\u00e7inde farkl\u0131 k\u00fclt\u00fcrlere ev sahipli\u011fi yapm\u0131\u015f topraklarda ortaya \u00e7\u0131kan \u0130brani Masallar\u0131, bu k\u00fclt\u00fcrlerin her birinden izler ta\u015f\u0131r.   \u0130brani anlat\u0131lar\u0131n\u0131n renkli d\u00fcnyas\u0131, dinler tarihinden iyi bildi\u011fimiz isimlerin de eklenmesiyle zenginle\u015fmi\u015f ve bu zenginlik sayesinde bu masallar, g\u00fcn\u00fcm\u00fcze dek anlat\u0131lmaya devam etmi\u015ftir.   Kartallar\u0131n Saray\u0131\u2019ndan Nuh Tufan\u0131\u2019ndaki Dev\u2019e, Ergetz\u2019in Peri Prensesi\u2019nden Y\u0131ld\u0131z \u00c7ocuk ve Dilenci Kral\u2019a kadar pek \u00e7ok benzersiz masal bu kitapta okurlar\u0131n\u0131 bekliyor.   Ge\u00e7mi\u015fle gelece\u011fi birbirine ba\u011flayan bu masallar, masal seven herkesin kitapl\u0131\u011f\u0131nda bulunmal\u0131.   <\/p>\n","protected":false},"excerpt":{"rendered":"<p>Medeniyetlerin bulu\u015fma noktas\u0131 olan, k\u00fclt\u00fcrel \u00e7e\u015fitlili\u011fi zengin bir co\u011frafyadan masallar&#8230; Y\u00fczy\u0131llar i\u00e7inde farkl\u0131 k\u00fclt\u00fcrlere ev sahipli\u011fi yapm\u0131\u015f topraklarda ortaya \u00e7\u0131kan \u0130brani Masallar\u0131, bu k\u00fclt\u00fcrlerin her birinden<span class=\"excerpt-hellip\"> [\u2026]<\/span><\/p>\n","protected":false},"featured_media":0,"template":"","meta":{"_monsterinsights_skip_tracking":false,"_monsterinsights_sitenote_active":false,"_monsterinsights_sitenote_note":"","_monsterinsights_sitenote_category":0},"product_brand":[],"product_cat":[12291,13706],"product_tag":[],"class_list":{"0":"post-746421","1":"product","2":"type-product","3":"status-publish","5":"product_cat-edebiyat","6":"product_cat-efsane-destan-masal","7":"pa_cilt-ciltsiz","8":"pa_tur-kitap","9":"pa_yayinevi-maya-kitap","10":"pa_yazar-gertrude-landa","12":"first","13":"instock","14":"sale","15":"shipping-taxable","16":"purchasable","17":"product-type-simple"},"_links":{"self":[{"href":"https:\/\/roveyayinevi.com.tr\/index.php\/wp-json\/wp\/v2\/product\/746421","targetHints":{"allow":["GET"]}}],"collection":[{"href":"https:\/\/roveyayinevi.com.tr\/index.php\/wp-json\/wp\/v2\/product"}],"about":[{"href":"https:\/\/roveyayinevi.com.tr\/index.php\/wp-json\/wp\/v2\/types\/product"}],"wp:attachment":[{"href":"https:\/\/roveyayinevi.com.tr\/index.php\/wp-json\/wp\/v2\/media?parent=746421"}],"wp:term":[{"taxonomy":"product_brand","embeddable":true,"href":"https:\/\/roveyayinevi.com.tr\/index.php\/wp-json\/wp\/v2\/product_brand?post=746421"},{"taxonomy":"product_cat","embeddable":true,"href":"https:\/\/roveyayinevi.com.tr\/index.php\/wp-json\/wp\/v2\/product_cat?post=746421"},{"taxonomy":"product_tag","embeddable":true,"href":"https:\/\/roveyayinevi.com.tr\/index.php\/wp-json\/wp\/v2\/product_tag?post=746421"}],"curies":[{"name":"wp","href":"https:\/\/api.w.org\/{rel}","templated":true}]}}