{"id":746414,"date":"2025-08-28T02:41:35","date_gmt":"2025-08-27T23:41:35","guid":{"rendered":"https:\/\/roveyayinevi.com.tr\/index.php\/urun\/ruhumun-ilaci-hac\/"},"modified":"2026-04-16T02:58:54","modified_gmt":"2026-04-15T23:58:54","slug":"ruhumun-ilaci-hac","status":"publish","type":"product","link":"https:\/\/roveyayinevi.com.tr\/index.php\/urun\/ruhumun-ilaci-hac\/","title":{"rendered":"Ruhumun \u0130lac\u0131 Hac"},"content":{"rendered":"<p>Bu kitap, duygusal \u00f6\u011frenme \u00e7a\u011f\u0131ndaki \u00e7ocuklar\u0131n geli\u015fim d\u00fczeyleri g\u00f6z \u00f6n\u00fcnde bulundurularak ve \u00e7ocuklar\u0131n temel din\u00ee bilgileri kolayca ve severek \u00f6\u011frenmelerine yard\u0131mc\u0131 olmak amac\u0131yla haz\u0131rlanm\u0131\u015ft\u0131r. \u00c7ocuklara bu d\u00f6nemde \u00f6\u011fretebilece\u011fimiz temel din\u00ee bilgiler, onlar\u0131n g\u00fcnl\u00fck ya\u015famda ya\u015fad\u0131klar\u0131 olaylar ve hik\u00e2yeler ile desteklenmi\u015ftir. \u201cRuhumun \u0130lac\u0131\u201d serisinin son kitab\u0131nda, dinimizin farz ibadetlerinden biri olan hac konusu i\u015flenmi\u015ftir. \u00c7ocuklara hac ibadetini anlatabilmek amac\u0131yla \u00e7e\u015fitli hik\u00e2yelere ve Y\u00fcce Allah\u2019\u0131n g\u00fczel isimlerinden (Esma-\u00fcl H\u00fcsna) baz\u0131lar\u0131na yer verilen \u201cRuhumun \u0130lac\u0131 Hac\u201dc\u0131 keyifle okuman\u0131z\u0131 umuyoruz. <\/p>\n","protected":false},"excerpt":{"rendered":"<p>Bu kitap, duygusal \u00f6\u011frenme \u00e7a\u011f\u0131ndaki \u00e7ocuklar\u0131n geli\u015fim d\u00fczeyleri g\u00f6z \u00f6n\u00fcnde bulundurularak ve \u00e7ocuklar\u0131n temel din\u00ee bilgileri kolayca ve severek \u00f6\u011frenmelerine yard\u0131mc\u0131 olmak amac\u0131yla haz\u0131rlanm\u0131\u015ft\u0131r. \u00c7ocuklara bu<span class=\"excerpt-hellip\"> [\u2026]<\/span><\/p>\n","protected":false},"featured_media":0,"template":"","meta":{"_monsterinsights_skip_tracking":false,"_monsterinsights_sitenote_active":false,"_monsterinsights_sitenote_note":"","_monsterinsights_sitenote_category":0},"product_brand":[],"product_cat":[12274,18802],"product_tag":[],"class_list":{"0":"post-746414","1":"product","2":"type-product","3":"status-publish","5":"product_cat-cocuk-ve-genclik-kitaplari","6":"product_cat-din-egitimi","7":"pa_cilt-ciltsiz","8":"pa_tur-kitap","9":"pa_yayinevi-cinaralti-yayinlari","10":"pa_yazar-kubra-hulya-arici-sorrentino","12":"first","13":"instock","14":"sale","15":"shipping-taxable","16":"purchasable","17":"product-type-simple"},"_links":{"self":[{"href":"https:\/\/roveyayinevi.com.tr\/index.php\/wp-json\/wp\/v2\/product\/746414","targetHints":{"allow":["GET"]}}],"collection":[{"href":"https:\/\/roveyayinevi.com.tr\/index.php\/wp-json\/wp\/v2\/product"}],"about":[{"href":"https:\/\/roveyayinevi.com.tr\/index.php\/wp-json\/wp\/v2\/types\/product"}],"wp:attachment":[{"href":"https:\/\/roveyayinevi.com.tr\/index.php\/wp-json\/wp\/v2\/media?parent=746414"}],"wp:term":[{"taxonomy":"product_brand","embeddable":true,"href":"https:\/\/roveyayinevi.com.tr\/index.php\/wp-json\/wp\/v2\/product_brand?post=746414"},{"taxonomy":"product_cat","embeddable":true,"href":"https:\/\/roveyayinevi.com.tr\/index.php\/wp-json\/wp\/v2\/product_cat?post=746414"},{"taxonomy":"product_tag","embeddable":true,"href":"https:\/\/roveyayinevi.com.tr\/index.php\/wp-json\/wp\/v2\/product_tag?post=746414"}],"curies":[{"name":"wp","href":"https:\/\/api.w.org\/{rel}","templated":true}]}}