{"id":746413,"date":"2025-08-28T02:41:34","date_gmt":"2025-08-27T23:41:34","guid":{"rendered":"https:\/\/roveyayinevi.com.tr\/index.php\/urun\/dirilis-mustulari\/"},"modified":"2026-04-16T02:58:53","modified_gmt":"2026-04-15T23:58:53","slug":"dirilis-mustulari","status":"publish","type":"product","link":"https:\/\/roveyayinevi.com.tr\/index.php\/urun\/dirilis-mustulari\/","title":{"rendered":"Dirili\u015f Mu\u015ftular\u0131"},"content":{"rendered":"<p>Hak yolunda isen yanl\u0131\u015f olamaz M\u00fcsl\u00fcman haktan uzak duramaz Vahdeti kurarsak d\u00fc\u015fman y\u0131kamaz K\u00fcsk\u00fcnl\u00fckler bitsin birlik olal\u0131m  *** \u0130nsano\u011flu do\u011far ya\u015far ve \u00f6l\u00fcr Ya\u015farken hayattan dersini al\u0131r Kendi \u00f6l\u00fcr gider hat\u0131rda kal\u0131r Ho\u015f \u015feyler b\u0131rakan biri olmal\u0131  *** Kul Dursun\u2019um nasihatim kendime Y\u0131k\u0131l\u0131r kayalar koysam bendime Hesap g\u00fcn\u00fc bak\u0131lm\u0131yor rengime Allah de ey kalbim gerisi yalan ***  Kul Dursun\u2019un \u00f6nce kendine, sonra da dostlar\u0131na hat\u0131rlatmalar\u0131ndan olu\u015fan \u015fiirler ve bu \u015fiirlerin hik\u00e2yelerini i\u00e7eren Dirili\u015f Mu\u015ftular\u0131\u2026 Sevincimize ve mutlulu\u011fumuza vesile olmas\u0131 dile\u011fiyle\u2026 <\/p>\n","protected":false},"excerpt":{"rendered":"<p>Hak yolunda isen yanl\u0131\u015f olamaz M\u00fcsl\u00fcman haktan uzak duramaz Vahdeti kurarsak d\u00fc\u015fman y\u0131kamaz K\u00fcsk\u00fcnl\u00fckler bitsin birlik olal\u0131m *** \u0130nsano\u011flu do\u011far ya\u015far ve \u00f6l\u00fcr Ya\u015farken hayattan dersini<span class=\"excerpt-hellip\"> [\u2026]<\/span><\/p>\n","protected":false},"featured_media":0,"template":"","meta":{"_monsterinsights_skip_tracking":false,"_monsterinsights_sitenote_active":false,"_monsterinsights_sitenote_note":"","_monsterinsights_sitenote_category":0},"product_brand":[],"product_cat":[12291,12509],"product_tag":[],"class_list":{"0":"post-746413","1":"product","2":"type-product","3":"status-publish","5":"product_cat-edebiyat","6":"product_cat-siir","7":"pa_cilt-ciltsiz","8":"pa_tur-kitap","9":"pa_yayinevi-cinaralti-yayinlari","10":"pa_yazar-dursun-mulazimoglu","12":"first","13":"instock","14":"sale","15":"shipping-taxable","16":"purchasable","17":"product-type-simple"},"_links":{"self":[{"href":"https:\/\/roveyayinevi.com.tr\/index.php\/wp-json\/wp\/v2\/product\/746413","targetHints":{"allow":["GET"]}}],"collection":[{"href":"https:\/\/roveyayinevi.com.tr\/index.php\/wp-json\/wp\/v2\/product"}],"about":[{"href":"https:\/\/roveyayinevi.com.tr\/index.php\/wp-json\/wp\/v2\/types\/product"}],"wp:attachment":[{"href":"https:\/\/roveyayinevi.com.tr\/index.php\/wp-json\/wp\/v2\/media?parent=746413"}],"wp:term":[{"taxonomy":"product_brand","embeddable":true,"href":"https:\/\/roveyayinevi.com.tr\/index.php\/wp-json\/wp\/v2\/product_brand?post=746413"},{"taxonomy":"product_cat","embeddable":true,"href":"https:\/\/roveyayinevi.com.tr\/index.php\/wp-json\/wp\/v2\/product_cat?post=746413"},{"taxonomy":"product_tag","embeddable":true,"href":"https:\/\/roveyayinevi.com.tr\/index.php\/wp-json\/wp\/v2\/product_tag?post=746413"}],"curies":[{"name":"wp","href":"https:\/\/api.w.org\/{rel}","templated":true}]}}