{"id":746412,"date":"2025-08-28T02:41:33","date_gmt":"2025-08-27T23:41:33","guid":{"rendered":"https:\/\/roveyayinevi.com.tr\/index.php\/urun\/degerli-bir-sey\/"},"modified":"2026-04-16T02:58:53","modified_gmt":"2026-04-15T23:58:53","slug":"degerli-bir-sey","status":"publish","type":"product","link":"https:\/\/roveyayinevi.com.tr\/index.php\/urun\/degerli-bir-sey\/","title":{"rendered":"De\u011ferli Bir \u015eey"},"content":{"rendered":"<p>Balkanlar\u0131n ard\u0131nda k\u00fc\u00e7\u00fck bir k\u00f6yde ya\u015fayan \u00fc\u00e7 arkada\u015f, ormanda gezinirken ya\u015fl\u0131lar\u0131n anlatt\u0131\u011f\u0131 ve i\u00e7erisinde \u00e7oook de\u011ferli bir \u015fey olan ma\u011fara oldu\u011funu d\u00fc\u015f\u00fcnd\u00fckleri bir delik ke\u015ffederler. Ve macera ba\u015flar. Dostluk ve beraberli\u011fin en de\u011ferli \u015fey oldu\u011funu fark edenlere&#8230; <\/p>\n","protected":false},"excerpt":{"rendered":"<p>Balkanlar\u0131n ard\u0131nda k\u00fc\u00e7\u00fck bir k\u00f6yde ya\u015fayan \u00fc\u00e7 arkada\u015f, ormanda gezinirken ya\u015fl\u0131lar\u0131n anlatt\u0131\u011f\u0131 ve i\u00e7erisinde \u00e7oook de\u011ferli bir \u015fey olan ma\u011fara oldu\u011funu d\u00fc\u015f\u00fcnd\u00fckleri bir delik ke\u015ffederler. Ve<span class=\"excerpt-hellip\"> [\u2026]<\/span><\/p>\n","protected":false},"featured_media":0,"template":"","meta":{"_monsterinsights_skip_tracking":false,"_monsterinsights_sitenote_active":false,"_monsterinsights_sitenote_note":"","_monsterinsights_sitenote_category":0},"product_brand":[],"product_cat":[12274,12284],"product_tag":[],"class_list":{"0":"post-746412","1":"product","2":"type-product","3":"status-publish","5":"product_cat-cocuk-ve-genclik-kitaplari","6":"product_cat-hikayeler","7":"pa_cilt-ciltsiz","8":"pa_tur-kitap","9":"pa_yayinevi-cinaralti-yayinlari","10":"pa_yazar-nursema-turkkan","12":"first","13":"instock","14":"sale","15":"shipping-taxable","16":"purchasable","17":"product-type-simple"},"_links":{"self":[{"href":"https:\/\/roveyayinevi.com.tr\/index.php\/wp-json\/wp\/v2\/product\/746412","targetHints":{"allow":["GET"]}}],"collection":[{"href":"https:\/\/roveyayinevi.com.tr\/index.php\/wp-json\/wp\/v2\/product"}],"about":[{"href":"https:\/\/roveyayinevi.com.tr\/index.php\/wp-json\/wp\/v2\/types\/product"}],"wp:attachment":[{"href":"https:\/\/roveyayinevi.com.tr\/index.php\/wp-json\/wp\/v2\/media?parent=746412"}],"wp:term":[{"taxonomy":"product_brand","embeddable":true,"href":"https:\/\/roveyayinevi.com.tr\/index.php\/wp-json\/wp\/v2\/product_brand?post=746412"},{"taxonomy":"product_cat","embeddable":true,"href":"https:\/\/roveyayinevi.com.tr\/index.php\/wp-json\/wp\/v2\/product_cat?post=746412"},{"taxonomy":"product_tag","embeddable":true,"href":"https:\/\/roveyayinevi.com.tr\/index.php\/wp-json\/wp\/v2\/product_tag?post=746412"}],"curies":[{"name":"wp","href":"https:\/\/api.w.org\/{rel}","templated":true}]}}