{"id":746410,"date":"2025-08-28T02:41:30","date_gmt":"2025-08-27T23:41:30","guid":{"rendered":"https:\/\/roveyayinevi.com.tr\/index.php\/urun\/kamu-personeline-yonelik-disiplin-sorusturmasi-sureci\/"},"modified":"2026-04-16T02:58:53","modified_gmt":"2026-04-15T23:58:53","slug":"kamu-personeline-yonelik-disiplin-sorusturmasi-sureci","status":"publish","type":"product","link":"https:\/\/roveyayinevi.com.tr\/index.php\/urun\/kamu-personeline-yonelik-disiplin-sorusturmasi-sureci\/","title":{"rendered":"Kamu Personeline Y\u00f6nelik Disiplin Soru\u015fturmas\u0131 S\u00fcreci"},"content":{"rendered":"<p>Kamu kurumlar\u0131ndaki personele y\u00f6nelik disiplin soru\u015fturmalar\u0131; s\u00fcre\u00e7 olarak sadece disipline ayk\u0131r\u0131 eylemler ile ilgili ara\u015ft\u0131rma, soru\u015fturma ve bunlar\u0131n kar\u015f\u0131l\u0131\u011f\u0131 olan cezalar\u0131n uygulanmas\u0131ndan ibaret de\u011fildir. Disiplin; daha geni\u015f anlama sahip bir kavram olup \u00e7al\u0131\u015fma ortamlar\u0131n\u0131n d\u00fczenlenmesi, \u00e7al\u0131\u015fanlar\u0131n mali ve sosyal haklar\u0131n\u0131n iyile\u015ftirilmesi, idarenin \u00e7al\u0131\u015fanlara ve dolayl\u0131 olarak topluma kar\u015f\u0131 sosyal sorumlulu\u011funu yerine getirerek insan odakl\u0131 ve kar\u015f\u0131l\u0131kl\u0131 g\u00fcvene dayal\u0131 bir iklim olu\u015fturulmak suretiyle i\u015f veriminin art\u0131r\u0131lmas\u0131 gibi hususlar\u0131 da i\u00e7erir. Disiplin ceza ve tedbirlerinin amac\u0131; ki\u015fiyi cezaland\u0131rmaktan ziyade kamu hizmetinin devaml\u0131l\u0131\u011f\u0131 i\u00e7in ki\u015finin ve di\u011fer \u00e7al\u0131\u015fanlar\u0131n e\u011fitilmesi, cayd\u0131r\u0131lmas\u0131 gibi \u00fcst ama\u00e7lar\u0131 ger\u00e7ekle\u015ftirmektir. \u201cKamu Personeline Y\u00f6nelik Disiplin Soru\u015fturmas\u0131 S\u00fcreci\u201d, bu yakla\u015f\u0131mla ve disiplin soru\u015fturmas\u0131 s\u00fcrecinde kamu personeline, soru\u015fturmac\u0131lara ve disiplin amirlerine rehberlik etmesi amac\u0131yla haz\u0131rlanm\u0131\u015ft\u0131r. <\/p>\n","protected":false},"excerpt":{"rendered":"<p>Kamu kurumlar\u0131ndaki personele y\u00f6nelik disiplin soru\u015fturmalar\u0131; s\u00fcre\u00e7 olarak sadece disipline ayk\u0131r\u0131 eylemler ile ilgili ara\u015ft\u0131rma, soru\u015fturma ve bunlar\u0131n kar\u015f\u0131l\u0131\u011f\u0131 olan cezalar\u0131n uygulanmas\u0131ndan ibaret de\u011fildir. Disiplin; daha<span class=\"excerpt-hellip\"> [\u2026]<\/span><\/p>\n","protected":false},"featured_media":0,"template":"","meta":{"_monsterinsights_skip_tracking":false,"_monsterinsights_sitenote_active":false,"_monsterinsights_sitenote_note":"","_monsterinsights_sitenote_category":0},"product_brand":[],"product_cat":[13043,19008],"product_tag":[],"class_list":{"0":"post-746410","1":"product","2":"type-product","3":"status-publish","5":"product_cat-ekonomi","6":"product_cat-yonetim","7":"pa_cilt-ciltsiz","8":"pa_tur-kitap","9":"pa_yayinevi-cinaralti-yayinlari","10":"pa_yazar-levent-preveze","12":"first","13":"instock","14":"sale","15":"shipping-taxable","16":"purchasable","17":"product-type-simple"},"_links":{"self":[{"href":"https:\/\/roveyayinevi.com.tr\/index.php\/wp-json\/wp\/v2\/product\/746410","targetHints":{"allow":["GET"]}}],"collection":[{"href":"https:\/\/roveyayinevi.com.tr\/index.php\/wp-json\/wp\/v2\/product"}],"about":[{"href":"https:\/\/roveyayinevi.com.tr\/index.php\/wp-json\/wp\/v2\/types\/product"}],"wp:attachment":[{"href":"https:\/\/roveyayinevi.com.tr\/index.php\/wp-json\/wp\/v2\/media?parent=746410"}],"wp:term":[{"taxonomy":"product_brand","embeddable":true,"href":"https:\/\/roveyayinevi.com.tr\/index.php\/wp-json\/wp\/v2\/product_brand?post=746410"},{"taxonomy":"product_cat","embeddable":true,"href":"https:\/\/roveyayinevi.com.tr\/index.php\/wp-json\/wp\/v2\/product_cat?post=746410"},{"taxonomy":"product_tag","embeddable":true,"href":"https:\/\/roveyayinevi.com.tr\/index.php\/wp-json\/wp\/v2\/product_tag?post=746410"}],"curies":[{"name":"wp","href":"https:\/\/api.w.org\/{rel}","templated":true}]}}