{"id":746408,"date":"2025-08-28T02:41:28","date_gmt":"2025-08-27T23:41:28","guid":{"rendered":"https:\/\/roveyayinevi.com.tr\/index.php\/urun\/inatci-ergen-cocugunuza-sinir-koyma\/"},"modified":"2025-10-27T02:23:12","modified_gmt":"2025-10-26T23:23:12","slug":"inatci-ergen-cocugunuza-sinir-koyma","status":"publish","type":"product","link":"https:\/\/roveyayinevi.com.tr\/index.php\/urun\/inatci-ergen-cocugunuza-sinir-koyma\/","title":{"rendered":"\u0130nat\u00e7\u0131 Ergen \u00c7ocu\u011funuza S\u0131n\u0131r Koyma"},"content":{"rendered":"<p>\u0130nat\u00e7\u0131 Ergen \u00c7ocu\u011funuza S\u0131n\u0131r Koyma, ergenlik d\u00f6nemindeki inat\u00e7\u0131 \u00e7ocu\u011funuzu anlamak, kabul edilemez davran\u0131\u015flar\u0131 ve g\u00fc\u00e7 m\u00fccadelelerini durdurmak ve kurallar\u0131n\u0131z\u0131 en a\u00e7\u0131k ve anla\u015f\u0131l\u0131r \u015fekilde \u00f6\u011fretmeniz i\u00e7in ihtiyac\u0131n\u0131z olan bilgiyi ve ara\u00e7lar\u0131 sa\u011flar. Sizi y\u0131pratan ve hi\u00e7bir yere varmayan t\u00fcm etkisiz y\u00f6ntemlere veda edebilirsiniz. Art\u0131k tekrarlamak, hat\u0131rlatmak, ak\u0131l y\u00fcr\u00fctmek, a\u00e7\u0131klamak, tart\u0131\u015fmak, \u00e7eki\u015fmek, ders vermek, tehdit etmek, cezaland\u0131rmak veya kand\u0131rmak yok. A\u00e7\u0131k ve kesin s\u0131n\u0131rlar koymay\u0131, kurallar\u0131n\u0131z\u0131 do\u011fal ve mant\u0131kl\u0131 sonu\u00e7larla desteklemeyi \u00f6\u011frendi\u011finizde, \u00e7ocu\u011funuz da ne demek istedi\u011finizi anlayacakt\u0131r. Bu kitap size bunu nas\u0131l yapaca\u011f\u0131n\u0131z\u0131 g\u00f6sterecek. Y\u00f6ntemler, etkisiz cezaland\u0131rma ve fazla serbest b\u0131rakma u\u00e7lar\u0131na kar\u015f\u0131l\u0131k tazeleyici bir de\u011fi\u015fiklik sunacak. S\u0131n\u0131r koyma y\u00f6ntemleriniz \u00e7ocu\u011funuzun mizac\u0131na ve \u00f6\u011frenme stiline uygun hale geldi\u011finde harika sonu\u00e7lar ortaya \u00e7\u0131kmaya ba\u015flar. \u0130leti\u015fim geli\u015fir. S\u0131n\u0131r testi ve g\u00fc\u00e7 m\u00fccadeleleri azal\u0131r. \u0130\u015fbirli\u011fi ve \u00f6\u011frenme, \u00e7arp\u0131c\u0131 bi\u00e7imde geli\u015fir.<\/p>\n","protected":false},"excerpt":{"rendered":"<p>\u0130nat\u00e7\u0131 Ergen \u00c7ocu\u011funuza S\u0131n\u0131r Koyma, ergenlik d\u00f6nemindeki inat\u00e7\u0131 \u00e7ocu\u011funuzu anlamak, kabul edilemez davran\u0131\u015flar\u0131 ve g\u00fc\u00e7 m\u00fccadelelerini durdurmak ve kurallar\u0131n\u0131z\u0131 en a\u00e7\u0131k ve anla\u015f\u0131l\u0131r \u015fekilde \u00f6\u011fretmeniz i\u00e7in<span class=\"excerpt-hellip\"> [\u2026]<\/span><\/p>\n","protected":false},"featured_media":0,"template":"","meta":{"_monsterinsights_skip_tracking":false,"_monsterinsights_sitenote_active":false,"_monsterinsights_sitenote_note":"","_monsterinsights_sitenote_category":0},"product_brand":[],"product_cat":[12364,12376],"product_tag":[],"class_list":{"0":"post-746408","1":"product","2":"type-product","3":"status-publish","5":"product_cat-genel-konular","6":"product_cat-kisisel-gelisim","7":"pa_cilt-ciltsiz","8":"pa_tur-kitap","9":"pa_yayinevi-yakamoz-yayinevi","10":"pa_yazar-robert-j-mackenzie","12":"first","13":"instock","14":"sale","15":"shipping-taxable","16":"purchasable","17":"product-type-simple"},"_links":{"self":[{"href":"https:\/\/roveyayinevi.com.tr\/index.php\/wp-json\/wp\/v2\/product\/746408","targetHints":{"allow":["GET"]}}],"collection":[{"href":"https:\/\/roveyayinevi.com.tr\/index.php\/wp-json\/wp\/v2\/product"}],"about":[{"href":"https:\/\/roveyayinevi.com.tr\/index.php\/wp-json\/wp\/v2\/types\/product"}],"wp:attachment":[{"href":"https:\/\/roveyayinevi.com.tr\/index.php\/wp-json\/wp\/v2\/media?parent=746408"}],"wp:term":[{"taxonomy":"product_brand","embeddable":true,"href":"https:\/\/roveyayinevi.com.tr\/index.php\/wp-json\/wp\/v2\/product_brand?post=746408"},{"taxonomy":"product_cat","embeddable":true,"href":"https:\/\/roveyayinevi.com.tr\/index.php\/wp-json\/wp\/v2\/product_cat?post=746408"},{"taxonomy":"product_tag","embeddable":true,"href":"https:\/\/roveyayinevi.com.tr\/index.php\/wp-json\/wp\/v2\/product_tag?post=746408"}],"curies":[{"name":"wp","href":"https:\/\/api.w.org\/{rel}","templated":true}]}}