{"id":746407,"date":"2025-08-28T02:41:27","date_gmt":"2025-08-27T23:41:27","guid":{"rendered":"https:\/\/roveyayinevi.com.tr\/index.php\/urun\/bilmeceli-deyim-kartlari\/"},"modified":"2026-04-16T02:58:53","modified_gmt":"2026-04-15T23:58:53","slug":"bilmeceli-deyim-kartlari","status":"publish","type":"product","link":"https:\/\/roveyayinevi.com.tr\/index.php\/urun\/bilmeceli-deyim-kartlari\/","title":{"rendered":"Bilmeceli Deyim Kartlar\u0131"},"content":{"rendered":"<p>Deyimler,ana dilin en b\u00fcy\u00fck zenginlikleridir.Anlat\u0131m\u0131 etkileyici k\u0131lmak i\u00e7in en g\u00fc\u00e7l\u00fc dil unsurlar\u0131d\u0131r.\u00c7ocuklar\u0131n d\u00fcnyas\u0131na deyimleri katman\u0131n e\u011flenceli yolu g\u00f6rsel okumalar ve bilmecelerdir. Bilmeceli deyim kartlar\u0131, oyunla keyifli bir \u015fekilde deyimleri \u00f6\u011frenmeyi sa\u011flamaktad\u0131r.En \u00e7ok deyimi bulan ve en \u00e7ok puan\u0131 toplayan kazan\u0131r.<\/p>\n","protected":false},"excerpt":{"rendered":"<p>Deyimler,ana dilin en b\u00fcy\u00fck zenginlikleridir.Anlat\u0131m\u0131 etkileyici k\u0131lmak i\u00e7in en g\u00fc\u00e7l\u00fc dil unsurlar\u0131d\u0131r.\u00c7ocuklar\u0131n d\u00fcnyas\u0131na deyimleri katman\u0131n e\u011flenceli yolu g\u00f6rsel okumalar ve bilmecelerdir. Bilmeceli deyim kartlar\u0131, oyunla keyifli<span class=\"excerpt-hellip\"> [\u2026]<\/span><\/p>\n","protected":false},"featured_media":0,"template":"","meta":{"_monsterinsights_skip_tracking":false,"_monsterinsights_sitenote_active":false,"_monsterinsights_sitenote_note":"","_monsterinsights_sitenote_category":0},"product_brand":[],"product_cat":[12274,12631],"product_tag":[],"class_list":{"0":"post-746407","1":"product","2":"type-product","3":"status-publish","5":"product_cat-cocuk-ve-genclik-kitaplari","6":"product_cat-diger-cocuk-ve-genclik-kitaplari","7":"pa_cilt-ciltsiz","8":"pa_tur-kitap10","9":"pa_yayinevi-yagmur-cocuk-yayinlari","10":"pa_yazar-fatma-pesemen-dirican","12":"first","13":"instock","14":"sale","15":"shipping-taxable","16":"purchasable","17":"product-type-simple"},"_links":{"self":[{"href":"https:\/\/roveyayinevi.com.tr\/index.php\/wp-json\/wp\/v2\/product\/746407","targetHints":{"allow":["GET"]}}],"collection":[{"href":"https:\/\/roveyayinevi.com.tr\/index.php\/wp-json\/wp\/v2\/product"}],"about":[{"href":"https:\/\/roveyayinevi.com.tr\/index.php\/wp-json\/wp\/v2\/types\/product"}],"wp:attachment":[{"href":"https:\/\/roveyayinevi.com.tr\/index.php\/wp-json\/wp\/v2\/media?parent=746407"}],"wp:term":[{"taxonomy":"product_brand","embeddable":true,"href":"https:\/\/roveyayinevi.com.tr\/index.php\/wp-json\/wp\/v2\/product_brand?post=746407"},{"taxonomy":"product_cat","embeddable":true,"href":"https:\/\/roveyayinevi.com.tr\/index.php\/wp-json\/wp\/v2\/product_cat?post=746407"},{"taxonomy":"product_tag","embeddable":true,"href":"https:\/\/roveyayinevi.com.tr\/index.php\/wp-json\/wp\/v2\/product_tag?post=746407"}],"curies":[{"name":"wp","href":"https:\/\/api.w.org\/{rel}","templated":true}]}}