{"id":746406,"date":"2025-08-28T02:41:26","date_gmt":"2025-08-27T23:41:26","guid":{"rendered":"https:\/\/roveyayinevi.com.tr\/index.php\/urun\/dilli-dudukle-eglenceli-bilmeceler\/"},"modified":"2026-04-16T02:58:53","modified_gmt":"2026-04-15T23:58:53","slug":"dilli-dudukle-eglenceli-bilmeceler","status":"publish","type":"product","link":"https:\/\/roveyayinevi.com.tr\/index.php\/urun\/dilli-dudukle-eglenceli-bilmeceler\/","title":{"rendered":"Dilli D\u00fcd\u00fck&#8217;le E\u011flenceli Bilmeceler"},"content":{"rendered":"<p>Bilmeceler, \u00e7ocuklar\u0131n dil becerilerinin geli\u015ftirir.Duygu ve hayal d\u00fcnyalar\u0131n\u0131 zenginle\u015ftirir. Problem \u00e7\u00f6zme becerisi kazand\u0131r\u0131r.S\u00f6zc\u00fck da\u011farc\u0131\u011f\u0131n\u0131 artt\u0131r\u0131r.Bu kartlardaki bilmecelerin yan\u0131tlar\u0131, ses uyumu dikkate al\u0131narak dizelerin sonunda verilmi\u015ftir. Bu kartlar, \u00e7ocuklar\u0131n etkili dil \u00e7al\u0131\u015fmas\u0131 yapmas\u0131n\u0131 da sa\u011flamaktad\u0131r.Ayn\u0131 zamanda grup etkinli\u011fi olarak e\u011flenceli bir oyundur. En \u00e7ok puan\u0131 toplayan oyunu kazan\u0131r.Haydi, hem \u00f6\u011fren hem e\u011flen!<\/p>\n","protected":false},"excerpt":{"rendered":"<p>Bilmeceler, \u00e7ocuklar\u0131n dil becerilerinin geli\u015ftirir.Duygu ve hayal d\u00fcnyalar\u0131n\u0131 zenginle\u015ftirir. Problem \u00e7\u00f6zme becerisi kazand\u0131r\u0131r.S\u00f6zc\u00fck da\u011farc\u0131\u011f\u0131n\u0131 artt\u0131r\u0131r.Bu kartlardaki bilmecelerin yan\u0131tlar\u0131, ses uyumu dikkate al\u0131narak dizelerin sonunda verilmi\u015ftir. Bu<span class=\"excerpt-hellip\"> [\u2026]<\/span><\/p>\n","protected":false},"featured_media":0,"template":"","meta":{"_monsterinsights_skip_tracking":false,"_monsterinsights_sitenote_active":false,"_monsterinsights_sitenote_note":"","_monsterinsights_sitenote_category":0},"product_brand":[],"product_cat":[12492,12274],"product_tag":[],"class_list":{"0":"post-746406","1":"product","2":"type-product","3":"status-publish","5":"product_cat-bilmece-bulmaca","6":"product_cat-cocuk-ve-genclik-kitaplari","7":"pa_cilt-ciltsiz","8":"pa_tur-kitap10","9":"pa_yayinevi-yagmur-cocuk-yayinlari","10":"pa_yazar-fatma-pesemen-dirican","12":"first","13":"instock","14":"sale","15":"shipping-taxable","16":"purchasable","17":"product-type-simple"},"_links":{"self":[{"href":"https:\/\/roveyayinevi.com.tr\/index.php\/wp-json\/wp\/v2\/product\/746406","targetHints":{"allow":["GET"]}}],"collection":[{"href":"https:\/\/roveyayinevi.com.tr\/index.php\/wp-json\/wp\/v2\/product"}],"about":[{"href":"https:\/\/roveyayinevi.com.tr\/index.php\/wp-json\/wp\/v2\/types\/product"}],"wp:attachment":[{"href":"https:\/\/roveyayinevi.com.tr\/index.php\/wp-json\/wp\/v2\/media?parent=746406"}],"wp:term":[{"taxonomy":"product_brand","embeddable":true,"href":"https:\/\/roveyayinevi.com.tr\/index.php\/wp-json\/wp\/v2\/product_brand?post=746406"},{"taxonomy":"product_cat","embeddable":true,"href":"https:\/\/roveyayinevi.com.tr\/index.php\/wp-json\/wp\/v2\/product_cat?post=746406"},{"taxonomy":"product_tag","embeddable":true,"href":"https:\/\/roveyayinevi.com.tr\/index.php\/wp-json\/wp\/v2\/product_tag?post=746406"}],"curies":[{"name":"wp","href":"https:\/\/api.w.org\/{rel}","templated":true}]}}