{"id":746404,"date":"2025-08-28T02:41:23","date_gmt":"2025-08-27T23:41:23","guid":{"rendered":"https:\/\/roveyayinevi.com.tr\/index.php\/urun\/dersimiz-fatiha\/"},"modified":"2026-04-16T02:58:53","modified_gmt":"2026-04-15T23:58:53","slug":"dersimiz-fatiha","status":"publish","type":"product","link":"https:\/\/roveyayinevi.com.tr\/index.php\/urun\/dersimiz-fatiha\/","title":{"rendered":"Dersimiz Fatiha"},"content":{"rendered":"<p>A\u015f\u0131r\u0131 derece zeki ama bir o kadar da yaramaz \u0130dris Takac\u0131 ve kankas\u0131 Tacettin Taci, cimcime S\u0131n\u0131f Ba\u015fkan\u0131 Safinur Tazenane, her yere alt\u0131n kalpli papatya resimleri \u00e7izen lepiska sa\u00e7l\u0131 Mahpeyker \u00c7\u0131t\u0131rak, haks\u0131zl\u0131\u011fa hi\u00e7 gelemeyen g\u00f6z\u00fc kara Cemile M\u00fcrd\u00fcm ile s\u0131ra arkada\u015f\u0131 Nefise G\u00fcg\u00fcm, ismi soruldu\u011funda r\u00fczgarda bir \u00e7i\u00e7ek gibi titreyen zerafet abidesi Ay\u015fe Melek, pek merakl\u0131 Osman Terazi ve \u00e7ok acayip s\u0131rad\u0131\u015f\u0131 bir \u00f6\u011fretmen Halis Muhlis! Hepsi ve daha fazlas\u0131 \u00dcmm\u00fc\u015f P\u00f6rtlek Ortaokulu 5-A s\u0131n\u0131f\u0131nda!   \u2013 G\u00fcn do\u011fumunu ne\u015feli \u015fark\u0131larla kar\u015f\u0131lamalar\u0131 gibi ku\u015flar\u0131n; m\u00fcminler de y\u0131ld\u0131zlar, \u00e7i\u00e7ekler ve ikisi aras\u0131na c\u00f6mert\u00e7e sa\u00e7\u0131lm\u0131\u015f hadsiz ve hesaps\u0131z g\u00fczellikler i\u00e7in, \u201celhamd\u00fclillahi rabbil\u00e2lemin\u201d derler. \u201c\u00c2lemlerin Rabbi olan Allah\u2019a hamd olsun&#8230;\u201d \u2013 Amin! \u2013 Amin i\u00e7in daha erken de\u011fil mi Tacettin? Daha Fatiha\u2019n\u0131n ba\u015f\u0131nday\u0131z. \u2013 Sonunda da s\u00f6yleriz \u00f6\u011fretmenim. <\/p>\n","protected":false},"excerpt":{"rendered":"<p>A\u015f\u0131r\u0131 derece zeki ama bir o kadar da yaramaz \u0130dris Takac\u0131 ve kankas\u0131 Tacettin Taci, cimcime S\u0131n\u0131f Ba\u015fkan\u0131 Safinur Tazenane, her yere alt\u0131n kalpli papatya resimleri<span class=\"excerpt-hellip\"> [\u2026]<\/span><\/p>\n","protected":false},"featured_media":0,"template":"","meta":{"_monsterinsights_skip_tracking":false,"_monsterinsights_sitenote_active":false,"_monsterinsights_sitenote_note":"","_monsterinsights_sitenote_category":0},"product_brand":[],"product_cat":[12274,12518],"product_tag":[],"class_list":{"0":"post-746404","1":"product","2":"type-product","3":"status-publish","5":"product_cat-cocuk-ve-genclik-kitaplari","6":"product_cat-okul-oncesi-kitaplar","7":"pa_cilt-ciltsiz","8":"pa_tur-kitap","9":"pa_yayinevi-ugurbocegi-yayinlari","10":"pa_yazar-ozkan-oze","12":"first","13":"instock","14":"sale","15":"shipping-taxable","16":"purchasable","17":"product-type-simple"},"_links":{"self":[{"href":"https:\/\/roveyayinevi.com.tr\/index.php\/wp-json\/wp\/v2\/product\/746404","targetHints":{"allow":["GET"]}}],"collection":[{"href":"https:\/\/roveyayinevi.com.tr\/index.php\/wp-json\/wp\/v2\/product"}],"about":[{"href":"https:\/\/roveyayinevi.com.tr\/index.php\/wp-json\/wp\/v2\/types\/product"}],"wp:attachment":[{"href":"https:\/\/roveyayinevi.com.tr\/index.php\/wp-json\/wp\/v2\/media?parent=746404"}],"wp:term":[{"taxonomy":"product_brand","embeddable":true,"href":"https:\/\/roveyayinevi.com.tr\/index.php\/wp-json\/wp\/v2\/product_brand?post=746404"},{"taxonomy":"product_cat","embeddable":true,"href":"https:\/\/roveyayinevi.com.tr\/index.php\/wp-json\/wp\/v2\/product_cat?post=746404"},{"taxonomy":"product_tag","embeddable":true,"href":"https:\/\/roveyayinevi.com.tr\/index.php\/wp-json\/wp\/v2\/product_tag?post=746404"}],"curies":[{"name":"wp","href":"https:\/\/api.w.org\/{rel}","templated":true}]}}