{"id":746403,"date":"2025-08-28T02:41:22","date_gmt":"2025-08-27T23:41:22","guid":{"rendered":"https:\/\/roveyayinevi.com.tr\/index.php\/urun\/voleybolda-oz-yeterlik-pskolojik-iyi-olus-tukenmislik-ve-basari-iliskisi\/"},"modified":"2026-04-16T02:58:53","modified_gmt":"2026-04-15T23:58:53","slug":"voleybolda-oz-yeterlik-pskolojik-iyi-olus-tukenmislik-ve-basari-iliskisi","status":"publish","type":"product","link":"https:\/\/roveyayinevi.com.tr\/index.php\/urun\/voleybolda-oz-yeterlik-pskolojik-iyi-olus-tukenmislik-ve-basari-iliskisi\/","title":{"rendered":"Voleybolda \u00d6z Yeterlik Pskolojik \u0130yi Olu\u015f T\u00fckenmi\u015flik ve Ba\u015far\u0131 \u0130li\u015fkisi"},"content":{"rendered":"<p>\u00b7         G\u0130R\u0130\u015e \u00b7         KAVRAMSAL \u00c7ER\u00c7EVE \u00b7         MATERYAL VE Y\u00d6NTEM \u00b7         BULGULAR \u00b7         TARTI\u015eMA \u00b7         SONU\u00c7 \u00b7         \u00d6NER\u0130LER \u00b7         KAYNAK\u00c7A <\/p>\n","protected":false},"excerpt":{"rendered":"<p>\u00b7 G\u0130R\u0130\u015e \u00b7 KAVRAMSAL \u00c7ER\u00c7EVE \u00b7 MATERYAL VE Y\u00d6NTEM \u00b7 BULGULAR \u00b7 TARTI\u015eMA \u00b7 SONU\u00c7 \u00b7 \u00d6NER\u0130LER \u00b7 KAYNAK\u00c7A<\/p>\n","protected":false},"featured_media":0,"template":"","meta":{"_monsterinsights_skip_tracking":false,"_monsterinsights_sitenote_active":false,"_monsterinsights_sitenote_note":"","_monsterinsights_sitenote_category":0},"product_brand":[],"product_cat":[15563,15564],"product_tag":[],"class_list":{"0":"post-746403","1":"product","2":"type-product","3":"status-publish","5":"product_cat-hobi","6":"product_cat-spor","7":"pa_cilt-ciltsiz","8":"pa_tur-kitap","9":"pa_yayinevi-gazi-kitabevi","10":"pa_yazar-selin-simsek","12":"first","13":"instock","14":"sale","15":"shipping-taxable","16":"purchasable","17":"product-type-simple"},"_links":{"self":[{"href":"https:\/\/roveyayinevi.com.tr\/index.php\/wp-json\/wp\/v2\/product\/746403","targetHints":{"allow":["GET"]}}],"collection":[{"href":"https:\/\/roveyayinevi.com.tr\/index.php\/wp-json\/wp\/v2\/product"}],"about":[{"href":"https:\/\/roveyayinevi.com.tr\/index.php\/wp-json\/wp\/v2\/types\/product"}],"wp:attachment":[{"href":"https:\/\/roveyayinevi.com.tr\/index.php\/wp-json\/wp\/v2\/media?parent=746403"}],"wp:term":[{"taxonomy":"product_brand","embeddable":true,"href":"https:\/\/roveyayinevi.com.tr\/index.php\/wp-json\/wp\/v2\/product_brand?post=746403"},{"taxonomy":"product_cat","embeddable":true,"href":"https:\/\/roveyayinevi.com.tr\/index.php\/wp-json\/wp\/v2\/product_cat?post=746403"},{"taxonomy":"product_tag","embeddable":true,"href":"https:\/\/roveyayinevi.com.tr\/index.php\/wp-json\/wp\/v2\/product_tag?post=746403"}],"curies":[{"name":"wp","href":"https:\/\/api.w.org\/{rel}","templated":true}]}}